{"id":19599,"date":"2024-10-11T16:34:49","date_gmt":"2024-10-11T14:34:49","guid":{"rendered":"https:\/\/greenkingdom.ch\/product\/pax-mini-onyx\/"},"modified":"2024-10-11T16:34:49","modified_gmt":"2024-10-11T14:34:49","slug":"pax-mini-onyx","status":"publish","type":"product","link":"https:\/\/greenkingdom.ch\/de\/produkt\/pax-mini-onyx\/","title":{"rendered":"PAX Mini Onyx"},"content":{"rendered":"<p>Die Pax Mini ist das bisher kleinste Modell der PAX-Reihe und bietet ein erstklassiges Dampferlebnis, wohin Sie auch gehen. **SCHNELL UND EINFACH ZU BEDIENEN** &#8211;<br \/>\n Einfache Aktivierung auf Knopfdruck, ohne dass komplexe Einstellungen erforderlich sind. Von der Bl\u00fcte zum Verdampfen in 22 Sekunden, mit einer Akkulaufzeit von \u00fcber 2 Stunden mit einer einzigen Ladung. **HOCHWERTIGE SITZUNGEN**<br \/>\n &#8211; Pr\u00e4zise Erw\u00e4rmung, die den nat\u00fcrlichen Geschmack Ihrer Bl\u00fcten nicht ver\u00e4ndert, f\u00fcr reinen Geschmack und ein reiches Aroma. Genie\u00dfe die vollen Vorteile Deiner Pflanzen, ohne die Unannehmlichkeiten von l\u00e4stigem Rauch. **LEICHT ZU REINIGEN** &#8211; Entwickelt f\u00fcr<br \/>\n eine einfache Reinigung, mit einer Spr\u00fchkammer, die f\u00fcr einzelne Sitzungen und eine schnelle Reinigung geeignet ist. Das 3D-Spr\u00fchsieb l\u00e4sst sich f\u00fcr eine vollst\u00e4ndige Wartung leicht entfernen. **LANGLEBIG &amp; DISKRET**<br \/>\n &#8211; Kompakt und diskret, verf\u00fcgt dieser Vaporizer im Taschenformat \u00fcber einen magnetischen Deckel, um Ihren Vorrat sicher zu sch\u00fctzen. Nehmen Sie es \u00fcberall hin mit und erhalten Sie eine zweij\u00e4hrige Herstellergarantie. **Packungsinhalt :**<br \/>\n&#8211; Pax Mini<br \/>\n &#8211; Flache und erhabene<br \/>\n Spitzen &#8211; Spr\u00fchkammerabdeckung<br \/>\n &#8211; Wartungskit<br \/>\n &#8211; EAN-Ladekabel: 840005601167<\/p>\n","protected":false},"excerpt":{"rendered":"<p>Die Pax Mini ist das bisher kleinste Modell der PAX-Reihe und bietet ein erstklassiges Dampferlebnis, wohin Sie auch gehen. **SCHNELL UND EINFACH ZU BEDIENEN** &#8211; Einfache Aktivierung auf Knopfdruck, ohne dass komplexe Einstellungen erforderlich sind. Von der Bl\u00fcte zum Verdampfen in 22 Sekunden, mit einer Akkulaufzeit von \u00fcber 2 Stunden mit einer einzigen Ladung. **HOCHWERTIGE [&hellip;]<\/p>\n","protected":false},"featured_media":3801,"comment_status":"open","ping_status":"closed","template":"","meta":{"_seopress_robots_primary_cat":"","_seopress_titles_title":"","_seopress_titles_desc":"","_seopress_robots_index":""},"product_brand":[],"product_cat":[673],"product_tag":[],"class_list":{"0":"post-19599","1":"product","2":"type-product","3":"status-publish","4":"has-post-thumbnail","6":"product_cat-geraete","9":"instock","10":"taxable","11":"shipping-taxable","12":"purchasable","13":"product-type-simple","14":"product-grid-view"},"_links":{"self":[{"href":"https:\/\/greenkingdom.ch\/de\/wp-json\/wp\/v2\/product\/19599","targetHints":{"allow":["GET"]}}],"collection":[{"href":"https:\/\/greenkingdom.ch\/de\/wp-json\/wp\/v2\/product"}],"about":[{"href":"https:\/\/greenkingdom.ch\/de\/wp-json\/wp\/v2\/types\/product"}],"replies":[{"embeddable":true,"href":"https:\/\/greenkingdom.ch\/de\/wp-json\/wp\/v2\/comments?post=19599"}],"version-history":[{"count":0,"href":"https:\/\/greenkingdom.ch\/de\/wp-json\/wp\/v2\/product\/19599\/revisions"}],"wp:featuredmedia":[{"embeddable":true,"href":"https:\/\/greenkingdom.ch\/de\/wp-json\/wp\/v2\/media\/3801"}],"wp:attachment":[{"href":"https:\/\/greenkingdom.ch\/de\/wp-json\/wp\/v2\/media?parent=19599"}],"wp:term":[{"taxonomy":"product_brand","embeddable":true,"href":"https:\/\/greenkingdom.ch\/de\/wp-json\/wp\/v2\/product_brand?post=19599"},{"taxonomy":"product_cat","embeddable":true,"href":"https:\/\/greenkingdom.ch\/de\/wp-json\/wp\/v2\/product_cat?post=19599"},{"taxonomy":"product_tag","embeddable":true,"href":"https:\/\/greenkingdom.ch\/de\/wp-json\/wp\/v2\/product_tag?post=19599"}],"curies":[{"name":"wp","href":"https:\/\/api.w.org\/{rel}","templated":true}]}}