{"id":19606,"date":"2024-10-11T16:34:50","date_gmt":"2024-10-11T14:34:50","guid":{"rendered":"https:\/\/greenkingdom.ch\/product\/davinci-miqro-graphit-grau-explorer-bausatz\/"},"modified":"2024-10-11T16:34:50","modified_gmt":"2024-10-11T14:34:50","slug":"davinci-miqro-graphit-grau-explorer-bausatz","status":"publish","type":"product","link":"https:\/\/greenkingdom.ch\/de\/produkt\/davinci-miqro-graphit-grau-explorer-bausatz\/","title":{"rendered":"Davinci Miqro Graphit (Grau) Explorer Bausatz"},"content":{"rendered":"<p>Lernen Sie den DaVinci MIQRO kennen, einen innovativen und stilvollen tragbaren Vaporizer, der perfekt zu Ihrem Lebensstil passt. Er ist kompakter als seine Vorg\u00e4nger und bietet einen verstellbaren Ofen f\u00fcr ein personalisiertes und stilvolles Dampferlebnis. Auf der Suche nach ultimativer Reinheit? Der MIQRO ist mit einem Zirkonium-Keramik-Dampfweg und einem Mundst\u00fcck f\u00fcr authentische Aromen und un\u00fcbertroffenen Reinheitsdampf ausgestattet. Entdecken Sie die fortschrittlichen Steuerungsfunktionen von MIQRO, vom SMART PATHS-Modus bis zur Feinabstimmung der Temperatur, f\u00fcr ein jedes Mal ma\u00dfgeschneidertes Erlebnis. Optimiere Deine Vaping-Sessions, indem Du mit der verstellbaren Ofenperle des MIQRO weniger Kr\u00e4uter verwendest, f\u00fcr ein intensives Erlebnis bei jedem Zug. Genie\u00dfen Sie ein perfekt dosiertes Erlebnis mit der DaVinci MIQRO Explorers Edition, die mit einer Vielzahl praktischer Zubeh\u00f6rteile f\u00fcr eine optimale Nutzung geliefert wird. Erleben Sie jeden Moment in vollen Z\u00fcgen mit MIQRO an Ihrer Seite! <\/p>\n","protected":false},"excerpt":{"rendered":"<p>Lernen Sie den DaVinci MIQRO kennen, einen innovativen und stilvollen tragbaren Vaporizer, der perfekt zu Ihrem Lebensstil passt. Er ist kompakter als seine Vorg\u00e4nger und bietet einen verstellbaren Ofen f\u00fcr ein personalisiertes und stilvolles Dampferlebnis. Auf der Suche nach ultimativer Reinheit? Der MIQRO ist mit einem Zirkonium-Keramik-Dampfweg und einem Mundst\u00fcck f\u00fcr authentische Aromen und un\u00fcbertroffenen [&hellip;]<\/p>\n","protected":false},"featured_media":3853,"comment_status":"open","ping_status":"closed","template":"","meta":{"_seopress_robots_primary_cat":"","_seopress_titles_title":"","_seopress_titles_desc":"","_seopress_robots_index":""},"product_brand":[],"product_cat":[673],"product_tag":[],"class_list":{"0":"post-19606","1":"product","2":"type-product","3":"status-publish","4":"has-post-thumbnail","6":"product_cat-geraete","9":"instock","10":"taxable","11":"shipping-taxable","12":"purchasable","13":"product-type-simple","14":"product-grid-view"},"_links":{"self":[{"href":"https:\/\/greenkingdom.ch\/de\/wp-json\/wp\/v2\/product\/19606","targetHints":{"allow":["GET"]}}],"collection":[{"href":"https:\/\/greenkingdom.ch\/de\/wp-json\/wp\/v2\/product"}],"about":[{"href":"https:\/\/greenkingdom.ch\/de\/wp-json\/wp\/v2\/types\/product"}],"replies":[{"embeddable":true,"href":"https:\/\/greenkingdom.ch\/de\/wp-json\/wp\/v2\/comments?post=19606"}],"version-history":[{"count":0,"href":"https:\/\/greenkingdom.ch\/de\/wp-json\/wp\/v2\/product\/19606\/revisions"}],"wp:featuredmedia":[{"embeddable":true,"href":"https:\/\/greenkingdom.ch\/de\/wp-json\/wp\/v2\/media\/3853"}],"wp:attachment":[{"href":"https:\/\/greenkingdom.ch\/de\/wp-json\/wp\/v2\/media?parent=19606"}],"wp:term":[{"taxonomy":"product_brand","embeddable":true,"href":"https:\/\/greenkingdom.ch\/de\/wp-json\/wp\/v2\/product_brand?post=19606"},{"taxonomy":"product_cat","embeddable":true,"href":"https:\/\/greenkingdom.ch\/de\/wp-json\/wp\/v2\/product_cat?post=19606"},{"taxonomy":"product_tag","embeddable":true,"href":"https:\/\/greenkingdom.ch\/de\/wp-json\/wp\/v2\/product_tag?post=19606"}],"curies":[{"name":"wp","href":"https:\/\/api.w.org\/{rel}","templated":true}]}}