{"id":19615,"date":"2024-10-11T16:34:50","date_gmt":"2024-10-11T14:34:50","guid":{"rendered":"https:\/\/greenkingdom.ch\/product\/arizer-argo\/"},"modified":"2024-10-11T16:34:50","modified_gmt":"2024-10-11T14:34:50","slug":"arizer-argo","status":"publish","type":"product","link":"https:\/\/greenkingdom.ch\/de\/produkt\/arizer-argo\/","title":{"rendered":"Arizer ArGo"},"content":{"rendered":"<p>Lernen Sie den brandneuen ArGo Vaporizer von Arizer kennen, perfekt f\u00fcr unterwegs! Seine kompakte Gr\u00f6\u00dfe und Diskretion machen ihn zu einem idealen Begleiter. Profitieren Sie von der schnellen Aufw\u00e4rmzeit, dem Glasmundst\u00fcck und der Hybrid-Heiztechnologie. Der ArGo ist der kleinste Vaporizer von Arizer und vereint Leistung und Funktionalit\u00e4t in einem schlanken Design. Dieses Ger\u00e4t ist einfach zu bedienen und zuverl\u00e4ssig und bietet Ihnen ein ma\u00dfgeschneidertes Erlebnis. Der ArGo wird mit verschiedenem Zubeh\u00f6r geliefert und wird mit einer zweij\u00e4hrigen Garantie geliefert. EAN: 628078800829.      <\/p>\n","protected":false},"excerpt":{"rendered":"<p>Lernen Sie den brandneuen ArGo Vaporizer von Arizer kennen, perfekt f\u00fcr unterwegs! Seine kompakte Gr\u00f6\u00dfe und Diskretion machen ihn zu einem idealen Begleiter. Profitieren Sie von der schnellen Aufw\u00e4rmzeit, dem Glasmundst\u00fcck und der Hybrid-Heiztechnologie. Der ArGo ist der kleinste Vaporizer von Arizer und vereint Leistung und Funktionalit\u00e4t in einem schlanken Design. Dieses Ger\u00e4t ist einfach [&hellip;]<\/p>\n","protected":false},"featured_media":7567,"comment_status":"open","ping_status":"closed","template":"","meta":{"_seopress_robots_primary_cat":"","_seopress_titles_title":"","_seopress_titles_desc":"","_seopress_robots_index":""},"product_brand":[],"product_cat":[673],"product_tag":[],"class_list":{"0":"post-19615","1":"product","2":"type-product","3":"status-publish","4":"has-post-thumbnail","6":"product_cat-geraete","9":"instock","10":"taxable","11":"shipping-taxable","12":"purchasable","13":"product-type-simple","14":"product-grid-view"},"_links":{"self":[{"href":"https:\/\/greenkingdom.ch\/de\/wp-json\/wp\/v2\/product\/19615","targetHints":{"allow":["GET"]}}],"collection":[{"href":"https:\/\/greenkingdom.ch\/de\/wp-json\/wp\/v2\/product"}],"about":[{"href":"https:\/\/greenkingdom.ch\/de\/wp-json\/wp\/v2\/types\/product"}],"replies":[{"embeddable":true,"href":"https:\/\/greenkingdom.ch\/de\/wp-json\/wp\/v2\/comments?post=19615"}],"version-history":[{"count":0,"href":"https:\/\/greenkingdom.ch\/de\/wp-json\/wp\/v2\/product\/19615\/revisions"}],"wp:featuredmedia":[{"embeddable":true,"href":"https:\/\/greenkingdom.ch\/de\/wp-json\/wp\/v2\/media\/7567"}],"wp:attachment":[{"href":"https:\/\/greenkingdom.ch\/de\/wp-json\/wp\/v2\/media?parent=19615"}],"wp:term":[{"taxonomy":"product_brand","embeddable":true,"href":"https:\/\/greenkingdom.ch\/de\/wp-json\/wp\/v2\/product_brand?post=19615"},{"taxonomy":"product_cat","embeddable":true,"href":"https:\/\/greenkingdom.ch\/de\/wp-json\/wp\/v2\/product_cat?post=19615"},{"taxonomy":"product_tag","embeddable":true,"href":"https:\/\/greenkingdom.ch\/de\/wp-json\/wp\/v2\/product_tag?post=19615"}],"curies":[{"name":"wp","href":"https:\/\/api.w.org\/{rel}","templated":true}]}}