{"id":19626,"date":"2024-10-11T16:34:51","date_gmt":"2024-10-11T14:34:51","guid":{"rendered":"https:\/\/greenkingdom.ch\/product\/smoking-gold-kingsize-box\/"},"modified":"2024-10-11T16:34:51","modified_gmt":"2024-10-11T14:34:51","slug":"smoking-gold-kingsize-box","status":"publish","type":"product","link":"https:\/\/greenkingdom.ch\/de\/produkt\/smoking-gold-kingsize-box\/","title":{"rendered":"Smoking Gold Kingsize Box"},"content":{"rendered":"<p>Entdecken Sie das Tuxedo Gold Kingsize Slim, ein schmales und elegantes Papier mit einem d\u00fcnnen Reispapier und Gummikleber auf Arabicumbasis. Mit einer L\u00e4nge von 109 mm und einer Breite von 44 mm enth\u00e4lt diese Packung 33 Artikel. 50 Packs Smoking Gold ist das erste lange Papier im schlanken Kingsize-Format von Smoking, mit einer schmaleren Klebelinie als die rote oder blaue Version. EAN: 8414775011048   <\/p>\n","protected":false},"excerpt":{"rendered":"<p>Entdecken Sie das Tuxedo Gold Kingsize Slim, ein schmales und elegantes Papier mit einem d\u00fcnnen Reispapier und Gummikleber auf Arabicumbasis. Mit einer L\u00e4nge von 109 mm und einer Breite von 44 mm enth\u00e4lt diese Packung 33 Artikel. 50 Packs Smoking Gold ist das erste lange Papier im schlanken Kingsize-Format von Smoking, mit einer schmaleren Klebelinie [&hellip;]<\/p>\n","protected":false},"featured_media":7642,"comment_status":"open","ping_status":"closed","template":"","meta":{"_seopress_robots_primary_cat":"","_seopress_titles_title":"","_seopress_titles_desc":"","_seopress_robots_index":""},"product_brand":[],"product_cat":[655],"product_tag":[],"class_list":{"0":"post-19626","1":"product","2":"type-product","3":"status-publish","4":"has-post-thumbnail","6":"product_cat-zigarettenpapier","9":"instock","10":"taxable","11":"shipping-taxable","12":"purchasable","13":"product-type-simple","14":"product-grid-view"},"_links":{"self":[{"href":"https:\/\/greenkingdom.ch\/de\/wp-json\/wp\/v2\/product\/19626","targetHints":{"allow":["GET"]}}],"collection":[{"href":"https:\/\/greenkingdom.ch\/de\/wp-json\/wp\/v2\/product"}],"about":[{"href":"https:\/\/greenkingdom.ch\/de\/wp-json\/wp\/v2\/types\/product"}],"replies":[{"embeddable":true,"href":"https:\/\/greenkingdom.ch\/de\/wp-json\/wp\/v2\/comments?post=19626"}],"version-history":[{"count":0,"href":"https:\/\/greenkingdom.ch\/de\/wp-json\/wp\/v2\/product\/19626\/revisions"}],"wp:featuredmedia":[{"embeddable":true,"href":"https:\/\/greenkingdom.ch\/de\/wp-json\/wp\/v2\/media\/7642"}],"wp:attachment":[{"href":"https:\/\/greenkingdom.ch\/de\/wp-json\/wp\/v2\/media?parent=19626"}],"wp:term":[{"taxonomy":"product_brand","embeddable":true,"href":"https:\/\/greenkingdom.ch\/de\/wp-json\/wp\/v2\/product_brand?post=19626"},{"taxonomy":"product_cat","embeddable":true,"href":"https:\/\/greenkingdom.ch\/de\/wp-json\/wp\/v2\/product_cat?post=19626"},{"taxonomy":"product_tag","embeddable":true,"href":"https:\/\/greenkingdom.ch\/de\/wp-json\/wp\/v2\/product_tag?post=19626"}],"curies":[{"name":"wp","href":"https:\/\/api.w.org\/{rel}","templated":true}]}}