{"id":19629,"date":"2024-10-11T16:34:51","date_gmt":"2024-10-11T14:34:51","guid":{"rendered":"https:\/\/greenkingdom.ch\/product\/storz-und-bickel-dosierkapsel-fuellset\/"},"modified":"2024-10-11T16:34:51","modified_gmt":"2024-10-11T14:34:51","slug":"storz-und-bickel-dosierkapsel-fuellset","status":"publish","type":"product","link":"https:\/\/greenkingdom.ch\/de\/produkt\/storz-und-bickel-dosierkapsel-fuellset\/","title":{"rendered":"Storz und Bickel Dosierkapsel-F\u00fcllset"},"content":{"rendered":"<p>Verabschieden Sie sich von der manuellen Kapselbef\u00fcllung! Mit diesem F\u00fcllset f\u00fcr 40 Kapseln k\u00f6nnen Sie schnell und einfach eine gro\u00dfe Anzahl von Kapseln mit gemahlenem Pflanzenmaterial bef\u00fcllen. Der mitgelieferte Dr\u00fccker hilft Ihnen auch, die Kapseln mit Leichtigkeit zu verschlie\u00dfen. Lieferumfang:<br \/>\n&#8211; 1 F\u00fcllvorrichtung<br \/>\n&#8211; 1 Spachtel<br \/>\n&#8211; 1 Schieber<br \/>\n&#8211; 1 Kr\u00e4uterm\u00fchle XL (ca. \u00d8 90 mm)<br \/>\n&#8211; 1 Magazin mit 8 Dosierkapseln<br \/>\n&#8211; 1 Waage<br \/>\n&#8211; 40 Dosierkapseln Dieses praktische Set bietet Ihnen alles, was Sie brauchen, um Ihre Kapseln effizient zu bef\u00fcllen. Genie\u00dfen Sie noch heute eine einfachere und schnellere M\u00f6glichkeit, Ihre eigenen Kapseln herzustellen! EAN: 4260248822321<\/p>\n","protected":false},"excerpt":{"rendered":"<p>Verabschieden Sie sich von der manuellen Kapselbef\u00fcllung! Mit diesem F\u00fcllset f\u00fcr 40 Kapseln k\u00f6nnen Sie schnell und einfach eine gro\u00dfe Anzahl von Kapseln mit gemahlenem Pflanzenmaterial bef\u00fcllen. Der mitgelieferte Dr\u00fccker hilft Ihnen auch, die Kapseln mit Leichtigkeit zu verschlie\u00dfen. Lieferumfang: &#8211; 1 F\u00fcllvorrichtung &#8211; 1 Spachtel &#8211; 1 Schieber &#8211; 1 Kr\u00e4uterm\u00fchle XL (ca. \u00d8 [&hellip;]<\/p>\n","protected":false},"featured_media":7630,"comment_status":"open","ping_status":"closed","template":"","meta":{"_seopress_robots_primary_cat":"","_seopress_titles_title":"","_seopress_titles_desc":"","_seopress_robots_index":""},"product_brand":[],"product_cat":[670],"product_tag":[],"class_list":{"0":"post-19629","1":"product","2":"type-product","3":"status-publish","4":"has-post-thumbnail","6":"product_cat-zubehoer","9":"instock","10":"taxable","11":"shipping-taxable","12":"purchasable","13":"product-type-simple","14":"product-grid-view"},"_links":{"self":[{"href":"https:\/\/greenkingdom.ch\/de\/wp-json\/wp\/v2\/product\/19629","targetHints":{"allow":["GET"]}}],"collection":[{"href":"https:\/\/greenkingdom.ch\/de\/wp-json\/wp\/v2\/product"}],"about":[{"href":"https:\/\/greenkingdom.ch\/de\/wp-json\/wp\/v2\/types\/product"}],"replies":[{"embeddable":true,"href":"https:\/\/greenkingdom.ch\/de\/wp-json\/wp\/v2\/comments?post=19629"}],"version-history":[{"count":0,"href":"https:\/\/greenkingdom.ch\/de\/wp-json\/wp\/v2\/product\/19629\/revisions"}],"wp:featuredmedia":[{"embeddable":true,"href":"https:\/\/greenkingdom.ch\/de\/wp-json\/wp\/v2\/media\/7630"}],"wp:attachment":[{"href":"https:\/\/greenkingdom.ch\/de\/wp-json\/wp\/v2\/media?parent=19629"}],"wp:term":[{"taxonomy":"product_brand","embeddable":true,"href":"https:\/\/greenkingdom.ch\/de\/wp-json\/wp\/v2\/product_brand?post=19629"},{"taxonomy":"product_cat","embeddable":true,"href":"https:\/\/greenkingdom.ch\/de\/wp-json\/wp\/v2\/product_cat?post=19629"},{"taxonomy":"product_tag","embeddable":true,"href":"https:\/\/greenkingdom.ch\/de\/wp-json\/wp\/v2\/product_tag?post=19629"}],"curies":[{"name":"wp","href":"https:\/\/api.w.org\/{rel}","templated":true}]}}