{"id":19635,"date":"2024-10-11T16:34:51","date_gmt":"2024-10-11T14:34:51","guid":{"rendered":"https:\/\/greenkingdom.ch\/product\/storz-und-bickel-mighty-koffer\/"},"modified":"2024-10-11T16:34:51","modified_gmt":"2024-10-11T14:34:51","slug":"storz-und-bickel-mighty-koffer","status":"publish","type":"product","link":"https:\/\/greenkingdom.ch\/de\/produkt\/storz-und-bickel-mighty-koffer\/","title":{"rendered":"Storz und Bickel Mighty+ Koffer"},"content":{"rendered":"<p>Entdecken Sie das Storz and Bickel Hard Travel Case, den ultimativen Schutz f\u00fcr Ihren MIGHTY(+)! Wenn Du den legend\u00e4ren MIGHTY(+) Vaporizer von Storz und Bickel besitzt, verdienst Du das Beste, um ihn sicher zu transportieren. Diese Hartschalenh\u00fclle ist der ultimative Schutzschild f\u00fcr Ihr Ger\u00e4t und bietet optimalen Schutz vor Kratzern, St\u00f6\u00dfen und Schmutz. Speziell f\u00fcr den MIGHTY(+) entwickelt, passt er perfekt und bietet idealen Stauraum f\u00fcr Ihren Vaporizer und sein Zubeh\u00f6r. Sch\u00fctzen Sie Ihren MIGHTY(+) mit Stil und Eleganz auch unterwegs!    <\/p>\n","protected":false},"excerpt":{"rendered":"<p>Entdecken Sie das Storz and Bickel Hard Travel Case, den ultimativen Schutz f\u00fcr Ihren MIGHTY(+)! Wenn Du den legend\u00e4ren MIGHTY(+) Vaporizer von Storz und Bickel besitzt, verdienst Du das Beste, um ihn sicher zu transportieren. Diese Hartschalenh\u00fclle ist der ultimative Schutzschild f\u00fcr Ihr Ger\u00e4t und bietet optimalen Schutz vor Kratzern, St\u00f6\u00dfen und Schmutz. Speziell f\u00fcr [&hellip;]<\/p>\n","protected":false},"featured_media":7621,"comment_status":"open","ping_status":"closed","template":"","meta":{"_seopress_robots_primary_cat":"","_seopress_titles_title":"","_seopress_titles_desc":"","_seopress_robots_index":""},"product_brand":[],"product_cat":[670],"product_tag":[],"class_list":{"0":"post-19635","1":"product","2":"type-product","3":"status-publish","4":"has-post-thumbnail","6":"product_cat-zubehoer","9":"instock","10":"taxable","11":"shipping-taxable","12":"purchasable","13":"product-type-simple","14":"product-grid-view"},"_links":{"self":[{"href":"https:\/\/greenkingdom.ch\/de\/wp-json\/wp\/v2\/product\/19635","targetHints":{"allow":["GET"]}}],"collection":[{"href":"https:\/\/greenkingdom.ch\/de\/wp-json\/wp\/v2\/product"}],"about":[{"href":"https:\/\/greenkingdom.ch\/de\/wp-json\/wp\/v2\/types\/product"}],"replies":[{"embeddable":true,"href":"https:\/\/greenkingdom.ch\/de\/wp-json\/wp\/v2\/comments?post=19635"}],"version-history":[{"count":0,"href":"https:\/\/greenkingdom.ch\/de\/wp-json\/wp\/v2\/product\/19635\/revisions"}],"wp:featuredmedia":[{"embeddable":true,"href":"https:\/\/greenkingdom.ch\/de\/wp-json\/wp\/v2\/media\/7621"}],"wp:attachment":[{"href":"https:\/\/greenkingdom.ch\/de\/wp-json\/wp\/v2\/media?parent=19635"}],"wp:term":[{"taxonomy":"product_brand","embeddable":true,"href":"https:\/\/greenkingdom.ch\/de\/wp-json\/wp\/v2\/product_brand?post=19635"},{"taxonomy":"product_cat","embeddable":true,"href":"https:\/\/greenkingdom.ch\/de\/wp-json\/wp\/v2\/product_cat?post=19635"},{"taxonomy":"product_tag","embeddable":true,"href":"https:\/\/greenkingdom.ch\/de\/wp-json\/wp\/v2\/product_tag?post=19635"}],"curies":[{"name":"wp","href":"https:\/\/api.w.org\/{rel}","templated":true}]}}