{"id":19636,"date":"2024-10-11T16:34:51","date_gmt":"2024-10-11T14:34:51","guid":{"rendered":"https:\/\/greenkingdom.ch\/product\/storz-und-bickel-venty-case\/"},"modified":"2024-10-11T16:34:51","modified_gmt":"2024-10-11T14:34:51","slug":"storz-und-bickel-venty-case","status":"publish","type":"product","link":"https:\/\/greenkingdom.ch\/de\/produkt\/storz-und-bickel-venty-case\/","title":{"rendered":"Storz und Bickel Venty Case"},"content":{"rendered":"<div class=\"value\">\n<h2>VENTY Case \u2013 Um Ihren VENTY stilvoll und sicher zu transportieren<\/h2>\n<p><\/p>\n<h3>Schenken Sie Ihrem VENTY den perfekten Begleiter f\u00fcr Ihre Reisen: das VENTY Case. Er wurde speziell entwickelt, um alle Bed\u00fcrfnisse der VENTY-Benutzer zu erf\u00fcllen, und bietet optimalen Schutz und einen unvergleichlichen Hauch von Stil. <\/h3>\n<p><\/p>\n<p><strong>Geruchsneutral und robust:<\/strong> Die VENTY H\u00fclle ist nicht nur geruchlos, sondern ihre harte Au\u00dfenh\u00fclle sch\u00fctzt Ihre VENTY effektiv vor St\u00f6\u00dfen und Kratzern und sorgt so f\u00fcr Diskretion und Sicherheit auf Reisen.<\/p>\n<p><\/p>\n<p><strong>Optimale Lagerung:<\/strong> Mit gen\u00fcgend Platz f\u00fcr Ihren VENTY und sein Zubeh\u00f6r wie Dosierkapseln und Reinigungsutensilien haben Sie immer alles griffbereit, ordentlich und bequem.<\/p>\n<p><strong><br \/><\/strong><\/p>\n<p><strong>Bemerkung:<\/strong> Ger\u00e4te und Zubeh\u00f6r sind nicht im Lieferumfang enthalten. Das Case ist so konzipiert, dass Sie Ihren VENTY sicher aufbewahren und transportieren k\u00f6nnen. <\/p>\n<p><\/p>\n<p>Die VENTY-H\u00fclle geht \u00fcber die reine Aufbewahrung hinaus: Sie ist ein unverzichtbares Accessoire f\u00fcr VENTY-Besitzer, die Wert auf Sicherheit, Diskretion und Stil legen.<\/p>\n<p><\/p>\n<h3>Leistungsbeschreibung:<\/h3>\n<p><\/p>\n<ul>\n<li>Robuste, geruchsabweisende Reisetasche<\/li>\n<li>Harte Au\u00dfenschale bietet optimalen Schutz<\/li>\n<li>Passend f\u00fcr VENTY und sein Zubeh\u00f6r<\/li>\n<li>Ger\u00e4te und Zubeh\u00f6r nicht im Lieferumfang enthalten<\/li>\n<\/ul>\n<p><\/p>\n<div class=\"product attribute ean\"><strong class=\"type\"> <span class=\"value ean\">EAN-4260248821249<\/span><\/strong><\/div>\n<\/div>\n","protected":false},"excerpt":{"rendered":"<p>VENTY Case \u2013 Um Ihren VENTY stilvoll und sicher zu transportieren Schenken Sie Ihrem VENTY den perfekten Begleiter f\u00fcr Ihre Reisen: das VENTY Case. Er wurde speziell entwickelt, um alle Bed\u00fcrfnisse der VENTY-Benutzer zu erf\u00fcllen, und bietet optimalen Schutz und einen unvergleichlichen Hauch von Stil. Geruchsneutral und robust: Die VENTY H\u00fclle ist nicht nur geruchlos, [&hellip;]<\/p>\n","protected":false},"featured_media":7603,"comment_status":"open","ping_status":"closed","template":"","meta":{"_seopress_robots_primary_cat":"","_seopress_titles_title":"","_seopress_titles_desc":"","_seopress_robots_index":""},"product_brand":[],"product_cat":[670],"product_tag":[],"class_list":{"0":"post-19636","1":"product","2":"type-product","3":"status-publish","4":"has-post-thumbnail","6":"product_cat-zubehoer","9":"instock","10":"taxable","11":"shipping-taxable","12":"purchasable","13":"product-type-simple","14":"product-grid-view"},"_links":{"self":[{"href":"https:\/\/greenkingdom.ch\/de\/wp-json\/wp\/v2\/product\/19636","targetHints":{"allow":["GET"]}}],"collection":[{"href":"https:\/\/greenkingdom.ch\/de\/wp-json\/wp\/v2\/product"}],"about":[{"href":"https:\/\/greenkingdom.ch\/de\/wp-json\/wp\/v2\/types\/product"}],"replies":[{"embeddable":true,"href":"https:\/\/greenkingdom.ch\/de\/wp-json\/wp\/v2\/comments?post=19636"}],"version-history":[{"count":0,"href":"https:\/\/greenkingdom.ch\/de\/wp-json\/wp\/v2\/product\/19636\/revisions"}],"wp:featuredmedia":[{"embeddable":true,"href":"https:\/\/greenkingdom.ch\/de\/wp-json\/wp\/v2\/media\/7603"}],"wp:attachment":[{"href":"https:\/\/greenkingdom.ch\/de\/wp-json\/wp\/v2\/media?parent=19636"}],"wp:term":[{"taxonomy":"product_brand","embeddable":true,"href":"https:\/\/greenkingdom.ch\/de\/wp-json\/wp\/v2\/product_brand?post=19636"},{"taxonomy":"product_cat","embeddable":true,"href":"https:\/\/greenkingdom.ch\/de\/wp-json\/wp\/v2\/product_cat?post=19636"},{"taxonomy":"product_tag","embeddable":true,"href":"https:\/\/greenkingdom.ch\/de\/wp-json\/wp\/v2\/product_tag?post=19636"}],"curies":[{"name":"wp","href":"https:\/\/api.w.org\/{rel}","templated":true}]}}