{"id":19643,"date":"2024-10-11T16:35:15","date_gmt":"2024-10-11T14:35:15","guid":{"rendered":"https:\/\/greenkingdom.ch\/product\/roh-classic-1-1-4-schachtel\/"},"modified":"2024-10-11T16:35:15","modified_gmt":"2024-10-11T14:35:15","slug":"roh-classic-1-1-4-schachtel","status":"publish","type":"product","link":"https:\/\/greenkingdom.ch\/de\/produkt\/roh-classic-1-1-4-schachtel\/","title":{"rendered":"Roh Classic 1 1\/4 Schachtel"},"content":{"rendered":"<p>Ein halber Zentimeter nat\u00fcrliches Drehpapier f\u00fcr d\u00fcnne, langsam brennende Zigaretten. Die Box enth\u00e4lt 24 hochwertige Papiere. Rohpapier gilt als das beste ungebleichte Papier auf dem Markt! Seine spezielle Textur und das eingearbeitete Filigran sorgen f\u00fcr ein langsames, gleichm\u00e4\u00dfiges und geruchloses Abbrennen all Ihrer Zigaretten. Unser RAW Zigarettenpapier ist ein innovatives Produkt, das den Markt erobert hat. Seine durchscheinende nat\u00fcrliche Farbe und die chemiefreie Konstruktion heben es von anderen Zigarettenpapieren ab. Jedes Blatt ist mit dem speziellen HBI CrissCross-Wasserzeichen f\u00fcr ein gleichm\u00e4\u00dfiges Abbrennen gekennzeichnet. Zusammensetzung: Naturpapier ohne Holzwerkstoffe, Hanfgummi. Abmessungen: 59 mm lang, 53 mm breit, 32 Papiere pro Karton. EAN-Code: 716165177326 <\/p>\n","protected":false},"excerpt":{"rendered":"<p>Ein halber Zentimeter nat\u00fcrliches Drehpapier f\u00fcr d\u00fcnne, langsam brennende Zigaretten. Die Box enth\u00e4lt 24 hochwertige Papiere. Rohpapier gilt als das beste ungebleichte Papier auf dem Markt! Seine spezielle Textur und das eingearbeitete Filigran sorgen f\u00fcr ein langsames, gleichm\u00e4\u00dfiges und geruchloses Abbrennen all Ihrer Zigaretten. Unser RAW Zigarettenpapier ist ein innovatives Produkt, das den Markt erobert [&hellip;]<\/p>\n","protected":false},"featured_media":7681,"comment_status":"open","ping_status":"closed","template":"","meta":{"_seopress_robots_primary_cat":"","_seopress_titles_title":"","_seopress_titles_desc":"","_seopress_robots_index":""},"product_brand":[],"product_cat":[655],"product_tag":[],"class_list":{"0":"post-19643","1":"product","2":"type-product","3":"status-publish","4":"has-post-thumbnail","6":"product_cat-zigarettenpapier","9":"instock","10":"taxable","11":"shipping-taxable","12":"purchasable","13":"product-type-simple","14":"product-grid-view"},"_links":{"self":[{"href":"https:\/\/greenkingdom.ch\/de\/wp-json\/wp\/v2\/product\/19643","targetHints":{"allow":["GET"]}}],"collection":[{"href":"https:\/\/greenkingdom.ch\/de\/wp-json\/wp\/v2\/product"}],"about":[{"href":"https:\/\/greenkingdom.ch\/de\/wp-json\/wp\/v2\/types\/product"}],"replies":[{"embeddable":true,"href":"https:\/\/greenkingdom.ch\/de\/wp-json\/wp\/v2\/comments?post=19643"}],"version-history":[{"count":0,"href":"https:\/\/greenkingdom.ch\/de\/wp-json\/wp\/v2\/product\/19643\/revisions"}],"wp:featuredmedia":[{"embeddable":true,"href":"https:\/\/greenkingdom.ch\/de\/wp-json\/wp\/v2\/media\/7681"}],"wp:attachment":[{"href":"https:\/\/greenkingdom.ch\/de\/wp-json\/wp\/v2\/media?parent=19643"}],"wp:term":[{"taxonomy":"product_brand","embeddable":true,"href":"https:\/\/greenkingdom.ch\/de\/wp-json\/wp\/v2\/product_brand?post=19643"},{"taxonomy":"product_cat","embeddable":true,"href":"https:\/\/greenkingdom.ch\/de\/wp-json\/wp\/v2\/product_cat?post=19643"},{"taxonomy":"product_tag","embeddable":true,"href":"https:\/\/greenkingdom.ch\/de\/wp-json\/wp\/v2\/product_tag?post=19643"}],"curies":[{"name":"wp","href":"https:\/\/api.w.org\/{rel}","templated":true}]}}