{"id":19651,"date":"2024-10-11T16:35:15","date_gmt":"2024-10-11T14:35:15","guid":{"rendered":"https:\/\/greenkingdom.ch\/product\/smoking-master-silver-kingsize-box\/"},"modified":"2024-10-11T16:35:15","modified_gmt":"2024-10-11T14:35:15","slug":"smoking-master-silver-kingsize-box","status":"publish","type":"product","link":"https:\/\/greenkingdom.ch\/de\/produkt\/smoking-master-silver-kingsize-box\/","title":{"rendered":"Smoking Master Silver Kingsize Box"},"content":{"rendered":"<p>Hier ist die Beschreibung des Produkts auf Franz\u00f6sisch und attraktiver gemacht:<\/p>\n<div class=\"value\">\n<p>Smoking Master Silver Kingsize Bl\u00e4ttchen<\/p>\n<p>&#8211; Ultrad\u00fcnnes Papier der Marke Smoked:<\/p>\n<p>Reis<\/p>\n<p>Kleber: Gummi arabicum<\/p>\n<p>L\u00e4nge: 109 mm<\/p>\n<p>Breite: 33 mm<\/p>\n<p>Inhalt: 33 Blatt<\/p>\n<p>50 Packungen Smoking Silver Bl\u00e4ttchen, die d\u00fcnnsten und neuesten im Sortiment, die entwickelt wurden, um das perfekte Raucherlebnis mit minimalen Schadstoffen zu bieten! Nur f\u00fcr echte Genie\u00dfer! <\/p>\n<\/div>\n<div class=\"product attribute ean\">\n    <strong class=\"type\"> <span class=\"value ean\">EAN-8414775011680<\/span><\/strong>\n<\/div>\n","protected":false},"excerpt":{"rendered":"<p>Hier ist die Beschreibung des Produkts auf Franz\u00f6sisch und attraktiver gemacht: Smoking Master Silver Kingsize Bl\u00e4ttchen &#8211; Ultrad\u00fcnnes Papier der Marke Smoked: Reis Kleber: Gummi arabicum L\u00e4nge: 109 mm Breite: 33 mm Inhalt: 33 Blatt 50 Packungen Smoking Silver Bl\u00e4ttchen, die d\u00fcnnsten und neuesten im Sortiment, die entwickelt wurden, um das perfekte Raucherlebnis mit minimalen [&hellip;]<\/p>\n","protected":false},"featured_media":7654,"comment_status":"open","ping_status":"closed","template":"","meta":{"_seopress_robots_primary_cat":"","_seopress_titles_title":"","_seopress_titles_desc":"","_seopress_robots_index":""},"product_brand":[],"product_cat":[655],"product_tag":[],"class_list":{"0":"post-19651","1":"product","2":"type-product","3":"status-publish","4":"has-post-thumbnail","6":"product_cat-zigarettenpapier","9":"instock","10":"taxable","11":"shipping-taxable","12":"purchasable","13":"product-type-simple","14":"product-grid-view"},"_links":{"self":[{"href":"https:\/\/greenkingdom.ch\/de\/wp-json\/wp\/v2\/product\/19651","targetHints":{"allow":["GET"]}}],"collection":[{"href":"https:\/\/greenkingdom.ch\/de\/wp-json\/wp\/v2\/product"}],"about":[{"href":"https:\/\/greenkingdom.ch\/de\/wp-json\/wp\/v2\/types\/product"}],"replies":[{"embeddable":true,"href":"https:\/\/greenkingdom.ch\/de\/wp-json\/wp\/v2\/comments?post=19651"}],"version-history":[{"count":0,"href":"https:\/\/greenkingdom.ch\/de\/wp-json\/wp\/v2\/product\/19651\/revisions"}],"wp:featuredmedia":[{"embeddable":true,"href":"https:\/\/greenkingdom.ch\/de\/wp-json\/wp\/v2\/media\/7654"}],"wp:attachment":[{"href":"https:\/\/greenkingdom.ch\/de\/wp-json\/wp\/v2\/media?parent=19651"}],"wp:term":[{"taxonomy":"product_brand","embeddable":true,"href":"https:\/\/greenkingdom.ch\/de\/wp-json\/wp\/v2\/product_brand?post=19651"},{"taxonomy":"product_cat","embeddable":true,"href":"https:\/\/greenkingdom.ch\/de\/wp-json\/wp\/v2\/product_cat?post=19651"},{"taxonomy":"product_tag","embeddable":true,"href":"https:\/\/greenkingdom.ch\/de\/wp-json\/wp\/v2\/product_tag?post=19651"}],"curies":[{"name":"wp","href":"https:\/\/api.w.org\/{rel}","templated":true}]}}