{"id":19657,"date":"2024-10-11T16:35:15","date_gmt":"2024-10-11T14:35:15","guid":{"rendered":"https:\/\/greenkingdom.ch\/product\/smoking-blau-kingsize-box\/"},"modified":"2024-10-11T16:35:15","modified_gmt":"2024-10-11T14:35:15","slug":"smoking-blau-kingsize-box","status":"publish","type":"product","link":"https:\/\/greenkingdom.ch\/de\/produkt\/smoking-blau-kingsize-box\/","title":{"rendered":"Smoking Blau Kingsize Box"},"content":{"rendered":"<p>Tuxedo Kingsize Blue &#8211; Das weltweit bekannteste und meistverkaufte Langpapier! Dieses 109 mm lange und 53 mm breite Papier aus Reispapier und Holz mit Gummi arabicum ist perfekt, um Ihren entspannenden Moment zu genie\u00dfen. Jede Packung enth\u00e4lt 33 Artikel, und dieses 50er-Set von Smoking Blue ist ein Muss f\u00fcr Kenner von Zigarettenpapier. Genie\u00dfen Sie Ihr Fahrerlebnis mit diesem au\u00dfergew\u00f6hnlichen Produkt, das Qualit\u00e4t und Renommee vereint. EAN: 8414775011031.    <\/p>\n","protected":false},"excerpt":{"rendered":"<p>Tuxedo Kingsize Blue &#8211; Das weltweit bekannteste und meistverkaufte Langpapier! Dieses 109 mm lange und 53 mm breite Papier aus Reispapier und Holz mit Gummi arabicum ist perfekt, um Ihren entspannenden Moment zu genie\u00dfen. Jede Packung enth\u00e4lt 33 Artikel, und dieses 50er-Set von Smoking Blue ist ein Muss f\u00fcr Kenner von Zigarettenpapier. Genie\u00dfen Sie Ihr [&hellip;]<\/p>\n","protected":false},"featured_media":7648,"comment_status":"open","ping_status":"closed","template":"","meta":{"_seopress_robots_primary_cat":"","_seopress_titles_title":"","_seopress_titles_desc":"","_seopress_robots_index":""},"product_brand":[],"product_cat":[655],"product_tag":[],"class_list":{"0":"post-19657","1":"product","2":"type-product","3":"status-publish","4":"has-post-thumbnail","6":"product_cat-zigarettenpapier","9":"instock","10":"taxable","11":"shipping-taxable","12":"purchasable","13":"product-type-simple","14":"product-grid-view"},"_links":{"self":[{"href":"https:\/\/greenkingdom.ch\/de\/wp-json\/wp\/v2\/product\/19657","targetHints":{"allow":["GET"]}}],"collection":[{"href":"https:\/\/greenkingdom.ch\/de\/wp-json\/wp\/v2\/product"}],"about":[{"href":"https:\/\/greenkingdom.ch\/de\/wp-json\/wp\/v2\/types\/product"}],"replies":[{"embeddable":true,"href":"https:\/\/greenkingdom.ch\/de\/wp-json\/wp\/v2\/comments?post=19657"}],"version-history":[{"count":0,"href":"https:\/\/greenkingdom.ch\/de\/wp-json\/wp\/v2\/product\/19657\/revisions"}],"wp:featuredmedia":[{"embeddable":true,"href":"https:\/\/greenkingdom.ch\/de\/wp-json\/wp\/v2\/media\/7648"}],"wp:attachment":[{"href":"https:\/\/greenkingdom.ch\/de\/wp-json\/wp\/v2\/media?parent=19657"}],"wp:term":[{"taxonomy":"product_brand","embeddable":true,"href":"https:\/\/greenkingdom.ch\/de\/wp-json\/wp\/v2\/product_brand?post=19657"},{"taxonomy":"product_cat","embeddable":true,"href":"https:\/\/greenkingdom.ch\/de\/wp-json\/wp\/v2\/product_cat?post=19657"},{"taxonomy":"product_tag","embeddable":true,"href":"https:\/\/greenkingdom.ch\/de\/wp-json\/wp\/v2\/product_tag?post=19657"}],"curies":[{"name":"wp","href":"https:\/\/api.w.org\/{rel}","templated":true}]}}