{"id":19661,"date":"2024-10-11T16:35:16","date_gmt":"2024-10-11T14:35:16","guid":{"rendered":"https:\/\/greenkingdom.ch\/product\/ocb-bio-hanf-bio-kingsize-box\/"},"modified":"2024-10-11T16:35:16","modified_gmt":"2024-10-11T14:35:16","slug":"ocb-bio-hanf-bio-kingsize-box","status":"publish","type":"product","link":"https:\/\/greenkingdom.ch\/de\/produkt\/ocb-bio-hanf-bio-kingsize-box\/","title":{"rendered":"OCB Bio Hanf Bio Kingsize Box"},"content":{"rendered":"<p>OCB Bio Hanf Bio Kingsize Slim Papierbox! Entdecken Sie lange und schlanke Kingsize-Laken f\u00fcr ein einzigartiges Erlebnis. Hergestellt aus reinem, ungebleichtem Bio-Hanf, sind OCB-Platten 100% nat\u00fcrlich. Der Kaugummi ist ebenfalls nat\u00fcrlich und basiert auf Gummi arabicum. Dar\u00fcber hinaus wird die Verpackung recycelt und mit nat\u00fcrlicher Pflanzentinte bedruckt. EAN: 3057067253501 <\/p>\n","protected":false},"excerpt":{"rendered":"<p>OCB Bio Hanf Bio Kingsize Slim Papierbox! Entdecken Sie lange und schlanke Kingsize-Laken f\u00fcr ein einzigartiges Erlebnis. Hergestellt aus reinem, ungebleichtem Bio-Hanf, sind OCB-Platten 100% nat\u00fcrlich. Der Kaugummi ist ebenfalls nat\u00fcrlich und basiert auf Gummi arabicum. Dar\u00fcber hinaus wird die Verpackung recycelt und mit nat\u00fcrlicher Pflanzentinte bedruckt. EAN: 3057067253501<\/p>\n","protected":false},"featured_media":7699,"comment_status":"open","ping_status":"closed","template":"","meta":{"_seopress_robots_primary_cat":"","_seopress_titles_title":"","_seopress_titles_desc":"","_seopress_robots_index":""},"product_brand":[],"product_cat":[655],"product_tag":[],"class_list":{"0":"post-19661","1":"product","2":"type-product","3":"status-publish","4":"has-post-thumbnail","6":"product_cat-zigarettenpapier","9":"instock","10":"taxable","11":"shipping-taxable","12":"purchasable","13":"product-type-simple","14":"product-grid-view"},"_links":{"self":[{"href":"https:\/\/greenkingdom.ch\/de\/wp-json\/wp\/v2\/product\/19661","targetHints":{"allow":["GET"]}}],"collection":[{"href":"https:\/\/greenkingdom.ch\/de\/wp-json\/wp\/v2\/product"}],"about":[{"href":"https:\/\/greenkingdom.ch\/de\/wp-json\/wp\/v2\/types\/product"}],"replies":[{"embeddable":true,"href":"https:\/\/greenkingdom.ch\/de\/wp-json\/wp\/v2\/comments?post=19661"}],"version-history":[{"count":0,"href":"https:\/\/greenkingdom.ch\/de\/wp-json\/wp\/v2\/product\/19661\/revisions"}],"wp:featuredmedia":[{"embeddable":true,"href":"https:\/\/greenkingdom.ch\/de\/wp-json\/wp\/v2\/media\/7699"}],"wp:attachment":[{"href":"https:\/\/greenkingdom.ch\/de\/wp-json\/wp\/v2\/media?parent=19661"}],"wp:term":[{"taxonomy":"product_brand","embeddable":true,"href":"https:\/\/greenkingdom.ch\/de\/wp-json\/wp\/v2\/product_brand?post=19661"},{"taxonomy":"product_cat","embeddable":true,"href":"https:\/\/greenkingdom.ch\/de\/wp-json\/wp\/v2\/product_cat?post=19661"},{"taxonomy":"product_tag","embeddable":true,"href":"https:\/\/greenkingdom.ch\/de\/wp-json\/wp\/v2\/product_tag?post=19661"}],"curies":[{"name":"wp","href":"https:\/\/api.w.org\/{rel}","templated":true}]}}