{"id":19667,"date":"2024-10-11T16:35:16","date_gmt":"2024-10-11T14:35:16","guid":{"rendered":"https:\/\/greenkingdom.ch\/product\/raw-black-papers-king-size-extra-fine-box\/"},"modified":"2024-10-11T16:35:16","modified_gmt":"2024-10-11T14:35:16","slug":"raw-black-papers-king-size-extra-fine-box","status":"publish","type":"product","link":"https:\/\/greenkingdom.ch\/de\/produkt\/raw-black-papers-king-size-extra-fine-box\/","title":{"rendered":"RAW Black Papers King Size Extra Fine Box"},"content":{"rendered":"<p>Entdecken Sie die langen schwarzen Papiere der ber\u00fchmten spanischen Marke &#8222;RAW&#8220;, die f\u00fcr eine au\u00dfergew\u00f6hnliche Feinheit zweimal gepresst wurden. Diese Bl\u00e4tter sind ideal, um die Aromen von hochwertigem Cannabis in vollen Z\u00fcgen zu genie\u00dfen, und brennen langsam und gleichm\u00e4\u00dfig ab. Hergestellt aus nat\u00fcrlichen Pflanzenfasern und Akaziengummi, bewahren sie die Reinheit der Aromen ohne Chemikalien oder Chlor. Diese umweltfreundlichen Feinpapiere sind perfekt f\u00fcr Kenner, denen Qualit\u00e4t und Nachhaltigkeit wichtig sind. \ud83c\udf3f Material: Rohe Naturfasern, Gummi arabicum Gr\u00f6\u00dfe: 107x44mm<br \/>\n\ud83d\udccf (King Size Slim)<br \/>\n \u2728 Qualit\u00e4t: Extra fein<br \/>\n\ud83d\udeab Chemikalienfrei und chlorfrei<br \/>\n\ud83d\udce6 Kommt in einem Display von 50 Notizb\u00fcchern \u00e0 32 Blatt EAN: 716165253389   <\/p>\n","protected":false},"excerpt":{"rendered":"<p>Entdecken Sie die langen schwarzen Papiere der ber\u00fchmten spanischen Marke &#8222;RAW&#8220;, die f\u00fcr eine au\u00dfergew\u00f6hnliche Feinheit zweimal gepresst wurden. Diese Bl\u00e4tter sind ideal, um die Aromen von hochwertigem Cannabis in vollen Z\u00fcgen zu genie\u00dfen, und brennen langsam und gleichm\u00e4\u00dfig ab. Hergestellt aus nat\u00fcrlichen Pflanzenfasern und Akaziengummi, bewahren sie die Reinheit der Aromen ohne Chemikalien oder [&hellip;]<\/p>\n","protected":false},"featured_media":7693,"comment_status":"open","ping_status":"closed","template":"","meta":{"_seopress_robots_primary_cat":"","_seopress_titles_title":"","_seopress_titles_desc":"","_seopress_robots_index":""},"product_brand":[],"product_cat":[655],"product_tag":[],"class_list":{"0":"post-19667","1":"product","2":"type-product","3":"status-publish","4":"has-post-thumbnail","6":"product_cat-zigarettenpapier","9":"instock","10":"taxable","11":"shipping-taxable","12":"purchasable","13":"product-type-simple","14":"product-grid-view"},"_links":{"self":[{"href":"https:\/\/greenkingdom.ch\/de\/wp-json\/wp\/v2\/product\/19667","targetHints":{"allow":["GET"]}}],"collection":[{"href":"https:\/\/greenkingdom.ch\/de\/wp-json\/wp\/v2\/product"}],"about":[{"href":"https:\/\/greenkingdom.ch\/de\/wp-json\/wp\/v2\/types\/product"}],"replies":[{"embeddable":true,"href":"https:\/\/greenkingdom.ch\/de\/wp-json\/wp\/v2\/comments?post=19667"}],"version-history":[{"count":0,"href":"https:\/\/greenkingdom.ch\/de\/wp-json\/wp\/v2\/product\/19667\/revisions"}],"wp:featuredmedia":[{"embeddable":true,"href":"https:\/\/greenkingdom.ch\/de\/wp-json\/wp\/v2\/media\/7693"}],"wp:attachment":[{"href":"https:\/\/greenkingdom.ch\/de\/wp-json\/wp\/v2\/media?parent=19667"}],"wp:term":[{"taxonomy":"product_brand","embeddable":true,"href":"https:\/\/greenkingdom.ch\/de\/wp-json\/wp\/v2\/product_brand?post=19667"},{"taxonomy":"product_cat","embeddable":true,"href":"https:\/\/greenkingdom.ch\/de\/wp-json\/wp\/v2\/product_cat?post=19667"},{"taxonomy":"product_tag","embeddable":true,"href":"https:\/\/greenkingdom.ch\/de\/wp-json\/wp\/v2\/product_tag?post=19667"}],"curies":[{"name":"wp","href":"https:\/\/api.w.org\/{rel}","templated":true}]}}