{"id":19695,"date":"2024-10-11T16:35:18","date_gmt":"2024-10-11T14:35:18","guid":{"rendered":"https:\/\/greenkingdom.ch\/product\/aluminium-grinder-silber-4-teilig-50mm\/"},"modified":"2024-10-11T16:35:18","modified_gmt":"2024-10-11T14:35:18","slug":"aluminium-grinder-silber-4-teilig-50mm","status":"publish","type":"product","link":"https:\/\/greenkingdom.ch\/de\/produkt\/aluminium-grinder-silber-4-teilig-50mm\/","title":{"rendered":"Aluminium Grinder Silber 4-teilig 50mm"},"content":{"rendered":"<p>Entdecken Sie die 4-teilige Aluminium-M\u00fchle mit starkem Magneten, perfekt zum Mahlen Ihrer Lieblingskr\u00e4uter im Handumdrehen. Ausgestattet mit 27 scharfen Rotorbl\u00e4ttern, einem feinen Pollensieb, einem Schaber und einem Reiniger sammelt dieser handliche Grinder Pollen in seinem abgerundeten Bodenfach. F\u00fcr eine optimale Pflege verwenden Sie Alkohol oder einen speziellen Grinder-Reiniger und vermeiden Sie scharfe Gegenst\u00e4nde. Profitieren Sie von seiner Aluminiumkonstruktion, seinen 2 Abstreifern und seinen kompakten Abmessungen: 50 mm Durchmesser, 40 mm H\u00f6he. EAN-Referenz: 0702639861310.    <\/p>\n","protected":false},"excerpt":{"rendered":"<p>Entdecken Sie die 4-teilige Aluminium-M\u00fchle mit starkem Magneten, perfekt zum Mahlen Ihrer Lieblingskr\u00e4uter im Handumdrehen. Ausgestattet mit 27 scharfen Rotorbl\u00e4ttern, einem feinen Pollensieb, einem Schaber und einem Reiniger sammelt dieser handliche Grinder Pollen in seinem abgerundeten Bodenfach. F\u00fcr eine optimale Pflege verwenden Sie Alkohol oder einen speziellen Grinder-Reiniger und vermeiden Sie scharfe Gegenst\u00e4nde. Profitieren Sie [&hellip;]<\/p>\n","protected":false},"featured_media":7789,"comment_status":"open","ping_status":"closed","template":"","meta":{"_seopress_robots_primary_cat":"","_seopress_titles_title":"","_seopress_titles_desc":"","_seopress_robots_index":""},"product_brand":[],"product_cat":[661],"product_tag":[],"class_list":{"0":"post-19695","1":"product","2":"type-product","3":"status-publish","4":"has-post-thumbnail","6":"product_cat-grinder","9":"instock","10":"taxable","11":"shipping-taxable","12":"purchasable","13":"product-type-simple","14":"product-grid-view"},"_links":{"self":[{"href":"https:\/\/greenkingdom.ch\/de\/wp-json\/wp\/v2\/product\/19695","targetHints":{"allow":["GET"]}}],"collection":[{"href":"https:\/\/greenkingdom.ch\/de\/wp-json\/wp\/v2\/product"}],"about":[{"href":"https:\/\/greenkingdom.ch\/de\/wp-json\/wp\/v2\/types\/product"}],"replies":[{"embeddable":true,"href":"https:\/\/greenkingdom.ch\/de\/wp-json\/wp\/v2\/comments?post=19695"}],"version-history":[{"count":0,"href":"https:\/\/greenkingdom.ch\/de\/wp-json\/wp\/v2\/product\/19695\/revisions"}],"wp:featuredmedia":[{"embeddable":true,"href":"https:\/\/greenkingdom.ch\/de\/wp-json\/wp\/v2\/media\/7789"}],"wp:attachment":[{"href":"https:\/\/greenkingdom.ch\/de\/wp-json\/wp\/v2\/media?parent=19695"}],"wp:term":[{"taxonomy":"product_brand","embeddable":true,"href":"https:\/\/greenkingdom.ch\/de\/wp-json\/wp\/v2\/product_brand?post=19695"},{"taxonomy":"product_cat","embeddable":true,"href":"https:\/\/greenkingdom.ch\/de\/wp-json\/wp\/v2\/product_cat?post=19695"},{"taxonomy":"product_tag","embeddable":true,"href":"https:\/\/greenkingdom.ch\/de\/wp-json\/wp\/v2\/product_tag?post=19695"}],"curies":[{"name":"wp","href":"https:\/\/api.w.org\/{rel}","templated":true}]}}