{"id":19696,"date":"2024-10-11T16:35:18","date_gmt":"2024-10-11T14:35:18","guid":{"rendered":"https:\/\/greenkingdom.ch\/product\/silikonbeschichteter-grinder-rot-2-teilig-50mm\/"},"modified":"2024-10-11T16:35:18","modified_gmt":"2024-10-11T14:35:18","slug":"silikonbeschichteter-grinder-rot-2-teilig-50mm","status":"publish","type":"product","link":"https:\/\/greenkingdom.ch\/de\/produkt\/silikonbeschichteter-grinder-rot-2-teilig-50mm\/","title":{"rendered":"Silikonbeschichteter Grinder Rot 2-teilig 50mm"},"content":{"rendered":"<p>Entdecken Sie unseren 2-teiligen Grinder mit einer stylischen Silikonbeschichtung. Diese M\u00fchle hat einen starken Magneten, der den Deckel an Ort und Stelle h\u00e4lt. Im Inneren machen 27 scharfe Rotorbl\u00e4tter das Schleifen Ihres Gr\u00fcns zum Kinderspiel. Hinweis: Um die Qualit\u00e4t Deines Aluminium-Grinders zu erhalten, vermeide es, ihn mit scharfen Gegenst\u00e4nden zu reinigen oder zu zerkratzen. W\u00e4hle Alkohol oder einen speziellen Reiniger f\u00fcr Grinder. Eigenschaften:<br \/>\n&#8211; Material: Silikonbeschichtetes<br \/>\n Aluminium- 2-teiliges<br \/>\n Set- Durchmesser: 50mm<br \/>\n&#8211; H\u00f6he: 20mm<br \/>\n&#8211; Mechanismus: Rotorklingen Kaufen Sie diese praktische und stilvolle M\u00fchle noch heute! EAN-Code: 0702639861297<\/p>\n","protected":false},"excerpt":{"rendered":"<p>Entdecken Sie unseren 2-teiligen Grinder mit einer stylischen Silikonbeschichtung. Diese M\u00fchle hat einen starken Magneten, der den Deckel an Ort und Stelle h\u00e4lt. Im Inneren machen 27 scharfe Rotorbl\u00e4tter das Schleifen Ihres Gr\u00fcns zum Kinderspiel. Hinweis: Um die Qualit\u00e4t Deines Aluminium-Grinders zu erhalten, vermeide es, ihn mit scharfen Gegenst\u00e4nden zu reinigen oder zu zerkratzen. W\u00e4hle [&hellip;]<\/p>\n","protected":false},"featured_media":3964,"comment_status":"open","ping_status":"closed","template":"","meta":{"_seopress_robots_primary_cat":"","_seopress_titles_title":"","_seopress_titles_desc":"","_seopress_robots_index":""},"product_brand":[],"product_cat":[661],"product_tag":[],"class_list":{"0":"post-19696","1":"product","2":"type-product","3":"status-publish","4":"has-post-thumbnail","6":"product_cat-grinder","9":"instock","10":"taxable","11":"shipping-taxable","12":"purchasable","13":"product-type-simple","14":"product-grid-view"},"_links":{"self":[{"href":"https:\/\/greenkingdom.ch\/de\/wp-json\/wp\/v2\/product\/19696","targetHints":{"allow":["GET"]}}],"collection":[{"href":"https:\/\/greenkingdom.ch\/de\/wp-json\/wp\/v2\/product"}],"about":[{"href":"https:\/\/greenkingdom.ch\/de\/wp-json\/wp\/v2\/types\/product"}],"replies":[{"embeddable":true,"href":"https:\/\/greenkingdom.ch\/de\/wp-json\/wp\/v2\/comments?post=19696"}],"version-history":[{"count":0,"href":"https:\/\/greenkingdom.ch\/de\/wp-json\/wp\/v2\/product\/19696\/revisions"}],"wp:featuredmedia":[{"embeddable":true,"href":"https:\/\/greenkingdom.ch\/de\/wp-json\/wp\/v2\/media\/3964"}],"wp:attachment":[{"href":"https:\/\/greenkingdom.ch\/de\/wp-json\/wp\/v2\/media?parent=19696"}],"wp:term":[{"taxonomy":"product_brand","embeddable":true,"href":"https:\/\/greenkingdom.ch\/de\/wp-json\/wp\/v2\/product_brand?post=19696"},{"taxonomy":"product_cat","embeddable":true,"href":"https:\/\/greenkingdom.ch\/de\/wp-json\/wp\/v2\/product_cat?post=19696"},{"taxonomy":"product_tag","embeddable":true,"href":"https:\/\/greenkingdom.ch\/de\/wp-json\/wp\/v2\/product_tag?post=19696"}],"curies":[{"name":"wp","href":"https:\/\/api.w.org\/{rel}","templated":true}]}}