{"id":19711,"date":"2024-10-11T16:35:18","date_gmt":"2024-10-11T14:35:18","guid":{"rendered":"https:\/\/greenkingdom.ch\/product\/purize-regular-size-weiss-420-stueck\/"},"modified":"2024-10-11T16:35:18","modified_gmt":"2024-10-11T14:35:18","slug":"purize-regular-size-weiss-420-stueck","status":"publish","type":"product","link":"https:\/\/greenkingdom.ch\/de\/produkt\/purize-regular-size-weiss-420-stueck\/","title":{"rendered":"PURIZE\u00ae Regular Size Wei\u00df 420 St\u00fcck"},"content":{"rendered":"<p>Entdecken Sie die PURIZE\u00ae Regular Size White Aktivkohlefilter im 420er-Pack f\u00fcr ein reines und intensives Raucherlebnis. Genie\u00dfen Sie 420 Mal pure Gl\u00fcckseligkeit mit diesen hochwertigen Filtern! Entwickelt f\u00fcr 9-mm-Pfeifen und alle gerollten Tabake, reduzieren PURIZE-Filter\u00ae die Aufnahme von Schadstoffen f\u00fcr ein frisches, trockenes Rauchgef\u00fchl. Hergestellt in Deutschland aus umweltfreundlichen Materialien, bieten diese Filter Langlebigkeit und Qualit\u00e4t. Die Keramikspitzen machen sie einfach zu verwenden, w\u00e4hrend die auslaufsichere Verpackung eine optimale Konservierung gew\u00e4hrleistet. Entdecken Sie die Vorteile auf einen Blick:<br \/>\n&#8211; Verbessertes Raucherlebnis<br \/>\n&#8211; Intensiverer Geschmack und frischeres<br \/>\n Rauchgef\u00fchl- Umweltfreundlich<br \/>\n&#8211; Einfach zu verwenden<br \/>\n&#8211; Luftdichte Verpackung Abmessungen: \u00f8 8,3 mm x 35,7 mm, gef\u00fcllt mit Aktivkohle aus Kokosnussschalen. Lassen Sie sich von diesem nat\u00fcrlichen und nachhaltigen Produkt f\u00fcr ein reines und intensives Raucherlebnis verf\u00fchren.  <\/p>\n","protected":false},"excerpt":{"rendered":"<p>Entdecken Sie die PURIZE\u00ae Regular Size White Aktivkohlefilter im 420er-Pack f\u00fcr ein reines und intensives Raucherlebnis. Genie\u00dfen Sie 420 Mal pure Gl\u00fcckseligkeit mit diesen hochwertigen Filtern! Entwickelt f\u00fcr 9-mm-Pfeifen und alle gerollten Tabake, reduzieren PURIZE-Filter\u00ae die Aufnahme von Schadstoffen f\u00fcr ein frisches, trockenes Rauchgef\u00fchl. Hergestellt in Deutschland aus umweltfreundlichen Materialien, bieten diese Filter Langlebigkeit und [&hellip;]<\/p>\n","protected":false},"featured_media":7762,"comment_status":"open","ping_status":"closed","template":"","meta":{"_seopress_robots_primary_cat":"","_seopress_titles_title":"","_seopress_titles_desc":"","_seopress_robots_index":""},"product_brand":[],"product_cat":[658],"product_tag":[],"class_list":{"0":"post-19711","1":"product","2":"type-product","3":"status-publish","4":"has-post-thumbnail","6":"product_cat-filter","9":"instock","10":"taxable","11":"shipping-taxable","12":"purchasable","13":"product-type-simple","14":"product-grid-view"},"_links":{"self":[{"href":"https:\/\/greenkingdom.ch\/de\/wp-json\/wp\/v2\/product\/19711","targetHints":{"allow":["GET"]}}],"collection":[{"href":"https:\/\/greenkingdom.ch\/de\/wp-json\/wp\/v2\/product"}],"about":[{"href":"https:\/\/greenkingdom.ch\/de\/wp-json\/wp\/v2\/types\/product"}],"replies":[{"embeddable":true,"href":"https:\/\/greenkingdom.ch\/de\/wp-json\/wp\/v2\/comments?post=19711"}],"version-history":[{"count":0,"href":"https:\/\/greenkingdom.ch\/de\/wp-json\/wp\/v2\/product\/19711\/revisions"}],"wp:featuredmedia":[{"embeddable":true,"href":"https:\/\/greenkingdom.ch\/de\/wp-json\/wp\/v2\/media\/7762"}],"wp:attachment":[{"href":"https:\/\/greenkingdom.ch\/de\/wp-json\/wp\/v2\/media?parent=19711"}],"wp:term":[{"taxonomy":"product_brand","embeddable":true,"href":"https:\/\/greenkingdom.ch\/de\/wp-json\/wp\/v2\/product_brand?post=19711"},{"taxonomy":"product_cat","embeddable":true,"href":"https:\/\/greenkingdom.ch\/de\/wp-json\/wp\/v2\/product_cat?post=19711"},{"taxonomy":"product_tag","embeddable":true,"href":"https:\/\/greenkingdom.ch\/de\/wp-json\/wp\/v2\/product_tag?post=19711"}],"curies":[{"name":"wp","href":"https:\/\/api.w.org\/{rel}","templated":true}]}}