{"id":19713,"date":"2024-10-11T16:35:19","date_gmt":"2024-10-11T14:35:19","guid":{"rendered":"https:\/\/greenkingdom.ch\/product\/on-balance-schiefer-waage-schwarz-100g-x-0-01g\/"},"modified":"2024-10-11T16:35:19","modified_gmt":"2024-10-11T14:35:19","slug":"on-balance-schiefer-waage-schwarz-100g-x-0-01g","status":"publish","type":"product","link":"https:\/\/greenkingdom.ch\/de\/produkt\/on-balance-schiefer-waage-schwarz-100g-x-0-01g\/","title":{"rendered":"On Balance Schiefer Waage Schwarz 100g x 0.01g"},"content":{"rendered":"<div class=\"value\">\n<h2>Balance On Balance SL-100 &#8211; Das ideale ultraleichte Werkzeug, um Ihr Gewicht genau zu messen!<\/h2>\n<p><\/p>\n<p><\/p>\n<h3>Die Balance On Balance SL-100 ist das neueste Juwel unter den Pr\u00e4zisionswaagen, das entwickelt wurde, um Ihren Alltag zu vereinfachen. Diese ultrad\u00fcnne Technologie kombiniert Pr\u00e4zision und Eleganz, um alle Ihre Anforderungen zu erf\u00fcllen. <\/h3>\n<p><\/p>\n<p><strong>Eleganz und Kompaktheit:<\/strong> Die Balance On Balance SL-100 zeichnet sich durch ihr elegantes Design und ihre kompakte Gr\u00f6\u00dfe aus, ideal f\u00fcr den praktischen Gebrauch im Alltag. Seine Soft-Touch-Oberfl\u00e4che verleiht ihm einen modernen Look, der sich nahtlos in jede Umgebung einf\u00fcgt. <\/p>\n<p><\/p>\n<p><strong>Schick in Schiefergrau<\/strong> : Das dezente Grau dieser Skala entf\u00fchrt Sie zu den Gipfeln der Rocky Mountains. Egal, ob Sie Ihre Ziele erreichen wollen oder bereits an der Spitze stehen, der SL-100 wird Ihr treuer Begleiter sein. <\/p>\n<p><\/p>\n<p><strong>Genauigkeit der Taschen:<\/strong> Trotz ihrer geringen Gr\u00f6\u00dfe bietet die Balance On Balance SL-100 eine beeindruckende Kapazit\u00e4t von 100 Gramm bei einer Genauigkeit von 0,01 Gramm. Ob Kochen, Schmuckdesign oder Kr\u00e4utermischungen, sie wird alle Ihre Bed\u00fcrfnisse erf\u00fcllen. <\/p>\n<p><\/p>\n<p>Die Zukunft des Gewichtsmanagements liegt in Ihren H\u00e4nden, mit dem Balance On Balance SL-100! Holen Sie sich noch heute diese ultrad\u00fcnne und elegante Waage f\u00fcr ein unvergleichliches Erlebnis von Pr\u00e4zision und Komfort. <\/p>\n<p><\/p>\n<p><\/p>\n<h3>Leistungsbeschreibung:<\/h3>\n<p><\/p>\n<ul>\n<li>Kapazit\u00e4t: 100 Gramm<\/li>\n<li>Genauigkeit: 0,01 Gramm<\/li>\n<\/ul>\n<p><\/p>\n<p><\/p>\n<\/div>\n<div class=\"product attribute ean\"><strong class=\"type\"> <span class=\"value ean\">EAN-0810093450176<\/span><\/strong><\/div>\n","protected":false},"excerpt":{"rendered":"<p>Balance On Balance SL-100 &#8211; Das ideale ultraleichte Werkzeug, um Ihr Gewicht genau zu messen! Die Balance On Balance SL-100 ist das neueste Juwel unter den Pr\u00e4zisionswaagen, das entwickelt wurde, um Ihren Alltag zu vereinfachen. Diese ultrad\u00fcnne Technologie kombiniert Pr\u00e4zision und Eleganz, um alle Ihre Anforderungen zu erf\u00fcllen. Eleganz und Kompaktheit: Die Balance On Balance [&hellip;]<\/p>\n","protected":false},"featured_media":7798,"comment_status":"open","ping_status":"closed","template":"","meta":{"_seopress_robots_primary_cat":"","_seopress_titles_title":"","_seopress_titles_desc":"","_seopress_robots_index":""},"product_brand":[],"product_cat":[643],"product_tag":[],"class_list":{"0":"post-19713","1":"product","2":"type-product","3":"status-publish","4":"has-post-thumbnail","6":"product_cat-waagen","9":"instock","10":"taxable","11":"shipping-taxable","12":"purchasable","13":"product-type-simple","14":"product-grid-view"},"_links":{"self":[{"href":"https:\/\/greenkingdom.ch\/de\/wp-json\/wp\/v2\/product\/19713","targetHints":{"allow":["GET"]}}],"collection":[{"href":"https:\/\/greenkingdom.ch\/de\/wp-json\/wp\/v2\/product"}],"about":[{"href":"https:\/\/greenkingdom.ch\/de\/wp-json\/wp\/v2\/types\/product"}],"replies":[{"embeddable":true,"href":"https:\/\/greenkingdom.ch\/de\/wp-json\/wp\/v2\/comments?post=19713"}],"version-history":[{"count":0,"href":"https:\/\/greenkingdom.ch\/de\/wp-json\/wp\/v2\/product\/19713\/revisions"}],"wp:featuredmedia":[{"embeddable":true,"href":"https:\/\/greenkingdom.ch\/de\/wp-json\/wp\/v2\/media\/7798"}],"wp:attachment":[{"href":"https:\/\/greenkingdom.ch\/de\/wp-json\/wp\/v2\/media?parent=19713"}],"wp:term":[{"taxonomy":"product_brand","embeddable":true,"href":"https:\/\/greenkingdom.ch\/de\/wp-json\/wp\/v2\/product_brand?post=19713"},{"taxonomy":"product_cat","embeddable":true,"href":"https:\/\/greenkingdom.ch\/de\/wp-json\/wp\/v2\/product_cat?post=19713"},{"taxonomy":"product_tag","embeddable":true,"href":"https:\/\/greenkingdom.ch\/de\/wp-json\/wp\/v2\/product_tag?post=19713"}],"curies":[{"name":"wp","href":"https:\/\/api.w.org\/{rel}","templated":true}]}}