{"id":19720,"date":"2024-10-11T16:35:40","date_gmt":"2024-10-11T14:35:40","guid":{"rendered":"https:\/\/greenkingdom.ch\/product\/kenex-optimo-100\/"},"modified":"2024-10-11T16:35:40","modified_gmt":"2024-10-11T14:35:40","slug":"kenex-optimo-100","status":"publish","type":"product","link":"https:\/\/greenkingdom.ch\/de\/produkt\/kenex-optimo-100\/","title":{"rendered":"Kenex Optimo-100"},"content":{"rendered":"<p>Die Optimo-Serie bietet die perfekte Kombination aus ultraflachem Design und \u00dcberlastschutz. Diese Waage ist ideal f\u00fcr die engsten Ges\u00e4\u00dftaschen und zeichnet sich durch elegante Silberfarben und ein Fassungsverm\u00f6gen von 100 g mit einer Genauigkeit von 0,01 g aus. Sein abnehmbarer Deckel und die Waagschale aus Edelstahl machen ihn zu einem zuverl\u00e4ssigen Begleiter im Alltag. Mit ihren 4 Wiegemodi und der automatischen Abschaltfunktion nach 180 Sekunden ist die Optimo-Serie die ideale Wahl f\u00fcr eine praktische und funktionale Waage. Einfach auf Knopfdruck zu starten, schnell und einfach zu kalibrieren, diese Waage macht Ihnen das Leben leichter! Stellen Sie es auf die Probe und erleben Sie die Pr\u00e4zision und Benutzerfreundlichkeit, die es Ihnen bietet. Erh\u00e4ltlich in unserem Shop mit der EAN 5060240030057.   <\/p>\n","protected":false},"excerpt":{"rendered":"<p>Die Optimo-Serie bietet die perfekte Kombination aus ultraflachem Design und \u00dcberlastschutz. Diese Waage ist ideal f\u00fcr die engsten Ges\u00e4\u00dftaschen und zeichnet sich durch elegante Silberfarben und ein Fassungsverm\u00f6gen von 100 g mit einer Genauigkeit von 0,01 g aus. Sein abnehmbarer Deckel und die Waagschale aus Edelstahl machen ihn zu einem zuverl\u00e4ssigen Begleiter im Alltag. Mit [&hellip;]<\/p>\n","protected":false},"featured_media":7813,"comment_status":"open","ping_status":"closed","template":"","meta":{"_seopress_robots_primary_cat":"","_seopress_titles_title":"","_seopress_titles_desc":"","_seopress_robots_index":""},"product_brand":[],"product_cat":[643],"product_tag":[],"class_list":{"0":"post-19720","1":"product","2":"type-product","3":"status-publish","4":"has-post-thumbnail","6":"product_cat-waagen","9":"instock","10":"taxable","11":"shipping-taxable","12":"purchasable","13":"product-type-simple","14":"product-grid-view"},"_links":{"self":[{"href":"https:\/\/greenkingdom.ch\/de\/wp-json\/wp\/v2\/product\/19720","targetHints":{"allow":["GET"]}}],"collection":[{"href":"https:\/\/greenkingdom.ch\/de\/wp-json\/wp\/v2\/product"}],"about":[{"href":"https:\/\/greenkingdom.ch\/de\/wp-json\/wp\/v2\/types\/product"}],"replies":[{"embeddable":true,"href":"https:\/\/greenkingdom.ch\/de\/wp-json\/wp\/v2\/comments?post=19720"}],"version-history":[{"count":0,"href":"https:\/\/greenkingdom.ch\/de\/wp-json\/wp\/v2\/product\/19720\/revisions"}],"wp:featuredmedia":[{"embeddable":true,"href":"https:\/\/greenkingdom.ch\/de\/wp-json\/wp\/v2\/media\/7813"}],"wp:attachment":[{"href":"https:\/\/greenkingdom.ch\/de\/wp-json\/wp\/v2\/media?parent=19720"}],"wp:term":[{"taxonomy":"product_brand","embeddable":true,"href":"https:\/\/greenkingdom.ch\/de\/wp-json\/wp\/v2\/product_brand?post=19720"},{"taxonomy":"product_cat","embeddable":true,"href":"https:\/\/greenkingdom.ch\/de\/wp-json\/wp\/v2\/product_cat?post=19720"},{"taxonomy":"product_tag","embeddable":true,"href":"https:\/\/greenkingdom.ch\/de\/wp-json\/wp\/v2\/product_tag?post=19720"}],"curies":[{"name":"wp","href":"https:\/\/api.w.org\/{rel}","templated":true}]}}