{"id":19726,"date":"2024-10-11T16:35:40","date_gmt":"2024-10-11T14:35:40","guid":{"rendered":"https:\/\/greenkingdom.ch\/product\/kenex-thekenwaage-3000\/"},"modified":"2024-10-11T16:35:40","modified_gmt":"2024-10-11T14:35:40","slug":"kenex-thekenwaage-3000","status":"publish","type":"product","link":"https:\/\/greenkingdom.ch\/de\/produkt\/kenex-thekenwaage-3000\/","title":{"rendered":"Kenex Thekenwaage 3000"},"content":{"rendered":"<p>Entdecken Sie die Tischwaage Kenex COUNTER, die sich mit ihrem gro\u00dfen Fassungsverm\u00f6gen perfekt f\u00fcr die K\u00fcche eignet. <\/p>\n<p>Dieses Modell wird mit einer praktischen 2-Liter-Sch\u00fcssel geliefert, die \u00fcber einen Ausgie\u00dfer verf\u00fcgt, der eine einfache Verwendung bei der Zubereitung Ihrer Rezepte erm\u00f6glicht.<\/p>\n<p>Eigenschaften:<br \/>\n&#8211; Farbe: Schwarz<br \/>\n&#8211; 3000 g Kapazit\u00e4t mit 0,1 g<br \/>\n Genauigkeit- 2 Liter Wiegeschale im Lieferumfang enthalten<br \/>\n&#8211; \u00dcberlastschutz<br \/>\n&#8211; 2 Wiegemodi: g\/oz<br \/>\n&#8211; Batterien enthalten<\/p>\n<p>EAN: 5060240030293<\/p>\n","protected":false},"excerpt":{"rendered":"<p>Entdecken Sie die Tischwaage Kenex COUNTER, die sich mit ihrem gro\u00dfen Fassungsverm\u00f6gen perfekt f\u00fcr die K\u00fcche eignet. Dieses Modell wird mit einer praktischen 2-Liter-Sch\u00fcssel geliefert, die \u00fcber einen Ausgie\u00dfer verf\u00fcgt, der eine einfache Verwendung bei der Zubereitung Ihrer Rezepte erm\u00f6glicht. Eigenschaften: &#8211; Farbe: Schwarz &#8211; 3000 g Kapazit\u00e4t mit 0,1 g Genauigkeit- 2 Liter Wiegeschale [&hellip;]<\/p>\n","protected":false},"featured_media":7810,"comment_status":"open","ping_status":"closed","template":"","meta":{"_seopress_robots_primary_cat":"","_seopress_titles_title":"","_seopress_titles_desc":"","_seopress_robots_index":""},"product_brand":[],"product_cat":[643],"product_tag":[],"class_list":{"0":"post-19726","1":"product","2":"type-product","3":"status-publish","4":"has-post-thumbnail","6":"product_cat-waagen","9":"instock","10":"taxable","11":"shipping-taxable","12":"purchasable","13":"product-type-simple","14":"product-grid-view"},"_links":{"self":[{"href":"https:\/\/greenkingdom.ch\/de\/wp-json\/wp\/v2\/product\/19726","targetHints":{"allow":["GET"]}}],"collection":[{"href":"https:\/\/greenkingdom.ch\/de\/wp-json\/wp\/v2\/product"}],"about":[{"href":"https:\/\/greenkingdom.ch\/de\/wp-json\/wp\/v2\/types\/product"}],"replies":[{"embeddable":true,"href":"https:\/\/greenkingdom.ch\/de\/wp-json\/wp\/v2\/comments?post=19726"}],"version-history":[{"count":0,"href":"https:\/\/greenkingdom.ch\/de\/wp-json\/wp\/v2\/product\/19726\/revisions"}],"wp:featuredmedia":[{"embeddable":true,"href":"https:\/\/greenkingdom.ch\/de\/wp-json\/wp\/v2\/media\/7810"}],"wp:attachment":[{"href":"https:\/\/greenkingdom.ch\/de\/wp-json\/wp\/v2\/media?parent=19726"}],"wp:term":[{"taxonomy":"product_brand","embeddable":true,"href":"https:\/\/greenkingdom.ch\/de\/wp-json\/wp\/v2\/product_brand?post=19726"},{"taxonomy":"product_cat","embeddable":true,"href":"https:\/\/greenkingdom.ch\/de\/wp-json\/wp\/v2\/product_cat?post=19726"},{"taxonomy":"product_tag","embeddable":true,"href":"https:\/\/greenkingdom.ch\/de\/wp-json\/wp\/v2\/product_tag?post=19726"}],"curies":[{"name":"wp","href":"https:\/\/api.w.org\/{rel}","templated":true}]}}