{"id":19739,"date":"2024-10-11T16:35:41","date_gmt":"2024-10-11T14:35:41","guid":{"rendered":"https:\/\/greenkingdom.ch\/product\/grosser-verchromter-drehbarer-aschenbecher-135cm\/"},"modified":"2024-10-11T16:35:41","modified_gmt":"2024-10-11T14:35:41","slug":"grosser-verchromter-drehbarer-aschenbecher-135cm","status":"publish","type":"product","link":"https:\/\/greenkingdom.ch\/de\/produkt\/grosser-verchromter-drehbarer-aschenbecher-135cm\/","title":{"rendered":"Gro\u00dfer verchromter drehbarer Aschenbecher 13,5cm"},"content":{"rendered":"<p>Breiter, drehbarer Aschenbecher in gl\u00e4nzendem Chrom, wirksam gegen starken Wind f\u00fcr einen reduzierten Rauchgeruch. Durchmesser: 13,5 cm, H\u00f6he: 7 cm. EAN: 9008122223872  <\/p>\n","protected":false},"excerpt":{"rendered":"<p>Breiter, drehbarer Aschenbecher in gl\u00e4nzendem Chrom, wirksam gegen starken Wind f\u00fcr einen reduzierten Rauchgeruch. Durchmesser: 13,5 cm, H\u00f6he: 7 cm. EAN: 9008122223872<\/p>\n","protected":false},"featured_media":7837,"comment_status":"open","ping_status":"closed","template":"","meta":{"_seopress_robots_primary_cat":"","_seopress_titles_title":"","_seopress_titles_desc":"","_seopress_robots_index":""},"product_brand":[],"product_cat":[649],"product_tag":[],"class_list":{"0":"post-19739","1":"product","2":"type-product","3":"status-publish","4":"has-post-thumbnail","6":"product_cat-aschenbecher","9":"instock","10":"taxable","11":"shipping-taxable","12":"purchasable","13":"product-type-simple","14":"product-grid-view"},"_links":{"self":[{"href":"https:\/\/greenkingdom.ch\/de\/wp-json\/wp\/v2\/product\/19739","targetHints":{"allow":["GET"]}}],"collection":[{"href":"https:\/\/greenkingdom.ch\/de\/wp-json\/wp\/v2\/product"}],"about":[{"href":"https:\/\/greenkingdom.ch\/de\/wp-json\/wp\/v2\/types\/product"}],"replies":[{"embeddable":true,"href":"https:\/\/greenkingdom.ch\/de\/wp-json\/wp\/v2\/comments?post=19739"}],"version-history":[{"count":0,"href":"https:\/\/greenkingdom.ch\/de\/wp-json\/wp\/v2\/product\/19739\/revisions"}],"wp:featuredmedia":[{"embeddable":true,"href":"https:\/\/greenkingdom.ch\/de\/wp-json\/wp\/v2\/media\/7837"}],"wp:attachment":[{"href":"https:\/\/greenkingdom.ch\/de\/wp-json\/wp\/v2\/media?parent=19739"}],"wp:term":[{"taxonomy":"product_brand","embeddable":true,"href":"https:\/\/greenkingdom.ch\/de\/wp-json\/wp\/v2\/product_brand?post=19739"},{"taxonomy":"product_cat","embeddable":true,"href":"https:\/\/greenkingdom.ch\/de\/wp-json\/wp\/v2\/product_cat?post=19739"},{"taxonomy":"product_tag","embeddable":true,"href":"https:\/\/greenkingdom.ch\/de\/wp-json\/wp\/v2\/product_tag?post=19739"}],"curies":[{"name":"wp","href":"https:\/\/api.w.org\/{rel}","templated":true}]}}