{"id":19743,"date":"2024-10-11T16:35:41","date_gmt":"2024-10-11T14:35:41","guid":{"rendered":"https:\/\/greenkingdom.ch\/product\/jennings-jsr-eco-400-400gx0-01g\/"},"modified":"2024-10-11T16:35:41","modified_gmt":"2024-10-11T14:35:41","slug":"jennings-jsr-eco-400-400gx0-01g","status":"publish","type":"product","link":"https:\/\/greenkingdom.ch\/de\/produkt\/jennings-jsr-eco-400-400gx0-01g\/","title":{"rendered":"Jennings JSR ECO 400 400gx0.01g"},"content":{"rendered":"<p>Entdecken Sie die Waage JSR-ECO! &#8211; Erweiterte M\u00fcnzz\u00e4hlfunktion<br \/>\n&#8211; Automatische Abschaltung zur<br \/>\n Energieeinsparung- Helles<br \/>\n rot beleuchtetes Display- Gro\u00dfes LCD-Display<br \/>\n&#8211; Tablett aus Edelstahl<br \/>\n&#8211; Tara\/Null-Funktion<br \/>\n&#8211; Batterien im Lieferumfang enthalten (2 x AAA)<br \/>\n&#8211; Deckel in Tablett<br \/>\n umwandelbar- Anti-\u00dcberlaufring W\u00e4gekapazit\u00e4t: 400 g x 0,1 g<br \/>\nMa\u00dfeinheiten: gn, dwt, ozt, ct, oz, g<\/p>\n<p>Verschiedene Ma\u00dfeinheiten enthalten:<br \/>\n&#8211; GN = K\u00f6rner- DWT = Gewicht in Cent- KG = Kilogramm<br \/>\n&#8211; PCS = St\u00fcck<br \/>\n&#8211; LBS = Pfund<\/p>\n<p>&#8211; MG = Milligramm<\/p>\n<p>&#8211; CT = Karat<br \/>\n&#8211; 1\/8OZ &#8211; 1\/4OZ = Bruchteil einer EAN-Unze: 716165290421<\/p>\n","protected":false},"excerpt":{"rendered":"<p>Entdecken Sie die Waage JSR-ECO! &#8211; Erweiterte M\u00fcnzz\u00e4hlfunktion &#8211; Automatische Abschaltung zur Energieeinsparung- Helles rot beleuchtetes Display- Gro\u00dfes LCD-Display &#8211; Tablett aus Edelstahl &#8211; Tara\/Null-Funktion &#8211; Batterien im Lieferumfang enthalten (2 x AAA) &#8211; Deckel in Tablett umwandelbar- Anti-\u00dcberlaufring W\u00e4gekapazit\u00e4t: 400 g x 0,1 g Ma\u00dfeinheiten: gn, dwt, ozt, ct, oz, g Verschiedene Ma\u00dfeinheiten enthalten: [&hellip;]<\/p>\n","protected":false},"featured_media":7819,"comment_status":"open","ping_status":"closed","template":"","meta":{"_seopress_robots_primary_cat":"","_seopress_titles_title":"","_seopress_titles_desc":"","_seopress_robots_index":""},"product_brand":[],"product_cat":[643],"product_tag":[],"class_list":{"0":"post-19743","1":"product","2":"type-product","3":"status-publish","4":"has-post-thumbnail","6":"product_cat-waagen","9":"instock","10":"taxable","11":"shipping-taxable","12":"purchasable","13":"product-type-simple","14":"product-grid-view"},"_links":{"self":[{"href":"https:\/\/greenkingdom.ch\/de\/wp-json\/wp\/v2\/product\/19743","targetHints":{"allow":["GET"]}}],"collection":[{"href":"https:\/\/greenkingdom.ch\/de\/wp-json\/wp\/v2\/product"}],"about":[{"href":"https:\/\/greenkingdom.ch\/de\/wp-json\/wp\/v2\/types\/product"}],"replies":[{"embeddable":true,"href":"https:\/\/greenkingdom.ch\/de\/wp-json\/wp\/v2\/comments?post=19743"}],"version-history":[{"count":0,"href":"https:\/\/greenkingdom.ch\/de\/wp-json\/wp\/v2\/product\/19743\/revisions"}],"wp:featuredmedia":[{"embeddable":true,"href":"https:\/\/greenkingdom.ch\/de\/wp-json\/wp\/v2\/media\/7819"}],"wp:attachment":[{"href":"https:\/\/greenkingdom.ch\/de\/wp-json\/wp\/v2\/media?parent=19743"}],"wp:term":[{"taxonomy":"product_brand","embeddable":true,"href":"https:\/\/greenkingdom.ch\/de\/wp-json\/wp\/v2\/product_brand?post=19743"},{"taxonomy":"product_cat","embeddable":true,"href":"https:\/\/greenkingdom.ch\/de\/wp-json\/wp\/v2\/product_cat?post=19743"},{"taxonomy":"product_tag","embeddable":true,"href":"https:\/\/greenkingdom.ch\/de\/wp-json\/wp\/v2\/product_tag?post=19743"}],"curies":[{"name":"wp","href":"https:\/\/api.w.org\/{rel}","templated":true}]}}