{"id":19746,"date":"2024-10-11T16:35:41","date_gmt":"2024-10-11T14:35:41","guid":{"rendered":"https:\/\/greenkingdom.ch\/product\/blazer-flexible-turbo-torch-dual-flame-blau\/"},"modified":"2024-10-11T16:35:41","modified_gmt":"2024-10-11T14:35:41","slug":"blazer-flexible-turbo-torch-dual-flame-blau","status":"publish","type":"product","link":"https:\/\/greenkingdom.ch\/de\/produkt\/blazer-flexible-turbo-torch-dual-flame-blau\/","title":{"rendered":"Blazer Flexible Turbo Torch Dual Flame Blau"},"content":{"rendered":"<p>Schreiben Sie die Produktbeschreibung neu:<\/p>\n<div class=\"value\">\n<h2>Blazer Flexible Turbo Torch Dual Flame<\/h2>\n<p> <!--StartFragment--> <\/p>\n<p>  Der Blazer\u00ae FX-1000 ist ein flexibler Dual-Flammen-Brenner mit Turbolader, der jeden Dab schnell verdampft.<\/p>\n<ul>\n<li>Leistungsstarke, windbest\u00e4ndige Flamme bei 1.371,1 \u00b0C<\/li>\n<li>Brennerkopf in 3 Winkeln verstellbar (90\u00b0, 135\u00b0, 180\u00b0)<\/li>\n<li>Sofortige Z\u00fcndung durch piezoelektrisches System<\/li>\n<li>Lockout f\u00fcr den Dauereinsatz von bis zu 60 Minuten<\/li>\n<li>Luftstromregler f\u00fcr eine Doppelflamme<\/li>\n<li>Kinderschutz<\/li>\n<li>Einh\u00e4ndige Bedienung<\/li>\n<li>St\u00e4nder f\u00fcr den freih\u00e4ndigen Gebrauch<\/li>\n<li>Hochwertig eloxiertes Finish<\/li>\n<\/ul>\n<p>  Der verstellbare Brennerkopf erm\u00f6glicht verschiedene Anwendungen, w\u00e4hrend der abnehmbare St\u00e4nder eine bequeme Verwendung auf dem Tisch erm\u00f6glicht. Der Luftstromregler erm\u00f6glicht den \u00dcbergang von einer intensiven blauen Flamme zu einer weicheren gelben Flamme.   <\/p>\n<p>  30 ml Butangas Kapazit\u00e4t (separat erh\u00e4ltlich) erm\u00f6glicht eine Brenndauer von 60-90 Minuten.  <\/p>\n<h3>Technische Daten:<\/h3>\n<ul>\n<li>Farbe: Blau<\/li>\n<li>H\u00f6he: 190 mm<\/li>\n<li>Durchmesser: 42 mm<\/li>\n<li>System: Dual Flame<\/li>\n<li>Elektronische Z\u00fcndung<\/li>\n<li>Wiederaufladbar<\/li>\n<\/ul>\n<p> <!--EndFragment--><\/div>\n<div class=\"product attribute ean\"> <strong class=\"type\"> <span class=\"value ean\">EAN-853059001081<\/span><\/strong> <\/div>\n","protected":false},"excerpt":{"rendered":"<p>Schreiben Sie die Produktbeschreibung neu: Blazer Flexible Turbo Torch Dual Flame Der Blazer\u00ae FX-1000 ist ein flexibler Dual-Flammen-Brenner mit Turbolader, der jeden Dab schnell verdampft. Leistungsstarke, windbest\u00e4ndige Flamme bei 1.371,1 \u00b0C Brennerkopf in 3 Winkeln verstellbar (90\u00b0, 135\u00b0, 180\u00b0) Sofortige Z\u00fcndung durch piezoelektrisches System Lockout f\u00fcr den Dauereinsatz von bis zu 60 Minuten Luftstromregler f\u00fcr [&hellip;]<\/p>\n","protected":false},"featured_media":7825,"comment_status":"open","ping_status":"closed","template":"","meta":{"_seopress_robots_primary_cat":"","_seopress_titles_title":"","_seopress_titles_desc":"","_seopress_robots_index":""},"product_brand":[],"product_cat":[646],"product_tag":[],"class_list":{"0":"post-19746","1":"product","2":"type-product","3":"status-publish","4":"has-post-thumbnail","6":"product_cat-feuerzeuge","9":"instock","10":"taxable","11":"shipping-taxable","12":"purchasable","13":"product-type-simple","14":"product-grid-view"},"_links":{"self":[{"href":"https:\/\/greenkingdom.ch\/de\/wp-json\/wp\/v2\/product\/19746","targetHints":{"allow":["GET"]}}],"collection":[{"href":"https:\/\/greenkingdom.ch\/de\/wp-json\/wp\/v2\/product"}],"about":[{"href":"https:\/\/greenkingdom.ch\/de\/wp-json\/wp\/v2\/types\/product"}],"replies":[{"embeddable":true,"href":"https:\/\/greenkingdom.ch\/de\/wp-json\/wp\/v2\/comments?post=19746"}],"version-history":[{"count":0,"href":"https:\/\/greenkingdom.ch\/de\/wp-json\/wp\/v2\/product\/19746\/revisions"}],"wp:featuredmedia":[{"embeddable":true,"href":"https:\/\/greenkingdom.ch\/de\/wp-json\/wp\/v2\/media\/7825"}],"wp:attachment":[{"href":"https:\/\/greenkingdom.ch\/de\/wp-json\/wp\/v2\/media?parent=19746"}],"wp:term":[{"taxonomy":"product_brand","embeddable":true,"href":"https:\/\/greenkingdom.ch\/de\/wp-json\/wp\/v2\/product_brand?post=19746"},{"taxonomy":"product_cat","embeddable":true,"href":"https:\/\/greenkingdom.ch\/de\/wp-json\/wp\/v2\/product_cat?post=19746"},{"taxonomy":"product_tag","embeddable":true,"href":"https:\/\/greenkingdom.ch\/de\/wp-json\/wp\/v2\/product_tag?post=19746"}],"curies":[{"name":"wp","href":"https:\/\/api.w.org\/{rel}","templated":true}]}}