{"id":19750,"date":"2024-10-11T16:35:42","date_gmt":"2024-10-11T14:35:42","guid":{"rendered":"https:\/\/greenkingdom.ch\/product\/boveda-c-vault-klein-14g\/"},"modified":"2024-10-11T16:35:42","modified_gmt":"2024-10-11T14:35:42","slug":"boveda-c-vault-klein-14g","status":"publish","type":"product","link":"https:\/\/greenkingdom.ch\/de\/produkt\/boveda-c-vault-klein-14g\/","title":{"rendered":"Boveda C Vault Klein 14g"},"content":{"rendered":"<h2>Boveda C Vault &#8211; Sch\u00fctze und halte Dein Cannabis frisch.<\/h2>\n<h3>Boveda C Vault sorgt f\u00fcr eine optimale Konservierung Ihres Cannabis bei gleichzeitiger Beibehaltung seiner Frische.<\/h3>\n<p>Sch\u00fctze Deinen Vorrat vor Schimmel, Austrocknung und Terpenverlust. Boveda C Vault bewahrt das Aroma, den Geschmack und die Potenz Deines Cannabis bis zum Mahlen. Die innovative Technologie von Boveda schafft Schutz um Terpene und Cannabinoide durch eine Schicht aus gereinigten Wassermolek\u00fclen. Das undurchsichtige Edelstahldesign verhindert den Abbau von Cannabis, w\u00e4hrend die Silikondichtung in Lebensmittelqualit\u00e4t f\u00fcr eine luftdichte Umgebung sorgt und Oxidation verhindert. Der Boveda C Vault ist unzerbrechlich und bietet eine Lebensdauer von 2 Jahren. Einfach zu verwenden, lege Boveda einfach in den speziell entwickelten Deckel, um Deine frischen Cannabisbl\u00fcten sofort zu genie\u00dfen. Alle 3 Monate austauschen, um eine optimale Zwei-Wege-Feuchtigkeitskontrolle zu gew\u00e4hrleisten. **Eigenschaften :**<br \/>\n&#8211; Schutz vor Schimmel, Trockenheit und Terpenverlust<br \/>\n&#8211; Bewahrt Aroma, Geschmack und Potenz<br \/>\n&#8211; Undurchsichtiges<br \/>\n Edelstahldesign- Luftdichte<br \/>\n Silikondichtung- Bruchsicher<br \/>\n&#8211; 2 Jahre<br \/>\n Haltbarkeit- Einfacher Austausch alle 3 MonateBietet optimalen Schutz f\u00fcr die Konservierung Ihres Cannabis bei gleichzeitiger Beibehaltung seiner Frische. Vertrauen Sie Boveda, um qualitativ hochwertiges Cannabis zu genie\u00dfen. <\/p>\n","protected":false},"excerpt":{"rendered":"<p>Boveda C Vault &#8211; Sch\u00fctze und halte Dein Cannabis frisch. Boveda C Vault sorgt f\u00fcr eine optimale Konservierung Ihres Cannabis bei gleichzeitiger Beibehaltung seiner Frische. Sch\u00fctze Deinen Vorrat vor Schimmel, Austrocknung und Terpenverlust. Boveda C Vault bewahrt das Aroma, den Geschmack und die Potenz Deines Cannabis bis zum Mahlen. Die innovative Technologie von Boveda schafft [&hellip;]<\/p>\n","protected":false},"featured_media":7861,"comment_status":"open","ping_status":"closed","template":"","meta":{"_seopress_robots_primary_cat":"","_seopress_titles_title":"","_seopress_titles_desc":"","_seopress_robots_index":""},"product_brand":[],"product_cat":[664],"product_tag":[],"class_list":{"0":"post-19750","1":"product","2":"type-product","3":"status-publish","4":"has-post-thumbnail","6":"product_cat-lagerung","9":"instock","10":"taxable","11":"shipping-taxable","12":"purchasable","13":"product-type-simple","14":"product-grid-view"},"_links":{"self":[{"href":"https:\/\/greenkingdom.ch\/de\/wp-json\/wp\/v2\/product\/19750","targetHints":{"allow":["GET"]}}],"collection":[{"href":"https:\/\/greenkingdom.ch\/de\/wp-json\/wp\/v2\/product"}],"about":[{"href":"https:\/\/greenkingdom.ch\/de\/wp-json\/wp\/v2\/types\/product"}],"replies":[{"embeddable":true,"href":"https:\/\/greenkingdom.ch\/de\/wp-json\/wp\/v2\/comments?post=19750"}],"version-history":[{"count":0,"href":"https:\/\/greenkingdom.ch\/de\/wp-json\/wp\/v2\/product\/19750\/revisions"}],"wp:featuredmedia":[{"embeddable":true,"href":"https:\/\/greenkingdom.ch\/de\/wp-json\/wp\/v2\/media\/7861"}],"wp:attachment":[{"href":"https:\/\/greenkingdom.ch\/de\/wp-json\/wp\/v2\/media?parent=19750"}],"wp:term":[{"taxonomy":"product_brand","embeddable":true,"href":"https:\/\/greenkingdom.ch\/de\/wp-json\/wp\/v2\/product_brand?post=19750"},{"taxonomy":"product_cat","embeddable":true,"href":"https:\/\/greenkingdom.ch\/de\/wp-json\/wp\/v2\/product_cat?post=19750"},{"taxonomy":"product_tag","embeddable":true,"href":"https:\/\/greenkingdom.ch\/de\/wp-json\/wp\/v2\/product_tag?post=19750"}],"curies":[{"name":"wp","href":"https:\/\/api.w.org\/{rel}","templated":true}]}}