{"id":19755,"date":"2024-10-11T16:35:42","date_gmt":"2024-10-11T14:35:42","guid":{"rendered":"https:\/\/greenkingdom.ch\/product\/boveda-c-vault-medium-28g\/"},"modified":"2024-10-11T16:35:42","modified_gmt":"2024-10-11T14:35:42","slug":"boveda-c-vault-medium-28g","status":"publish","type":"product","link":"https:\/\/greenkingdom.ch\/de\/produkt\/boveda-c-vault-medium-28g\/","title":{"rendered":"Boveda C Vault Medium 28g"},"content":{"rendered":"<p>Der Boveda C Vault &#8211; Ultimativer Schutz, um Dein wertvolles Cannabis zu konservieren. Mit dem Boveda C Vault k\u00f6nnen Sie Ihre Ernte optimal lagern und gleichzeitig ihre Frische bewahren. Garantierter Schutz vor Schimmel, Austrocknung und Terpenverlust. Diese Truhe bewahrt das Aroma, den Geschmack und die Potenz Deines Cannabis bis zum endg\u00fcltigen Mahlen. Dank der innovativen Technologie von Boveda umgibt jedes Molek\u00fcl des gereinigten Wassers sorgf\u00e4ltig Terpene und Cannabinoide, um maximalen Schutz zu gew\u00e4hrleisten. Sein undurchsichtiges Edelstahldesign verhindert das Altern von Cannabis, w\u00e4hrend die Silikondichtung in Lebensmittelqualit\u00e4t eine luftdichte Umgebung schafft, die Oxidation verhindert. Dar\u00fcber hinaus ist der Boveda C Vault im Gegensatz zu Glasbeh\u00e4ltern unzerbrechlich. Ihr Boveda wird werkseitig versiegelt geliefert, um seine Qualit\u00e4t zu gew\u00e4hrleisten. Alle 3 Monate austauschen, um eine optimale Zwei-Wege-Feuchtigkeitskontrolle zu gew\u00e4hrleisten. Entscheide Dich f\u00fcr die perfekte L\u00f6sung, um Dein Cannabis mit dem Boveda C Vault frisch und sicher zu halten und genie\u00dfe die beste Qualit\u00e4t dank der fortschrittlichen Technologie von Boveda.   <\/p>\n","protected":false},"excerpt":{"rendered":"<p>Der Boveda C Vault &#8211; Ultimativer Schutz, um Dein wertvolles Cannabis zu konservieren. Mit dem Boveda C Vault k\u00f6nnen Sie Ihre Ernte optimal lagern und gleichzeitig ihre Frische bewahren. Garantierter Schutz vor Schimmel, Austrocknung und Terpenverlust. Diese Truhe bewahrt das Aroma, den Geschmack und die Potenz Deines Cannabis bis zum endg\u00fcltigen Mahlen. Dank der innovativen [&hellip;]<\/p>\n","protected":false},"featured_media":7867,"comment_status":"open","ping_status":"closed","template":"","meta":{"_seopress_robots_primary_cat":"","_seopress_titles_title":"","_seopress_titles_desc":"","_seopress_robots_index":""},"product_brand":[],"product_cat":[664],"product_tag":[],"class_list":{"0":"post-19755","1":"product","2":"type-product","3":"status-publish","4":"has-post-thumbnail","6":"product_cat-lagerung","9":"instock","10":"taxable","11":"shipping-taxable","12":"purchasable","13":"product-type-simple","14":"product-grid-view"},"_links":{"self":[{"href":"https:\/\/greenkingdom.ch\/de\/wp-json\/wp\/v2\/product\/19755","targetHints":{"allow":["GET"]}}],"collection":[{"href":"https:\/\/greenkingdom.ch\/de\/wp-json\/wp\/v2\/product"}],"about":[{"href":"https:\/\/greenkingdom.ch\/de\/wp-json\/wp\/v2\/types\/product"}],"replies":[{"embeddable":true,"href":"https:\/\/greenkingdom.ch\/de\/wp-json\/wp\/v2\/comments?post=19755"}],"version-history":[{"count":0,"href":"https:\/\/greenkingdom.ch\/de\/wp-json\/wp\/v2\/product\/19755\/revisions"}],"wp:featuredmedia":[{"embeddable":true,"href":"https:\/\/greenkingdom.ch\/de\/wp-json\/wp\/v2\/media\/7867"}],"wp:attachment":[{"href":"https:\/\/greenkingdom.ch\/de\/wp-json\/wp\/v2\/media?parent=19755"}],"wp:term":[{"taxonomy":"product_brand","embeddable":true,"href":"https:\/\/greenkingdom.ch\/de\/wp-json\/wp\/v2\/product_brand?post=19755"},{"taxonomy":"product_cat","embeddable":true,"href":"https:\/\/greenkingdom.ch\/de\/wp-json\/wp\/v2\/product_cat?post=19755"},{"taxonomy":"product_tag","embeddable":true,"href":"https:\/\/greenkingdom.ch\/de\/wp-json\/wp\/v2\/product_tag?post=19755"}],"curies":[{"name":"wp","href":"https:\/\/api.w.org\/{rel}","templated":true}]}}