{"id":19762,"date":"2024-10-11T16:35:42","date_gmt":"2024-10-11T14:35:42","guid":{"rendered":"https:\/\/greenkingdom.ch\/product\/drehaschenbecher-shiny-rainbow-11cm\/"},"modified":"2024-10-11T16:35:42","modified_gmt":"2024-10-11T14:35:42","slug":"drehaschenbecher-shiny-rainbow-11cm","status":"publish","type":"product","link":"https:\/\/greenkingdom.ch\/de\/produkt\/drehaschenbecher-shiny-rainbow-11cm\/","title":{"rendered":"Drehaschenbecher Shiny Rainbow 11cm"},"content":{"rendered":"<p>Dieser drehbare Aschenbecher aus Metall verf\u00fcgt \u00fcber den beliebten Drehmechanismus und einen cleveren Deckel mit drei Aufbewahrungsf\u00e4chern f\u00fcr Zigaretten. Mit einem Durchmesser von 11 cm bietet sie ausreichend Platz f\u00fcr Zigarettenkippen. Verleihen Sie Ihrem Alltag mit diesem einzigartigen Aschenbecher einen Hauch von Praktikabilit\u00e4t und Stil. Profitieren Sie noch heute davon!   <\/p>\n","protected":false},"excerpt":{"rendered":"<p>Dieser drehbare Aschenbecher aus Metall verf\u00fcgt \u00fcber den beliebten Drehmechanismus und einen cleveren Deckel mit drei Aufbewahrungsf\u00e4chern f\u00fcr Zigaretten. Mit einem Durchmesser von 11 cm bietet sie ausreichend Platz f\u00fcr Zigarettenkippen. Verleihen Sie Ihrem Alltag mit diesem einzigartigen Aschenbecher einen Hauch von Praktikabilit\u00e4t und Stil. Profitieren Sie noch heute davon!<\/p>\n","protected":false},"featured_media":7852,"comment_status":"open","ping_status":"closed","template":"","meta":{"_seopress_robots_primary_cat":"","_seopress_titles_title":"","_seopress_titles_desc":"","_seopress_robots_index":""},"product_brand":[],"product_cat":[649],"product_tag":[],"class_list":{"0":"post-19762","1":"product","2":"type-product","3":"status-publish","4":"has-post-thumbnail","6":"product_cat-aschenbecher","9":"instock","10":"taxable","11":"shipping-taxable","12":"purchasable","13":"product-type-simple","14":"product-grid-view"},"_links":{"self":[{"href":"https:\/\/greenkingdom.ch\/de\/wp-json\/wp\/v2\/product\/19762","targetHints":{"allow":["GET"]}}],"collection":[{"href":"https:\/\/greenkingdom.ch\/de\/wp-json\/wp\/v2\/product"}],"about":[{"href":"https:\/\/greenkingdom.ch\/de\/wp-json\/wp\/v2\/types\/product"}],"replies":[{"embeddable":true,"href":"https:\/\/greenkingdom.ch\/de\/wp-json\/wp\/v2\/comments?post=19762"}],"version-history":[{"count":0,"href":"https:\/\/greenkingdom.ch\/de\/wp-json\/wp\/v2\/product\/19762\/revisions"}],"wp:featuredmedia":[{"embeddable":true,"href":"https:\/\/greenkingdom.ch\/de\/wp-json\/wp\/v2\/media\/7852"}],"wp:attachment":[{"href":"https:\/\/greenkingdom.ch\/de\/wp-json\/wp\/v2\/media?parent=19762"}],"wp:term":[{"taxonomy":"product_brand","embeddable":true,"href":"https:\/\/greenkingdom.ch\/de\/wp-json\/wp\/v2\/product_brand?post=19762"},{"taxonomy":"product_cat","embeddable":true,"href":"https:\/\/greenkingdom.ch\/de\/wp-json\/wp\/v2\/product_cat?post=19762"},{"taxonomy":"product_tag","embeddable":true,"href":"https:\/\/greenkingdom.ch\/de\/wp-json\/wp\/v2\/product_tag?post=19762"}],"curies":[{"name":"wp","href":"https:\/\/api.w.org\/{rel}","templated":true}]}}