{"id":19764,"date":"2024-10-11T16:35:43","date_gmt":"2024-10-11T14:35:43","guid":{"rendered":"https:\/\/greenkingdom.ch\/product\/v-syndicate-glastray-s-raupe-125-x-165mm\/"},"modified":"2024-10-11T16:35:43","modified_gmt":"2024-10-11T14:35:43","slug":"v-syndicate-glastray-s-raupe-125-x-165mm","status":"publish","type":"product","link":"https:\/\/greenkingdom.ch\/de\/produkt\/v-syndicate-glastray-s-raupe-125-x-165mm\/","title":{"rendered":"V Syndicate Glastray S Raupe 125 x 165mm"},"content":{"rendered":"<p>Entdecken Sie die V Syndicate Glasplatte, ein hochwertiges Kultobjekt! Verwandeln Sie es in einen Aschenbecher, eine Obstschale oder verwenden Sie es, um Ihre Lieblingskr\u00e4uter zu rollen. Gr\u00f6\u00dfe: 125x165mm. K\u00f6nnte es ein beliebtes Sammlerst\u00fcck werden? EAN: 783515090956.    <\/p>\n","protected":false},"excerpt":{"rendered":"<p>Entdecken Sie die V Syndicate Glasplatte, ein hochwertiges Kultobjekt! Verwandeln Sie es in einen Aschenbecher, eine Obstschale oder verwenden Sie es, um Ihre Lieblingskr\u00e4uter zu rollen. Gr\u00f6\u00dfe: 125x165mm. K\u00f6nnte es ein beliebtes Sammlerst\u00fcck werden? EAN: 783515090956.<\/p>\n","protected":false},"featured_media":7906,"comment_status":"open","ping_status":"closed","template":"","meta":{"_seopress_robots_primary_cat":"","_seopress_titles_title":"","_seopress_titles_desc":"","_seopress_robots_index":""},"product_brand":[],"product_cat":[652],"product_tag":[],"class_list":{"0":"post-19764","1":"product","2":"type-product","3":"status-publish","4":"has-post-thumbnail","6":"product_cat-verschiedenes-de","9":"instock","10":"taxable","11":"shipping-taxable","12":"purchasable","13":"product-type-simple","14":"product-grid-view"},"_links":{"self":[{"href":"https:\/\/greenkingdom.ch\/de\/wp-json\/wp\/v2\/product\/19764","targetHints":{"allow":["GET"]}}],"collection":[{"href":"https:\/\/greenkingdom.ch\/de\/wp-json\/wp\/v2\/product"}],"about":[{"href":"https:\/\/greenkingdom.ch\/de\/wp-json\/wp\/v2\/types\/product"}],"replies":[{"embeddable":true,"href":"https:\/\/greenkingdom.ch\/de\/wp-json\/wp\/v2\/comments?post=19764"}],"version-history":[{"count":0,"href":"https:\/\/greenkingdom.ch\/de\/wp-json\/wp\/v2\/product\/19764\/revisions"}],"wp:featuredmedia":[{"embeddable":true,"href":"https:\/\/greenkingdom.ch\/de\/wp-json\/wp\/v2\/media\/7906"}],"wp:attachment":[{"href":"https:\/\/greenkingdom.ch\/de\/wp-json\/wp\/v2\/media?parent=19764"}],"wp:term":[{"taxonomy":"product_brand","embeddable":true,"href":"https:\/\/greenkingdom.ch\/de\/wp-json\/wp\/v2\/product_brand?post=19764"},{"taxonomy":"product_cat","embeddable":true,"href":"https:\/\/greenkingdom.ch\/de\/wp-json\/wp\/v2\/product_cat?post=19764"},{"taxonomy":"product_tag","embeddable":true,"href":"https:\/\/greenkingdom.ch\/de\/wp-json\/wp\/v2\/product_tag?post=19764"}],"curies":[{"name":"wp","href":"https:\/\/api.w.org\/{rel}","templated":true}]}}