{"id":19769,"date":"2024-10-11T16:35:42","date_gmt":"2024-10-11T14:35:42","guid":{"rendered":"https:\/\/greenkingdom.ch\/product\/raw-regal-winddichter-aschenbecher-schwarz\/"},"modified":"2024-10-11T16:35:42","modified_gmt":"2024-10-11T14:35:42","slug":"raw-regal-winddichter-aschenbecher-schwarz","status":"publish","type":"product","link":"https:\/\/greenkingdom.ch\/de\/produkt\/raw-regal-winddichter-aschenbecher-schwarz\/","title":{"rendered":"RAW Regal Winddichter Aschenbecher Schwarz"},"content":{"rendered":"<p>Der RAW Regal Aschenbecher ist das Must-Have-Accessoire f\u00fcr alle Raucher! Aus hochwertigem, robustem Metall gefertigt, vereint dieser Aschenbecher mit einzigartigem Kreuz-Design Stil und Funktionalit\u00e4t. Durch seine solide Bauweise ist er perfekt f\u00fcr den Einsatz im Freien geeignet, auch bei windigem Wetter bis zu 30 km\/h. Mit seinen kompakten Ma\u00dfen von 8 cm L\u00e4nge, 8 cm Tiefe und 4 cm H\u00f6he eignet sich der RAW Regal Aschenbecher perfekt f\u00fcr den Einsatz zu Hause, im Park oder unterwegs. Gib Dich nicht mit einem gew\u00f6hnlichen Aschenbecher zufrieden, entscheide Dich f\u00fcr den RAW Regal und rauche mit Stil! Dieser Aschenbecher ist nicht nur praktisch, sondern auch ein wahres Schmuckst\u00fcck f\u00fcr anspruchsvolle Raucher. Bestellen Sie jetzt f\u00fcr ein verbessertes Raucherlebnis! Eigenschaften:<br \/>\n&#8211; RAW<br \/>\n Regal Aschenbecher- Hergestellt aus hochwertigem<br \/>\n Schwermetall- Einzigartiges<br \/>\n Kreuzdesign- Windabweisend<br \/>\n&#8211; Ma\u00dfe: 8 cm x 8 cm x 4 cm EAN: 0716165295266  <\/p>\n","protected":false},"excerpt":{"rendered":"<p>Der RAW Regal Aschenbecher ist das Must-Have-Accessoire f\u00fcr alle Raucher! Aus hochwertigem, robustem Metall gefertigt, vereint dieser Aschenbecher mit einzigartigem Kreuz-Design Stil und Funktionalit\u00e4t. Durch seine solide Bauweise ist er perfekt f\u00fcr den Einsatz im Freien geeignet, auch bei windigem Wetter bis zu 30 km\/h. Mit seinen kompakten Ma\u00dfen von 8 cm L\u00e4nge, 8 cm [&hellip;]<\/p>\n","protected":false},"featured_media":7849,"comment_status":"open","ping_status":"closed","template":"","meta":{"_seopress_robots_primary_cat":"","_seopress_titles_title":"","_seopress_titles_desc":"","_seopress_robots_index":""},"product_brand":[],"product_cat":[649],"product_tag":[],"class_list":{"0":"post-19769","1":"product","2":"type-product","3":"status-publish","4":"has-post-thumbnail","6":"product_cat-aschenbecher","9":"instock","10":"taxable","11":"shipping-taxable","12":"purchasable","13":"product-type-simple","14":"product-grid-view"},"_links":{"self":[{"href":"https:\/\/greenkingdom.ch\/de\/wp-json\/wp\/v2\/product\/19769","targetHints":{"allow":["GET"]}}],"collection":[{"href":"https:\/\/greenkingdom.ch\/de\/wp-json\/wp\/v2\/product"}],"about":[{"href":"https:\/\/greenkingdom.ch\/de\/wp-json\/wp\/v2\/types\/product"}],"replies":[{"embeddable":true,"href":"https:\/\/greenkingdom.ch\/de\/wp-json\/wp\/v2\/comments?post=19769"}],"version-history":[{"count":0,"href":"https:\/\/greenkingdom.ch\/de\/wp-json\/wp\/v2\/product\/19769\/revisions"}],"wp:featuredmedia":[{"embeddable":true,"href":"https:\/\/greenkingdom.ch\/de\/wp-json\/wp\/v2\/media\/7849"}],"wp:attachment":[{"href":"https:\/\/greenkingdom.ch\/de\/wp-json\/wp\/v2\/media?parent=19769"}],"wp:term":[{"taxonomy":"product_brand","embeddable":true,"href":"https:\/\/greenkingdom.ch\/de\/wp-json\/wp\/v2\/product_brand?post=19769"},{"taxonomy":"product_cat","embeddable":true,"href":"https:\/\/greenkingdom.ch\/de\/wp-json\/wp\/v2\/product_cat?post=19769"},{"taxonomy":"product_tag","embeddable":true,"href":"https:\/\/greenkingdom.ch\/de\/wp-json\/wp\/v2\/product_tag?post=19769"}],"curies":[{"name":"wp","href":"https:\/\/api.w.org\/{rel}","templated":true}]}}