{"id":19771,"date":"2024-10-11T16:35:43","date_gmt":"2024-10-11T14:35:43","guid":{"rendered":"https:\/\/greenkingdom.ch\/product\/tightvac-breadvac-solid-schwarz-10l\/"},"modified":"2024-10-11T16:35:43","modified_gmt":"2024-10-11T14:35:43","slug":"tightvac-breadvac-solid-schwarz-10l","status":"publish","type":"product","link":"https:\/\/greenkingdom.ch\/de\/produkt\/tightvac-breadvac-solid-schwarz-10l\/","title":{"rendered":"Tightvac Breadvac Solid Schwarz 10L"},"content":{"rendered":"<p>Entdecken Sie den Tightvac 10L &#8211; Halten Sie Ihre Kr\u00e4uter diskret frisch! Der Tightvac 10L ist dank seiner revolution\u00e4ren Vakuumtechnologie v\u00f6llig geruchlos! Durch das Schlie\u00dfen der Box wird ein starkes Vakuum erzeugt, um zu verhindern, dass Ger\u00fcche entweichen. Durch Dr\u00fccken der Vac-Taste k\u00f6nnen Sie die Box einfach \u00f6ffnen und dann fest verschlie\u00dfen, um Ihre Kr\u00e4uter oder Ihren Tabak frisch und konserviert zu halten. Dieser Beh\u00e4lter ist ideal f\u00fcr Festivals, Kanufahren und alle Ihre Outdoor-Aktivit\u00e4ten. Es kann auch als Frischebeh\u00e4lter zu Hause verwendet werden. Eigenschaften :<br \/>\n&#8211; Durchmesser : 35.6cm<br \/>\n &#8211; H\u00f6he : 21.5cm<br \/>\n &#8211; Fassungsverm\u00f6gen : 10L G\u00f6nnen Sie sich Frische mit dem Tightvac 10L &#8211; EAN: 810030080879 <\/p>\n","protected":false},"excerpt":{"rendered":"<p>Entdecken Sie den Tightvac 10L &#8211; Halten Sie Ihre Kr\u00e4uter diskret frisch! Der Tightvac 10L ist dank seiner revolution\u00e4ren Vakuumtechnologie v\u00f6llig geruchlos! Durch das Schlie\u00dfen der Box wird ein starkes Vakuum erzeugt, um zu verhindern, dass Ger\u00fcche entweichen. Durch Dr\u00fccken der Vac-Taste k\u00f6nnen Sie die Box einfach \u00f6ffnen und dann fest verschlie\u00dfen, um Ihre Kr\u00e4uter [&hellip;]<\/p>\n","protected":false},"featured_media":7894,"comment_status":"open","ping_status":"closed","template":"","meta":{"_seopress_robots_primary_cat":"","_seopress_titles_title":"","_seopress_titles_desc":"","_seopress_robots_index":""},"product_brand":[],"product_cat":[664],"product_tag":[],"class_list":{"0":"post-19771","1":"product","2":"type-product","3":"status-publish","4":"has-post-thumbnail","6":"product_cat-lagerung","9":"instock","10":"taxable","11":"shipping-taxable","12":"purchasable","13":"product-type-simple","14":"product-grid-view"},"_links":{"self":[{"href":"https:\/\/greenkingdom.ch\/de\/wp-json\/wp\/v2\/product\/19771","targetHints":{"allow":["GET"]}}],"collection":[{"href":"https:\/\/greenkingdom.ch\/de\/wp-json\/wp\/v2\/product"}],"about":[{"href":"https:\/\/greenkingdom.ch\/de\/wp-json\/wp\/v2\/types\/product"}],"replies":[{"embeddable":true,"href":"https:\/\/greenkingdom.ch\/de\/wp-json\/wp\/v2\/comments?post=19771"}],"version-history":[{"count":0,"href":"https:\/\/greenkingdom.ch\/de\/wp-json\/wp\/v2\/product\/19771\/revisions"}],"wp:featuredmedia":[{"embeddable":true,"href":"https:\/\/greenkingdom.ch\/de\/wp-json\/wp\/v2\/media\/7894"}],"wp:attachment":[{"href":"https:\/\/greenkingdom.ch\/de\/wp-json\/wp\/v2\/media?parent=19771"}],"wp:term":[{"taxonomy":"product_brand","embeddable":true,"href":"https:\/\/greenkingdom.ch\/de\/wp-json\/wp\/v2\/product_brand?post=19771"},{"taxonomy":"product_cat","embeddable":true,"href":"https:\/\/greenkingdom.ch\/de\/wp-json\/wp\/v2\/product_cat?post=19771"},{"taxonomy":"product_tag","embeddable":true,"href":"https:\/\/greenkingdom.ch\/de\/wp-json\/wp\/v2\/product_tag?post=19771"}],"curies":[{"name":"wp","href":"https:\/\/api.w.org\/{rel}","templated":true}]}}