{"id":19772,"date":"2024-10-11T16:35:43","date_gmt":"2024-10-11T14:35:43","guid":{"rendered":"https:\/\/greenkingdom.ch\/product\/medtainer-xl-lila\/"},"modified":"2024-10-11T16:35:43","modified_gmt":"2024-10-11T14:35:43","slug":"medtainer-xl-lila","status":"publish","type":"product","link":"https:\/\/greenkingdom.ch\/de\/produkt\/medtainer-xl-lila\/","title":{"rendered":"Medtainer XL Lila"},"content":{"rendered":"<p>Auf der Suche nach der perfekten L\u00f6sung f\u00fcr die Lagerung und Zerkleinerung? Entdecken Sie den Medtainer! Dieser vielseitige Begleiter kombiniert eine M\u00fchle und einen Mixer in einem praktischen Design, das sich ideal f\u00fcr den Einsatz unterwegs eignet. Urspr\u00fcnglich zum Zerkleinern von Medikamenten entwickelt, hat sich der Medtainer zu einem unverzichtbaren Zubeh\u00f6r f\u00fcr verschiedene Bereiche wie Tee, Kochen, Kaffee, Pharmazie und Veterin\u00e4rmedizin entwickelt. Er eignet sich auch perfekt zum Grinden Deines Grases und begleitet Dich \u00fcberall hin, egal ob auf Festivals, am See oder auf Reisen. Seine robuste Konstruktion aus FDA-zugelassenem Kunststoff sorgt f\u00fcr eine sichere Lagerung. Setzen Sie auf Praktikabilit\u00e4t und Funktionalit\u00e4t mit dem Medtainer! Bestellen Sie es jetzt, um Ihren Alltag unterwegs zu verbessern. Spezifikationen:<br \/>\n&#8211; Inhalt: 140ml<br \/>\n&#8211; Durchmesser: 55mm<br \/>\n&#8211; H\u00f6he: 107mm EAN: 0702639868593       <\/p>\n","protected":false},"excerpt":{"rendered":"<p>Auf der Suche nach der perfekten L\u00f6sung f\u00fcr die Lagerung und Zerkleinerung? Entdecken Sie den Medtainer! Dieser vielseitige Begleiter kombiniert eine M\u00fchle und einen Mixer in einem praktischen Design, das sich ideal f\u00fcr den Einsatz unterwegs eignet. Urspr\u00fcnglich zum Zerkleinern von Medikamenten entwickelt, hat sich der Medtainer zu einem unverzichtbaren Zubeh\u00f6r f\u00fcr verschiedene Bereiche wie [&hellip;]<\/p>\n","protected":false},"featured_media":7888,"comment_status":"open","ping_status":"closed","template":"","meta":{"_seopress_robots_primary_cat":"","_seopress_titles_title":"","_seopress_titles_desc":"","_seopress_robots_index":""},"product_brand":[],"product_cat":[664],"product_tag":[],"class_list":{"0":"post-19772","1":"product","2":"type-product","3":"status-publish","4":"has-post-thumbnail","6":"product_cat-lagerung","9":"instock","10":"taxable","11":"shipping-taxable","12":"purchasable","13":"product-type-simple","14":"product-grid-view"},"_links":{"self":[{"href":"https:\/\/greenkingdom.ch\/de\/wp-json\/wp\/v2\/product\/19772","targetHints":{"allow":["GET"]}}],"collection":[{"href":"https:\/\/greenkingdom.ch\/de\/wp-json\/wp\/v2\/product"}],"about":[{"href":"https:\/\/greenkingdom.ch\/de\/wp-json\/wp\/v2\/types\/product"}],"replies":[{"embeddable":true,"href":"https:\/\/greenkingdom.ch\/de\/wp-json\/wp\/v2\/comments?post=19772"}],"version-history":[{"count":0,"href":"https:\/\/greenkingdom.ch\/de\/wp-json\/wp\/v2\/product\/19772\/revisions"}],"wp:featuredmedia":[{"embeddable":true,"href":"https:\/\/greenkingdom.ch\/de\/wp-json\/wp\/v2\/media\/7888"}],"wp:attachment":[{"href":"https:\/\/greenkingdom.ch\/de\/wp-json\/wp\/v2\/media?parent=19772"}],"wp:term":[{"taxonomy":"product_brand","embeddable":true,"href":"https:\/\/greenkingdom.ch\/de\/wp-json\/wp\/v2\/product_brand?post=19772"},{"taxonomy":"product_cat","embeddable":true,"href":"https:\/\/greenkingdom.ch\/de\/wp-json\/wp\/v2\/product_cat?post=19772"},{"taxonomy":"product_tag","embeddable":true,"href":"https:\/\/greenkingdom.ch\/de\/wp-json\/wp\/v2\/product_tag?post=19772"}],"curies":[{"name":"wp","href":"https:\/\/api.w.org\/{rel}","templated":true}]}}