{"id":19777,"date":"2024-10-11T16:35:43","date_gmt":"2024-10-11T14:35:43","guid":{"rendered":"https:\/\/greenkingdom.ch\/product\/tightvac-solid-schwarz-2-35l\/"},"modified":"2024-10-11T16:35:43","modified_gmt":"2024-10-11T14:35:43","slug":"tightvac-solid-schwarz-2-35l","status":"publish","type":"product","link":"https:\/\/greenkingdom.ch\/de\/produkt\/tightvac-solid-schwarz-2-35l\/","title":{"rendered":"Tightvac Solid Schwarz 2.35L"},"content":{"rendered":"<p>Entdecken Sie den Tightvac 2.35L! Verabschieden Sie sich von Ger\u00fcchen mit der fortschrittlichen Vakuumiertechnologie. Schlie\u00dfen Sie die Box und lassen Sie die Magie geschehen: Kein Geruch entweicht! Einfach zu bedienen, Sie m\u00fcssen nur die VAC-Taste dr\u00fccken, um den Inhalt fest zu verschlie\u00dfen. Der Tightvac ist ideal f\u00fcr die Aufbewahrung von Tabak und frischen Kr\u00e4utern und ein perfekter Verb\u00fcndeter f\u00fcr Ihre Outdoor-Abenteuer oder um Ihr Zuhause frisch zu halten. Abmessungen:<br \/>\n&#8211; Durchmesser: 12,2 cm<br \/>\n&#8211; H\u00f6he: 26 cm<br \/>\n&#8211; Fassungsverm\u00f6gen: 2,35 l Perfekt f\u00fcr Festivals, Kanufahren und viele andere Outdoor-Aktivit\u00e4ten. Lassen Sie sich vom Tightvac verf\u00fchren!<\/p>\n","protected":false},"excerpt":{"rendered":"<p>Entdecken Sie den Tightvac 2.35L! Verabschieden Sie sich von Ger\u00fcchen mit der fortschrittlichen Vakuumiertechnologie. Schlie\u00dfen Sie die Box und lassen Sie die Magie geschehen: Kein Geruch entweicht! Einfach zu bedienen, Sie m\u00fcssen nur die VAC-Taste dr\u00fccken, um den Inhalt fest zu verschlie\u00dfen. Der Tightvac ist ideal f\u00fcr die Aufbewahrung von Tabak und frischen Kr\u00e4utern und [&hellip;]<\/p>\n","protected":false},"featured_media":7891,"comment_status":"open","ping_status":"closed","template":"","meta":{"_seopress_robots_primary_cat":"","_seopress_titles_title":"","_seopress_titles_desc":"","_seopress_robots_index":""},"product_brand":[],"product_cat":[664],"product_tag":[],"class_list":{"0":"post-19777","1":"product","2":"type-product","3":"status-publish","4":"has-post-thumbnail","6":"product_cat-lagerung","9":"instock","10":"taxable","11":"shipping-taxable","12":"purchasable","13":"product-type-simple","14":"product-grid-view"},"_links":{"self":[{"href":"https:\/\/greenkingdom.ch\/de\/wp-json\/wp\/v2\/product\/19777","targetHints":{"allow":["GET"]}}],"collection":[{"href":"https:\/\/greenkingdom.ch\/de\/wp-json\/wp\/v2\/product"}],"about":[{"href":"https:\/\/greenkingdom.ch\/de\/wp-json\/wp\/v2\/types\/product"}],"replies":[{"embeddable":true,"href":"https:\/\/greenkingdom.ch\/de\/wp-json\/wp\/v2\/comments?post=19777"}],"version-history":[{"count":0,"href":"https:\/\/greenkingdom.ch\/de\/wp-json\/wp\/v2\/product\/19777\/revisions"}],"wp:featuredmedia":[{"embeddable":true,"href":"https:\/\/greenkingdom.ch\/de\/wp-json\/wp\/v2\/media\/7891"}],"wp:attachment":[{"href":"https:\/\/greenkingdom.ch\/de\/wp-json\/wp\/v2\/media?parent=19777"}],"wp:term":[{"taxonomy":"product_brand","embeddable":true,"href":"https:\/\/greenkingdom.ch\/de\/wp-json\/wp\/v2\/product_brand?post=19777"},{"taxonomy":"product_cat","embeddable":true,"href":"https:\/\/greenkingdom.ch\/de\/wp-json\/wp\/v2\/product_cat?post=19777"},{"taxonomy":"product_tag","embeddable":true,"href":"https:\/\/greenkingdom.ch\/de\/wp-json\/wp\/v2\/product_tag?post=19777"}],"curies":[{"name":"wp","href":"https:\/\/api.w.org\/{rel}","templated":true}]}}