{"id":19778,"date":"2024-10-11T16:35:43","date_gmt":"2024-10-11T14:35:43","guid":{"rendered":"https:\/\/greenkingdom.ch\/product\/medtainer-xl-schwarz\/"},"modified":"2024-10-11T16:35:43","modified_gmt":"2024-10-11T14:35:43","slug":"medtainer-xl-schwarz","status":"publish","type":"product","link":"https:\/\/greenkingdom.ch\/de\/produkt\/medtainer-xl-schwarz\/","title":{"rendered":"Medtainer XL Schwarz"},"content":{"rendered":"<p>Auf der Suche nach der perfekten, praktischen und vielseitigen Aufbewahrungsl\u00f6sung? Entdecken Sie den Medtainer! Eine geniale Kombination aus Mahlwerk und Mixer in kompakter Bauweise, ideal f\u00fcr alle Ihre Reisen. Urspr\u00fcnglich zum Mahlen von Medikamenten entwickelt, hat sich der Medtainer zu einem unverzichtbaren Zubeh\u00f6r in verschiedenen Bereichen wie Tee, Kochen, Kaffee, Pharmazie und sogar Veterin\u00e4rmedizin entwickelt. Nat\u00fcrlich eignet er sich auch perfekt zum Mahlen Deines Lieblingskrauts! Ob auf Festivals, am See oder auf einer Reise, der Medtainer wird immer dein treuer Begleiter sein. Das robuste, von der FDA zugelassene Kunststoffdesign sorgt f\u00fcr eine sichere Aufbewahrung all Ihrer Utensilien. Verpassen Sie nicht die Gelegenheit, den Komfort des Medtainers t\u00e4glich zu genie\u00dfen. Bestellen Sie jetzt diese einzigartige Aufbewahrungsbox mit eingebautem Mahlwerk und Mixer f\u00fcr ein bequemes und funktionales Erlebnis unterwegs. Eigenschaften:<br \/>\n&#8211; Kapazit\u00e4t: 140ml<br \/>\n&#8211; Durchmesser: 55mm<br \/>\n&#8211; H\u00f6he: 107mm Warten Sie nicht l\u00e4nger, um Ihr t\u00e4gliches Leben zu verbessern und bestellen Sie Ihren Medtainer noch heute!  <\/p>\n","protected":false},"excerpt":{"rendered":"<p>Auf der Suche nach der perfekten, praktischen und vielseitigen Aufbewahrungsl\u00f6sung? Entdecken Sie den Medtainer! Eine geniale Kombination aus Mahlwerk und Mixer in kompakter Bauweise, ideal f\u00fcr alle Ihre Reisen. Urspr\u00fcnglich zum Mahlen von Medikamenten entwickelt, hat sich der Medtainer zu einem unverzichtbaren Zubeh\u00f6r in verschiedenen Bereichen wie Tee, Kochen, Kaffee, Pharmazie und sogar Veterin\u00e4rmedizin entwickelt. [&hellip;]<\/p>\n","protected":false},"featured_media":7885,"comment_status":"open","ping_status":"closed","template":"","meta":{"_seopress_robots_primary_cat":"","_seopress_titles_title":"","_seopress_titles_desc":"","_seopress_robots_index":""},"product_brand":[],"product_cat":[664],"product_tag":[],"class_list":{"0":"post-19778","1":"product","2":"type-product","3":"status-publish","4":"has-post-thumbnail","6":"product_cat-lagerung","9":"instock","10":"taxable","11":"shipping-taxable","12":"purchasable","13":"product-type-simple","14":"product-grid-view"},"_links":{"self":[{"href":"https:\/\/greenkingdom.ch\/de\/wp-json\/wp\/v2\/product\/19778","targetHints":{"allow":["GET"]}}],"collection":[{"href":"https:\/\/greenkingdom.ch\/de\/wp-json\/wp\/v2\/product"}],"about":[{"href":"https:\/\/greenkingdom.ch\/de\/wp-json\/wp\/v2\/types\/product"}],"replies":[{"embeddable":true,"href":"https:\/\/greenkingdom.ch\/de\/wp-json\/wp\/v2\/comments?post=19778"}],"version-history":[{"count":0,"href":"https:\/\/greenkingdom.ch\/de\/wp-json\/wp\/v2\/product\/19778\/revisions"}],"wp:featuredmedia":[{"embeddable":true,"href":"https:\/\/greenkingdom.ch\/de\/wp-json\/wp\/v2\/media\/7885"}],"wp:attachment":[{"href":"https:\/\/greenkingdom.ch\/de\/wp-json\/wp\/v2\/media?parent=19778"}],"wp:term":[{"taxonomy":"product_brand","embeddable":true,"href":"https:\/\/greenkingdom.ch\/de\/wp-json\/wp\/v2\/product_brand?post=19778"},{"taxonomy":"product_cat","embeddable":true,"href":"https:\/\/greenkingdom.ch\/de\/wp-json\/wp\/v2\/product_cat?post=19778"},{"taxonomy":"product_tag","embeddable":true,"href":"https:\/\/greenkingdom.ch\/de\/wp-json\/wp\/v2\/product_tag?post=19778"}],"curies":[{"name":"wp","href":"https:\/\/api.w.org\/{rel}","templated":true}]}}