{"id":19785,"date":"2024-10-11T16:35:43","date_gmt":"2024-10-11T14:35:43","guid":{"rendered":"https:\/\/greenkingdom.ch\/product\/boveda-28-quart-vorratsbehaelter\/"},"modified":"2024-10-11T16:35:43","modified_gmt":"2024-10-11T14:35:43","slug":"boveda-28-quart-vorratsbehaelter","status":"publish","type":"product","link":"https:\/\/greenkingdom.ch\/de\/produkt\/boveda-28-quart-vorratsbehaelter\/","title":{"rendered":"Boveda 2,8 Quart Vorratsbeh\u00e4lter"},"content":{"rendered":"<p>Oxo Pop Up &#8211; halten Sie Ihre Lebensmittel stilvoll l\u00e4nger frisch. Perfekt zum Aufbewahren von Bovedas und anderen Delikatessen. Gr\u00f6\u00dfe 2,3 l, Au\u00dfenma\u00dfe 15,5 x 15,5 x 16. F\u00fcgen Sie es noch heute Ihrer K\u00fcche hinzu! EAN: 719812684925.    <\/p>\n","protected":false},"excerpt":{"rendered":"<p>Oxo Pop Up &#8211; halten Sie Ihre Lebensmittel stilvoll l\u00e4nger frisch. Perfekt zum Aufbewahren von Bovedas und anderen Delikatessen. Gr\u00f6\u00dfe 2,3 l, Au\u00dfenma\u00dfe 15,5 x 15,5 x 16. F\u00fcgen Sie es noch heute Ihrer K\u00fcche hinzu! EAN: 719812684925.<\/p>\n","protected":false},"featured_media":7879,"comment_status":"open","ping_status":"closed","template":"","meta":{"_seopress_robots_primary_cat":"","_seopress_titles_title":"","_seopress_titles_desc":"","_seopress_robots_index":""},"product_brand":[],"product_cat":[664],"product_tag":[],"class_list":{"0":"post-19785","1":"product","2":"type-product","3":"status-publish","4":"has-post-thumbnail","6":"product_cat-lagerung","9":"instock","10":"taxable","11":"shipping-taxable","12":"purchasable","13":"product-type-simple","14":"product-grid-view"},"_links":{"self":[{"href":"https:\/\/greenkingdom.ch\/de\/wp-json\/wp\/v2\/product\/19785","targetHints":{"allow":["GET"]}}],"collection":[{"href":"https:\/\/greenkingdom.ch\/de\/wp-json\/wp\/v2\/product"}],"about":[{"href":"https:\/\/greenkingdom.ch\/de\/wp-json\/wp\/v2\/types\/product"}],"replies":[{"embeddable":true,"href":"https:\/\/greenkingdom.ch\/de\/wp-json\/wp\/v2\/comments?post=19785"}],"version-history":[{"count":0,"href":"https:\/\/greenkingdom.ch\/de\/wp-json\/wp\/v2\/product\/19785\/revisions"}],"wp:featuredmedia":[{"embeddable":true,"href":"https:\/\/greenkingdom.ch\/de\/wp-json\/wp\/v2\/media\/7879"}],"wp:attachment":[{"href":"https:\/\/greenkingdom.ch\/de\/wp-json\/wp\/v2\/media?parent=19785"}],"wp:term":[{"taxonomy":"product_brand","embeddable":true,"href":"https:\/\/greenkingdom.ch\/de\/wp-json\/wp\/v2\/product_brand?post=19785"},{"taxonomy":"product_cat","embeddable":true,"href":"https:\/\/greenkingdom.ch\/de\/wp-json\/wp\/v2\/product_cat?post=19785"},{"taxonomy":"product_tag","embeddable":true,"href":"https:\/\/greenkingdom.ch\/de\/wp-json\/wp\/v2\/product_tag?post=19785"}],"curies":[{"name":"wp","href":"https:\/\/api.w.org\/{rel}","templated":true}]}}