{"id":20473,"date":"2024-11-29T12:31:26","date_gmt":"2024-11-29T11:31:26","guid":{"rendered":"https:\/\/greenkingdom.ch\/?post_type=product&#038;p=20473"},"modified":"2025-01-02T15:39:50","modified_gmt":"2025-01-02T14:39:50","slug":"advanced-nutrients-revive-1l-copie","status":"publish","type":"product","link":"https:\/\/greenkingdom.ch\/de\/produkt\/advanced-nutrients-revive-1l-copie\/","title":{"rendered":"Advanced Nutrients Revive 250 ml"},"content":{"rendered":"<div class=\"value\">\n<h2>Wecke Deine Pflanzen mit Revive auf<\/h2>\n<h3>Was ist Revive?<\/h3>\n<p>G\u00f6nnen Sie Ihren geschw\u00e4chten und leidenden Pflanzen ein neues Gesicht mit Revive, dem unverzichtbaren Erste-Hilfe-Set f\u00fcr Ihren Garten. Mit seiner Formel, die reich an Kalzium, Magnesium und chelatisiertem Eisen ist, k\u00f6nnen die gezielten Mikron\u00e4hrstoffe von Revive Deinen Pflanzen helfen, N\u00e4hrstoffm\u00e4ngel und Transplantationsstress zu \u00fcberwinden. Sie schaffen ein ideales Umfeld f\u00fcr Ihren Garten, um seine optimale Vitalit\u00e4t wiederzuerlangen und Ihre hochwertigen Pflanzen wieder hellgr\u00fcn leuchten zu lassen. Unser Expertenteam hat Revive sorgf\u00e4ltig mit Harnstoff entwickelt, um eine optimale Stickstoffzufuhr zu gew\u00e4hrleisten und ein kr\u00e4ftiges Wachstum zu unterst\u00fctzen.   <\/p>\n<ul>\n<li>  Calcium, Magnesium und chelatisiertes Eisen f\u00fcllen die N\u00e4hrstoffdefizite aus.<\/li>\n<li>  Harnstoff setzt nach und nach Stickstoff frei, um eine optimale Absorption zu gew\u00e4hrleisten.<\/li>\n<li>  Hilft Ihren Pflanzen, ihre Vitalit\u00e4t f\u00fcr \u00fcppige und gr\u00fcne Ernten wiederzuerlangen.<\/li>\n<\/ul>\n<p>Verwendung von N\u00e4hrl\u00f6sungen: 5 ml pro Liter zugeben, um Mangelerscheinungen auszugleichen, bei Bedarf nach einer Woche wiederholen.<\/p>\n<p>Blattspray: 3 ml pro Liter verwenden, bei Bedarf nach einer Woche wiederholen.<\/p>\n<p>Regelm\u00e4\u00dfiger F\u00fctterungsplan: Verwenden Sie 1 ml pro Liter, wiederholen Sie dies nach einer Woche.<\/p>\n<p>Revive wurde speziell f\u00fcr die Verwendung mit verschiedenen hydroponischen Substraten und allen kontinuierlichen Fl\u00fcssigbew\u00e4sserungssystemen wie Aeroponik, Tropfbew\u00e4sserung, NFT usw. entwickelt.<\/p>\n<p><strong>VORSICHTIG:<\/strong> Revive ist mit allen pH Perfect-Basisd\u00fcngern sowie anderen D\u00fcngemittelmarken kompatibel.<\/p>\n<p><strong>BEMERKUNG:<\/strong> Bei Advanced Nutrients schlie\u00dfen wir verbotene Wachstumsregulatoren aus unseren Produkten aus.<\/p>\n<\/div>\n<div class=\"product attribute ean\"><strong class=\"type\"> <span class=\"value ean\">EAN-845268001471<\/span><\/strong><\/div>\n","protected":false},"excerpt":{"rendered":"<p>Wecke Deine Pflanzen mit Revive auf Was ist Revive? G\u00f6nnen Sie Ihren geschw\u00e4chten und leidenden Pflanzen ein neues Gesicht mit Revive, dem unverzichtbaren Erste-Hilfe-Set f\u00fcr Ihren Garten. Mit seiner Formel, die reich an Kalzium, Magnesium und chelatisiertem Eisen ist, k\u00f6nnen die gezielten Mikron\u00e4hrstoffe von Revive Deinen Pflanzen helfen, N\u00e4hrstoffm\u00e4ngel und Transplantationsstress zu \u00fcberwinden. Sie schaffen [&hellip;]<\/p>\n","protected":false},"featured_media":8893,"comment_status":"open","ping_status":"closed","template":"","meta":{"_seopress_robots_primary_cat":"none","_seopress_titles_title":"Advanced Nutrients Revive 250ML","_seopress_titles_desc":"G\u00f6nnen Sie Ihren geschw\u00e4chten und leidenden Pflanzen ein neues Gesicht mit Revive, dem unverzichtbaren Erste-Hilfe-Set f\u00fcr Ihren Garten. Mit seiner Formel, die reich an Kalzium, Magnesium und chelatisiertem Eisen ist, k\u00f6nnen die gezielten Mikron\u00e4hrstoffe von Revive Deinen Pflanzen helfen, N\u00e4hrstoffm\u00e4ngel und Transplantationsstress zu \u00fcberwinden. Sie schaffen ein ideales Umfeld f\u00fcr Ihren Garten, um seine optimale Vitalit\u00e4t wiederzuerlangen und Ihre hochwertigen Pflanzen wieder hellgr\u00fcn leuchten zu lassen. Unser Expertenteam hat Revive sorgf\u00e4ltig mit Harnstoff entwickelt, um eine optimale Stickstoffzufuhr zu gew\u00e4hrleisten und ein kr\u00e4ftiges Wachstum zu unterst\u00fctzen.","_seopress_robots_index":""},"product_brand":[],"product_cat":[568],"product_tag":[678],"class_list":{"0":"post-20473","1":"product","2":"type-product","3":"status-publish","4":"has-post-thumbnail","6":"product_cat-advanced-nutrients-de","7":"product_tag-fortschrittliche-nahrstoffe","10":"instock","11":"taxable","12":"shipping-taxable","13":"purchasable","14":"product-type-simple","15":"product-grid-view"},"_links":{"self":[{"href":"https:\/\/greenkingdom.ch\/de\/wp-json\/wp\/v2\/product\/20473","targetHints":{"allow":["GET"]}}],"collection":[{"href":"https:\/\/greenkingdom.ch\/de\/wp-json\/wp\/v2\/product"}],"about":[{"href":"https:\/\/greenkingdom.ch\/de\/wp-json\/wp\/v2\/types\/product"}],"replies":[{"embeddable":true,"href":"https:\/\/greenkingdom.ch\/de\/wp-json\/wp\/v2\/comments?post=20473"}],"version-history":[{"count":3,"href":"https:\/\/greenkingdom.ch\/de\/wp-json\/wp\/v2\/product\/20473\/revisions"}],"predecessor-version":[{"id":27732,"href":"https:\/\/greenkingdom.ch\/de\/wp-json\/wp\/v2\/product\/20473\/revisions\/27732"}],"wp:featuredmedia":[{"embeddable":true,"href":"https:\/\/greenkingdom.ch\/de\/wp-json\/wp\/v2\/media\/8893"}],"wp:attachment":[{"href":"https:\/\/greenkingdom.ch\/de\/wp-json\/wp\/v2\/media?parent=20473"}],"wp:term":[{"taxonomy":"product_brand","embeddable":true,"href":"https:\/\/greenkingdom.ch\/de\/wp-json\/wp\/v2\/product_brand?post=20473"},{"taxonomy":"product_cat","embeddable":true,"href":"https:\/\/greenkingdom.ch\/de\/wp-json\/wp\/v2\/product_cat?post=20473"},{"taxonomy":"product_tag","embeddable":true,"href":"https:\/\/greenkingdom.ch\/de\/wp-json\/wp\/v2\/product_tag?post=20473"}],"curies":[{"name":"wp","href":"https:\/\/api.w.org\/{rel}","templated":true}]}}