{"id":20508,"date":"2024-11-29T14:24:26","date_gmt":"2024-11-29T13:24:26","guid":{"rendered":"https:\/\/greenkingdom.ch\/?post_type=product&#038;p=20508"},"modified":"2025-01-02T15:38:56","modified_gmt":"2025-01-02T14:38:56","slug":"erweiterte-nahrstoffe-b-52-5l","status":"publish","type":"product","link":"https:\/\/greenkingdom.ch\/de\/produkt\/erweiterte-nahrstoffe-b-52-5l\/","title":{"rendered":"Erweiterte N\u00e4hrstoffe B-52 5L"},"content":{"rendered":"<p>Entdecke den leistungsstarken B-52-Stimulator, der den Stoffwechsel deiner Pflanzen ankurbelt und so maximale Energie liefert. Angereichert mit nat\u00fcrlichen Hormonen und Vitaminen, f\u00f6rdert dieser Booster eine optimale N\u00e4hrstoffaufnahme und schafft ein wachstumsf\u00f6rderndes Umfeld. Die stressreduzierende Wirkung von B-52 ist zweifellos sein gro\u00dfer Vorteil, da es Ihren Pflanzen w\u00e4hrend ihres gesamten Lebenszyklus, von der Keimung bis zur Ernte, sei es in Erde oder Hydrokultur, eine wesentliche Unterst\u00fctzung bietet. Mit Ausnahme der 5 Tage vor und 7 Tage nach der Bl\u00fcte kann B-52 auf verschiedene Weise verwendet werden, um optimale Ergebnisse zu erzielen. Durch die Reduzierung von Pflanzenstress erm\u00f6glicht dieser Stimulator den Pflanzen, sich auf die Produktion sch\u00f6ner, dichter Bl\u00fcten f\u00fcr eine reiche Ernte zu konzentrieren. G\u00f6nnen Sie Ihren Pflanzen mit dem B-52 eine Premium-Behandlung und sehen Sie zu, wie sie vor Ihren Augen bl\u00fchen. <\/p>\n","protected":false},"excerpt":{"rendered":"<p>Entdecke den leistungsstarken B-52-Stimulator, der den Stoffwechsel deiner Pflanzen ankurbelt und so maximale Energie liefert. Angereichert mit nat\u00fcrlichen Hormonen und Vitaminen, f\u00f6rdert dieser Booster eine optimale N\u00e4hrstoffaufnahme und schafft ein wachstumsf\u00f6rderndes Umfeld. Die stressreduzierende Wirkung von B-52 ist zweifellos sein gro\u00dfer Vorteil, da es Ihren Pflanzen w\u00e4hrend ihres gesamten Lebenszyklus, von der Keimung bis zur [&hellip;]<\/p>\n","protected":false},"featured_media":8884,"comment_status":"open","ping_status":"closed","template":"","meta":{"_seopress_robots_primary_cat":"none","_seopress_titles_title":"Erweiterte N\u00e4hrstoffe B-52 5L","_seopress_titles_desc":"B-52 gibt der Pflanze einen massiven Energieschub, indem es ihren Stoffwechsel ankurbelt. Es erh\u00f6ht auch die N\u00e4hrstoffaufnahme, indem es nat\u00fcrliche Hormone und Vitamine liefert, die die Pflanze sonst nirgendwo bekommen k\u00f6nnte. ","_seopress_robots_index":""},"product_brand":[],"product_cat":[568],"product_tag":[678],"class_list":{"0":"post-20508","1":"product","2":"type-product","3":"status-publish","4":"has-post-thumbnail","6":"product_cat-advanced-nutrients-de","7":"product_tag-fortschrittliche-nahrstoffe","10":"instock","11":"taxable","12":"shipping-taxable","13":"purchasable","14":"product-type-simple","15":"product-grid-view"},"_links":{"self":[{"href":"https:\/\/greenkingdom.ch\/de\/wp-json\/wp\/v2\/product\/20508","targetHints":{"allow":["GET"]}}],"collection":[{"href":"https:\/\/greenkingdom.ch\/de\/wp-json\/wp\/v2\/product"}],"about":[{"href":"https:\/\/greenkingdom.ch\/de\/wp-json\/wp\/v2\/types\/product"}],"replies":[{"embeddable":true,"href":"https:\/\/greenkingdom.ch\/de\/wp-json\/wp\/v2\/comments?post=20508"}],"version-history":[{"count":4,"href":"https:\/\/greenkingdom.ch\/de\/wp-json\/wp\/v2\/product\/20508\/revisions"}],"predecessor-version":[{"id":27723,"href":"https:\/\/greenkingdom.ch\/de\/wp-json\/wp\/v2\/product\/20508\/revisions\/27723"}],"wp:featuredmedia":[{"embeddable":true,"href":"https:\/\/greenkingdom.ch\/de\/wp-json\/wp\/v2\/media\/8884"}],"wp:attachment":[{"href":"https:\/\/greenkingdom.ch\/de\/wp-json\/wp\/v2\/media?parent=20508"}],"wp:term":[{"taxonomy":"product_brand","embeddable":true,"href":"https:\/\/greenkingdom.ch\/de\/wp-json\/wp\/v2\/product_brand?post=20508"},{"taxonomy":"product_cat","embeddable":true,"href":"https:\/\/greenkingdom.ch\/de\/wp-json\/wp\/v2\/product_cat?post=20508"},{"taxonomy":"product_tag","embeddable":true,"href":"https:\/\/greenkingdom.ch\/de\/wp-json\/wp\/v2\/product_tag?post=20508"}],"curies":[{"name":"wp","href":"https:\/\/api.w.org\/{rel}","templated":true}]}}