{"id":20638,"date":"2024-11-29T16:42:18","date_gmt":"2024-11-29T15:42:18","guid":{"rendered":"https:\/\/greenkingdom.ch\/?post_type=product&#038;p=20638"},"modified":"2025-01-02T15:36:07","modified_gmt":"2025-01-02T14:36:07","slug":"advanced-nutrients-bud-candy-500ml","status":"publish","type":"product","link":"https:\/\/greenkingdom.ch\/de\/produkt\/advanced-nutrients-bud-candy-500ml\/","title":{"rendered":"Advanced Nutrients Bud Candy 500ml"},"content":{"rendered":"<div class=\"value\">\n<h2>Knospen-Bonbons\u00ae<\/h2>\n<h3>Was ist Bud Candy\u00ae?<\/h3>\n<p>Gib Deinen Pflanzen einen Energieschub, wenn sie sie am meisten brauchen. Bud Candy\u00ae ist eine propriet\u00e4re Fusion aus hochwertigen Kohlenhydraten und Magnesium, die eine optimale Umgebung schafft, um die Bl\u00fcte zu stimulieren und die begehrten D\u00fcfte zu verst\u00e4rken. <\/p>\n<ul>\n<li>Kohlenhydrate ern\u00e4hren n\u00fctzliche Mikroorganismen und f\u00f6rdern die Wurzelentwicklung, was f\u00fcr eine reiche Ernte sorgt.<\/li>\n<li>Magnesium f\u00f6rdert die Produktion von Chlorophyll und verbessert so die Photosynthesekapazit\u00e4t.<\/li>\n<\/ul>\n<p>Bud Candy\u00ae wurde speziell f\u00fcr die Verwendung mit verschiedenen hydroponischen Anbausubstraten und allen kontinuierlichen Fl\u00fcssigf\u00fctterungssystemen wie Aeroponik, Tropfbew\u00e4sserung, Tiefwasseranbau und mehr entwickelt.<\/p>\n<p><strong>BEMERKUNG:<\/strong> Bei Advanced Nutrients garantieren wir, dass unsere Produkte kein Paclobutrazol, Daminozid oder andere verbotene Pflanzenwachstumsregulatoren enthalten.<\/p>\n<div class=\"product attribute ean\"><strong class=\"type\"> <span class=\"value ean\">EAN-8435679001522<\/span><\/strong><\/div>\n<\/div>\n","protected":false},"excerpt":{"rendered":"<p>Knospen-Bonbons\u00ae Was ist Bud Candy\u00ae? Gib Deinen Pflanzen einen Energieschub, wenn sie sie am meisten brauchen. Bud Candy\u00ae ist eine propriet\u00e4re Fusion aus hochwertigen Kohlenhydraten und Magnesium, die eine optimale Umgebung schafft, um die Bl\u00fcte zu stimulieren und die begehrten D\u00fcfte zu verst\u00e4rken. Kohlenhydrate ern\u00e4hren n\u00fctzliche Mikroorganismen und f\u00f6rdern die Wurzelentwicklung, was f\u00fcr eine reiche [&hellip;]<\/p>\n","protected":false},"featured_media":8857,"comment_status":"open","ping_status":"closed","template":"","meta":{"_seopress_robots_primary_cat":"none","_seopress_titles_title":"Advanced Nutrients Bud Candy (500ml) - Green Kingdom","_seopress_titles_desc":"Gib Deinen Pflanzen einen Energieschub, wenn sie sie am meisten brauchen. Bud Candy\u00ae ist eine propriet\u00e4re Fusion aus hochwertigen Kohlenhydraten und Magnesium, die eine optimale Umgebung schafft, um die Bl\u00fcte zu stimulieren und die begehrten D\u00fcfte zu verst\u00e4rken. ","_seopress_robots_index":""},"product_brand":[],"product_cat":[568],"product_tag":[678],"class_list":{"0":"post-20638","1":"product","2":"type-product","3":"status-publish","4":"has-post-thumbnail","6":"product_cat-advanced-nutrients-de","7":"product_tag-fortschrittliche-nahrstoffe","10":"instock","11":"taxable","12":"shipping-taxable","13":"purchasable","14":"product-type-simple","15":"product-grid-view"},"_links":{"self":[{"href":"https:\/\/greenkingdom.ch\/de\/wp-json\/wp\/v2\/product\/20638","targetHints":{"allow":["GET"]}}],"collection":[{"href":"https:\/\/greenkingdom.ch\/de\/wp-json\/wp\/v2\/product"}],"about":[{"href":"https:\/\/greenkingdom.ch\/de\/wp-json\/wp\/v2\/types\/product"}],"replies":[{"embeddable":true,"href":"https:\/\/greenkingdom.ch\/de\/wp-json\/wp\/v2\/comments?post=20638"}],"version-history":[{"count":3,"href":"https:\/\/greenkingdom.ch\/de\/wp-json\/wp\/v2\/product\/20638\/revisions"}],"predecessor-version":[{"id":27709,"href":"https:\/\/greenkingdom.ch\/de\/wp-json\/wp\/v2\/product\/20638\/revisions\/27709"}],"wp:featuredmedia":[{"embeddable":true,"href":"https:\/\/greenkingdom.ch\/de\/wp-json\/wp\/v2\/media\/8857"}],"wp:attachment":[{"href":"https:\/\/greenkingdom.ch\/de\/wp-json\/wp\/v2\/media?parent=20638"}],"wp:term":[{"taxonomy":"product_brand","embeddable":true,"href":"https:\/\/greenkingdom.ch\/de\/wp-json\/wp\/v2\/product_brand?post=20638"},{"taxonomy":"product_cat","embeddable":true,"href":"https:\/\/greenkingdom.ch\/de\/wp-json\/wp\/v2\/product_cat?post=20638"},{"taxonomy":"product_tag","embeddable":true,"href":"https:\/\/greenkingdom.ch\/de\/wp-json\/wp\/v2\/product_tag?post=20638"}],"curies":[{"name":"wp","href":"https:\/\/api.w.org\/{rel}","templated":true}]}}