{"id":20677,"date":"2024-11-29T17:23:59","date_gmt":"2024-11-29T16:23:59","guid":{"rendered":"https:\/\/greenkingdom.ch\/?post_type=product&#038;p=20677"},"modified":"2025-01-02T15:36:13","modified_gmt":"2025-01-02T14:36:13","slug":"erweiterte-nahrstoffe-bud-factor-x-5l","status":"publish","type":"product","link":"https:\/\/greenkingdom.ch\/de\/produkt\/erweiterte-nahrstoffe-bud-factor-x-5l\/","title":{"rendered":"Erweiterte N\u00e4hrstoffe Bud Factor-X 5L"},"content":{"rendered":"<p>Eine hochwertige Ernte zeichnet sich durch ihren Reichtum an \u00e4therischen \u00d6len aus. Diese wertvollen \u00d6le sind eng mit den Aromen, Geschmacksrichtungen und Harzen der geernteten Pflanzen verbunden und tragen zum einzigartigen Terpenprofil des Pflanzenmaterials bei. Bud Factor-X enth\u00e4lt bioaktive Inhaltsstoffe, die die maximale Produktion von Terpenoiden, Harzen und \u00e4therischen \u00d6len f\u00fcr eine sp\u00fcrbare Verbesserung f\u00f6rdern. Die ausgewogene Formel aus hochwertigen Inhaltsstoffen optimiert den Ertrag, indem sie den Harzgehalt der Pflanzen erh\u00f6ht und die Photosynthese in kritischen Wachstumsphasen stimuliert. Durch die Kombination von Bud Factor-X mit Piranha, Voodoo Juice und Tarantula f\u00f6rderst Du die Wurzelentwicklung und Produktivit\u00e4t Deiner Pflanzen. Harze und \u00e4therische \u00d6le, die in den Organellen konzentriert sind, dienen als nat\u00fcrliche Abwehr gegen Insekten, indem sie eine physikalische Barriere bilden und absto\u00dfende aromatische Verbindungen abgeben. Genie\u00dfe die Vorteile von Bud Factor-X mit seinem EAN-Code: 845268001884.      <\/p>\n","protected":false},"excerpt":{"rendered":"<p>Eine hochwertige Ernte zeichnet sich durch ihren Reichtum an \u00e4therischen \u00d6len aus. Diese wertvollen \u00d6le sind eng mit den Aromen, Geschmacksrichtungen und Harzen der geernteten Pflanzen verbunden und tragen zum einzigartigen Terpenprofil des Pflanzenmaterials bei. Bud Factor-X enth\u00e4lt bioaktive Inhaltsstoffe, die die maximale Produktion von Terpenoiden, Harzen und \u00e4therischen \u00d6len f\u00fcr eine sp\u00fcrbare Verbesserung f\u00f6rdern. [&hellip;]<\/p>\n","protected":false},"featured_media":8878,"comment_status":"open","ping_status":"closed","template":"","meta":{"_seopress_robots_primary_cat":"none","_seopress_titles_title":"Advanced Nutrients Bud Factor-X (5L) - Gr\u00fcnes K\u00f6nigreich","_seopress_titles_desc":"Bud Factor-X enth\u00e4lt bioaktive Inhaltsstoffe, die die maximale Produktion von Terpenoiden, Harzen und \u00e4therischen \u00d6len f\u00fcr eine sp\u00fcrbare Verbesserung f\u00f6rdern. Die ausgewogene Formel aus hochwertigen Inhaltsstoffen optimiert den Ertrag, indem sie den Harzgehalt der Pflanzen erh\u00f6ht und die Photosynthese in kritischen Wachstumsphasen stimuliert ","_seopress_robots_index":""},"product_brand":[],"product_cat":[568],"product_tag":[678],"class_list":{"0":"post-20677","1":"product","2":"type-product","3":"status-publish","4":"has-post-thumbnail","6":"product_cat-advanced-nutrients-de","7":"product_tag-fortschrittliche-nahrstoffe","10":"instock","11":"taxable","12":"shipping-taxable","13":"purchasable","14":"product-type-simple","15":"product-grid-view"},"_links":{"self":[{"href":"https:\/\/greenkingdom.ch\/de\/wp-json\/wp\/v2\/product\/20677","targetHints":{"allow":["GET"]}}],"collection":[{"href":"https:\/\/greenkingdom.ch\/de\/wp-json\/wp\/v2\/product"}],"about":[{"href":"https:\/\/greenkingdom.ch\/de\/wp-json\/wp\/v2\/types\/product"}],"replies":[{"embeddable":true,"href":"https:\/\/greenkingdom.ch\/de\/wp-json\/wp\/v2\/comments?post=20677"}],"version-history":[{"count":2,"href":"https:\/\/greenkingdom.ch\/de\/wp-json\/wp\/v2\/product\/20677\/revisions"}],"predecessor-version":[{"id":20695,"href":"https:\/\/greenkingdom.ch\/de\/wp-json\/wp\/v2\/product\/20677\/revisions\/20695"}],"wp:featuredmedia":[{"embeddable":true,"href":"https:\/\/greenkingdom.ch\/de\/wp-json\/wp\/v2\/media\/8878"}],"wp:attachment":[{"href":"https:\/\/greenkingdom.ch\/de\/wp-json\/wp\/v2\/media?parent=20677"}],"wp:term":[{"taxonomy":"product_brand","embeddable":true,"href":"https:\/\/greenkingdom.ch\/de\/wp-json\/wp\/v2\/product_brand?post=20677"},{"taxonomy":"product_cat","embeddable":true,"href":"https:\/\/greenkingdom.ch\/de\/wp-json\/wp\/v2\/product_cat?post=20677"},{"taxonomy":"product_tag","embeddable":true,"href":"https:\/\/greenkingdom.ch\/de\/wp-json\/wp\/v2\/product_tag?post=20677"}],"curies":[{"name":"wp","href":"https:\/\/api.w.org\/{rel}","templated":true}]}}