{"id":20703,"date":"2024-11-29T17:40:24","date_gmt":"2024-11-29T16:40:24","guid":{"rendered":"https:\/\/greenkingdom.ch\/?post_type=product&#038;p=20703"},"modified":"2025-01-02T15:36:21","modified_gmt":"2025-01-02T14:36:21","slug":"advanced-nutrients-sensi-bloom-ab-ph-perfect-bei-1l-copie","status":"publish","type":"product","link":"https:\/\/greenkingdom.ch\/de\/produkt\/advanced-nutrients-sensi-bloom-ab-ph-perfect-bei-1l-copie\/","title":{"rendered":"Advanced Nutrients Sensi Bloom A+B pH-Perfect 5L"},"content":{"rendered":"<p>Lernen Sie das pH Perfect\u00ae Sensi Grow &amp; Bloom kennen &#8211; die perfekte L\u00f6sung f\u00fcr \u00fcppige Pflanzen. Mit pr\u00e4zisen NPK-Verh\u00e4ltnissen, Eisen und Schwefel f\u00fcr eine optimale N\u00e4hrstoffaufnahme und der revolution\u00e4ren pH Perfect-Technologie\u00ae, die Ihnen die perfekten Bedingungen f\u00fcr ein ausgewogenes Wachstum bietet. Pr\u00e4zise Mikro- und Makroelemente sorgen f\u00fcr ein robustes Wachstum, w\u00e4hrend metallische Aminos\u00e4uren die N\u00e4hrstoffaufnahme verbessern. Der pH Perfect\u00ae h\u00e4lt das perfekte pH-Gleichgewicht f\u00fcr ges\u00fcndere Pflanzen aufrecht. Erzielen Sie \u00fcppige Ernten mit dem pH Perfect\u00ae Sensi Bloom, einem einfach anzuwendenden Basisn\u00e4hrstoffsystem. Passen Sie die Proportionen an Ihren Garten an und vergessen Sie m\u00fchsame pH-Anpassungen. Schaffen Sie ideale Bedingungen f\u00fcr Ihre Pflanzen mit effizienter Chelatbildung und besserer N\u00e4hrstoffaufnahme. Kompatibel mit verschiedenen Substraten und hydroponischen Anbausystemen. Entscheiden Sie sich f\u00fcr Advanced Nutrients und sagen Sie nein zu Produkten, die verbotene Wachstumsregulatoren enthalten. Eine sichere Wahl f\u00fcr gesunde und gedeihende Pflanzen.         <\/p>\n","protected":false},"excerpt":{"rendered":"<p>Lernen Sie das pH Perfect\u00ae Sensi Grow &amp; Bloom kennen &#8211; die perfekte L\u00f6sung f\u00fcr \u00fcppige Pflanzen. Mit pr\u00e4zisen NPK-Verh\u00e4ltnissen, Eisen und Schwefel f\u00fcr eine optimale N\u00e4hrstoffaufnahme und der revolution\u00e4ren pH Perfect-Technologie\u00ae, die Ihnen die perfekten Bedingungen f\u00fcr ein ausgewogenes Wachstum bietet. Pr\u00e4zise Mikro- und Makroelemente sorgen f\u00fcr ein robustes Wachstum, w\u00e4hrend metallische Aminos\u00e4uren die [&hellip;]<\/p>\n","protected":false},"featured_media":8842,"comment_status":"open","ping_status":"closed","template":"","meta":{"_seopress_robots_primary_cat":"none","_seopress_titles_title":"Advanced Nutrients Sensi Bloom A+B pH-Perfect (5L) - Green Kingdom","_seopress_titles_desc":"Die ideale L\u00f6sung f\u00fcr \u00fcppige Pflanzen. Mit pr\u00e4zisen NPK-Verh\u00e4ltnissen, Eisen und Schwefel f\u00fcr eine optimale N\u00e4hrstoffaufnahme und der revolution\u00e4ren pH Perfect-Technologie\u00ae, die Ihnen die perfekten Bedingungen f\u00fcr ein ausgewogenes Wachstum bietet. ","_seopress_robots_index":""},"product_brand":[],"product_cat":[568],"product_tag":[678],"class_list":{"0":"post-20703","1":"product","2":"type-product","3":"status-publish","4":"has-post-thumbnail","6":"product_cat-advanced-nutrients-de","7":"product_tag-fortschrittliche-nahrstoffe","10":"instock","11":"taxable","12":"shipping-taxable","13":"purchasable","14":"product-type-simple","15":"product-grid-view"},"_links":{"self":[{"href":"https:\/\/greenkingdom.ch\/de\/wp-json\/wp\/v2\/product\/20703","targetHints":{"allow":["GET"]}}],"collection":[{"href":"https:\/\/greenkingdom.ch\/de\/wp-json\/wp\/v2\/product"}],"about":[{"href":"https:\/\/greenkingdom.ch\/de\/wp-json\/wp\/v2\/types\/product"}],"replies":[{"embeddable":true,"href":"https:\/\/greenkingdom.ch\/de\/wp-json\/wp\/v2\/comments?post=20703"}],"version-history":[{"count":2,"href":"https:\/\/greenkingdom.ch\/de\/wp-json\/wp\/v2\/product\/20703\/revisions"}],"predecessor-version":[{"id":27718,"href":"https:\/\/greenkingdom.ch\/de\/wp-json\/wp\/v2\/product\/20703\/revisions\/27718"}],"wp:featuredmedia":[{"embeddable":true,"href":"https:\/\/greenkingdom.ch\/de\/wp-json\/wp\/v2\/media\/8842"}],"wp:attachment":[{"href":"https:\/\/greenkingdom.ch\/de\/wp-json\/wp\/v2\/media?parent=20703"}],"wp:term":[{"taxonomy":"product_brand","embeddable":true,"href":"https:\/\/greenkingdom.ch\/de\/wp-json\/wp\/v2\/product_brand?post=20703"},{"taxonomy":"product_cat","embeddable":true,"href":"https:\/\/greenkingdom.ch\/de\/wp-json\/wp\/v2\/product_cat?post=20703"},{"taxonomy":"product_tag","embeddable":true,"href":"https:\/\/greenkingdom.ch\/de\/wp-json\/wp\/v2\/product_tag?post=20703"}],"curies":[{"name":"wp","href":"https:\/\/api.w.org\/{rel}","templated":true}]}}