{"id":20738,"date":"2024-11-29T17:52:10","date_gmt":"2024-11-29T16:52:10","guid":{"rendered":"https:\/\/greenkingdom.ch\/?post_type=product&#038;p=20738"},"modified":"2025-01-02T15:35:04","modified_gmt":"2025-01-02T14:35:04","slug":"advanced-nutrients-big-bud-10l","status":"publish","type":"product","link":"https:\/\/greenkingdom.ch\/de\/produkt\/advanced-nutrients-big-bud-10l\/","title":{"rendered":"Advanced Nutrients Big Bud 10L"},"content":{"rendered":"<p>Big Bud von Advanced Nutrients ist der H\u00f6hepunkt der auf dem Markt erh\u00e4ltlichen Bl\u00fctenstimulatoren. Dieses Essential f\u00f6rdert das Aufbl\u00fchen von robusten, duftenden und reich trichomierten Bl\u00fcten. Verleihen Sie Ihren Pflanzen mit seiner kaliumreichen Formel ein echtes Schwergewicht. Dieses Premium-Additiv ist ein wesentlicher Bestandteil der D\u00fcngemittelreihe von Advanced Nutrients. In Kombination mit anderen Basisd\u00fcngern sorgt Big Bud f\u00fcr eine bemerkenswerte Bl\u00fctezeit ohne Sorgen. Als Ergebnis sorgf\u00e4ltiger Forschung und einer nachgewiesenen Leidenschaft f\u00fcr harzige Pflanzen hat Advanced Nutrients eine konkurrenzlose Produktpalette entwickelt, die den Ertrag und die Harzproduktion um das Zehnfache steigert. Big Bud wurde speziell f\u00fcr Cannabis entwickelt und zeichnet sich durch seine einzigartige Zusammensetzung aus Phosphor, Kalium, Magnesium und Aminos\u00e4uren aus, die an die Sorte angepasst sind. Feldversuche haben eine betr\u00e4chtliche Steigerung des Gewichts, der Gr\u00f6\u00dfe und des Harzes der Bl\u00fcten durch die Verwendung von Big Bud gezeigt. Verpassen Sie nicht die Gelegenheit, Ihre Ernten mit Big Bud von Advanced Nutrients zu optimieren!  <\/p>\n","protected":false},"excerpt":{"rendered":"<p>Big Bud von Advanced Nutrients ist der H\u00f6hepunkt der auf dem Markt erh\u00e4ltlichen Bl\u00fctenstimulatoren. Dieses Essential f\u00f6rdert das Aufbl\u00fchen von robusten, duftenden und reich trichomierten Bl\u00fcten. Verleihen Sie Ihren Pflanzen mit seiner kaliumreichen Formel ein echtes Schwergewicht. Dieses Premium-Additiv ist ein wesentlicher Bestandteil der D\u00fcngemittelreihe von Advanced Nutrients. In Kombination mit anderen Basisd\u00fcngern sorgt Big [&hellip;]<\/p>\n","protected":false},"featured_media":8848,"comment_status":"open","ping_status":"closed","template":"","meta":{"_seopress_robots_primary_cat":"none","_seopress_titles_title":"Advanced Nutrients Big Bud (10L) - Green Kingdom","_seopress_titles_desc":"Big Bud von Advanced Nutrients ist der H\u00f6hepunkt der auf dem Markt erh\u00e4ltlichen Bl\u00fctenstimulatoren. Dieses Essential f\u00f6rdert das Aufbl\u00fchen von robusten, duftenden und reich trichomierten Bl\u00fcten. Verleihen Sie Ihren Pflanzen mit seiner kaliumreichen Formel ein echtes Schwergewicht.  ","_seopress_robots_index":""},"product_brand":[],"product_cat":[568],"product_tag":[678],"class_list":{"0":"post-20738","1":"product","2":"type-product","3":"status-publish","4":"has-post-thumbnail","6":"product_cat-advanced-nutrients-de","7":"product_tag-fortschrittliche-nahrstoffe","10":"instock","11":"taxable","12":"shipping-taxable","13":"purchasable","14":"product-type-simple","15":"product-grid-view"},"_links":{"self":[{"href":"https:\/\/greenkingdom.ch\/de\/wp-json\/wp\/v2\/product\/20738","targetHints":{"allow":["GET"]}}],"collection":[{"href":"https:\/\/greenkingdom.ch\/de\/wp-json\/wp\/v2\/product"}],"about":[{"href":"https:\/\/greenkingdom.ch\/de\/wp-json\/wp\/v2\/types\/product"}],"replies":[{"embeddable":true,"href":"https:\/\/greenkingdom.ch\/de\/wp-json\/wp\/v2\/comments?post=20738"}],"version-history":[{"count":3,"href":"https:\/\/greenkingdom.ch\/de\/wp-json\/wp\/v2\/product\/20738\/revisions"}],"predecessor-version":[{"id":27665,"href":"https:\/\/greenkingdom.ch\/de\/wp-json\/wp\/v2\/product\/20738\/revisions\/27665"}],"wp:featuredmedia":[{"embeddable":true,"href":"https:\/\/greenkingdom.ch\/de\/wp-json\/wp\/v2\/media\/8848"}],"wp:attachment":[{"href":"https:\/\/greenkingdom.ch\/de\/wp-json\/wp\/v2\/media?parent=20738"}],"wp:term":[{"taxonomy":"product_brand","embeddable":true,"href":"https:\/\/greenkingdom.ch\/de\/wp-json\/wp\/v2\/product_brand?post=20738"},{"taxonomy":"product_cat","embeddable":true,"href":"https:\/\/greenkingdom.ch\/de\/wp-json\/wp\/v2\/product_cat?post=20738"},{"taxonomy":"product_tag","embeddable":true,"href":"https:\/\/greenkingdom.ch\/de\/wp-json\/wp\/v2\/product_tag?post=20738"}],"curies":[{"name":"wp","href":"https:\/\/api.w.org\/{rel}","templated":true}]}}