{"id":20787,"date":"2024-12-03T13:24:08","date_gmt":"2024-12-03T12:24:08","guid":{"rendered":"https:\/\/greenkingdom.ch\/product\/f-max-amino-nutri-spray-250ml\/"},"modified":"2025-01-02T15:35:07","modified_gmt":"2025-01-02T14:35:07","slug":"f-max-amino-nutri-spray-250ml","status":"publish","type":"product","link":"https:\/\/greenkingdom.ch\/de\/produkt\/f-max-amino-nutri-spray-250ml\/","title":{"rendered":"F-Max Amino Nutri Spray 250ml"},"content":{"rendered":"<p>Amino Nutri Spray Eine einzigartige Einweich- und Blattnahrung auf Basis von L-Aminos\u00e4uren und Algenextrakten. Absolut sicher f\u00fcr Ihre Pflanzen. 100% biologisch <\/p>\n","protected":false},"excerpt":{"rendered":"<p>Amino Nutri Spray Eine einzigartige Einweich- und Blattnahrung auf Basis von L-Aminos\u00e4uren und Algenextrakten. Absolut sicher f\u00fcr Ihre Pflanzen. 100% biologisch<\/p>\n","protected":false},"featured_media":20769,"comment_status":"open","ping_status":"closed","template":"","meta":{"_seopress_robots_primary_cat":"none","_seopress_titles_title":"F-Max Amino Nutri Spray (250ml) - Gr\u00fcnes K\u00f6nigreich","_seopress_titles_desc":"Amino Nutri Spray Eine einzigartige Einweich- und Blattnahrung auf Basis von L-Aminos\u00e4uren und Algenextrakten. Absolut sicher f\u00fcr Ihre Pflanzen. ","_seopress_robots_index":""},"product_brand":[],"product_cat":[682],"product_tag":[686],"class_list":{"0":"post-20787","1":"product","2":"type-product","3":"status-publish","4":"has-post-thumbnail","6":"product_cat-f-max-de","7":"product_tag-f-max-de","10":"instock","11":"taxable","12":"shipping-taxable","13":"purchasable","14":"product-type-simple","15":"product-grid-view"},"_links":{"self":[{"href":"https:\/\/greenkingdom.ch\/de\/wp-json\/wp\/v2\/product\/20787","targetHints":{"allow":["GET"]}}],"collection":[{"href":"https:\/\/greenkingdom.ch\/de\/wp-json\/wp\/v2\/product"}],"about":[{"href":"https:\/\/greenkingdom.ch\/de\/wp-json\/wp\/v2\/types\/product"}],"replies":[{"embeddable":true,"href":"https:\/\/greenkingdom.ch\/de\/wp-json\/wp\/v2\/comments?post=20787"}],"version-history":[{"count":3,"href":"https:\/\/greenkingdom.ch\/de\/wp-json\/wp\/v2\/product\/20787\/revisions"}],"predecessor-version":[{"id":27671,"href":"https:\/\/greenkingdom.ch\/de\/wp-json\/wp\/v2\/product\/20787\/revisions\/27671"}],"wp:featuredmedia":[{"embeddable":true,"href":"https:\/\/greenkingdom.ch\/de\/wp-json\/wp\/v2\/media\/20769"}],"wp:attachment":[{"href":"https:\/\/greenkingdom.ch\/de\/wp-json\/wp\/v2\/media?parent=20787"}],"wp:term":[{"taxonomy":"product_brand","embeddable":true,"href":"https:\/\/greenkingdom.ch\/de\/wp-json\/wp\/v2\/product_brand?post=20787"},{"taxonomy":"product_cat","embeddable":true,"href":"https:\/\/greenkingdom.ch\/de\/wp-json\/wp\/v2\/product_cat?post=20787"},{"taxonomy":"product_tag","embeddable":true,"href":"https:\/\/greenkingdom.ch\/de\/wp-json\/wp\/v2\/product_tag?post=20787"}],"curies":[{"name":"wp","href":"https:\/\/api.w.org\/{rel}","templated":true}]}}