{"id":20799,"date":"2024-12-03T13:32:42","date_gmt":"2024-12-03T12:32:42","guid":{"rendered":"https:\/\/greenkingdom.ch\/product\/f-max-bbk-pure-500ml\/"},"modified":"2025-01-02T15:35:08","modified_gmt":"2025-01-02T14:35:08","slug":"f-max-bbk-pure-500ml","status":"publish","type":"product","link":"https:\/\/greenkingdom.ch\/de\/produkt\/f-max-bbk-pure-500ml\/","title":{"rendered":"F-Max BBK Pure 500ml"},"content":{"rendered":"<h2>BBK-PURE von F-Max Holland<\/h2>\n<h3>Dieser organische Blattd\u00fcnger wird aus hochwertigen Pflanzenextrakten gewonnen und ist ein wahrer Schatz f\u00fcr Ihre Pflanzen.<\/h3>\n<p>BBK-PURE enth\u00e4lt nicht nur die wertvollen N\u00e4hrstoffe, die deine Pflanzen f\u00fcr ein gesundes Wachstum ben\u00f6tigen, sondern hat auch einen zus\u00e4tzlichen Vorteil. Dank der einzigartigen Zugabe von verseiften Fetts\u00e4uren aus Raps\u00f6l bleiben die Bl\u00e4tter Ihrer Pflanzen sch\u00f6n gr\u00fcn und sauber. Sie fragen sich vielleicht, was verseifte Fetts\u00e4uren sind und wof\u00fcr sie verwendet werden. Nun, sie werden sogar im professionellen Gartenbau zur Bek\u00e4mpfung von Weichk\u00f6rperinsekten eingesetzt. Haben Sie schon einmal von Milben, Wei\u00dfen Fliegen und Blattl\u00e4usen geh\u00f6rt? Der BBK-PURE hilft effektiv, diese l\u00e4stigen Sch\u00e4dlinge in Schach zu halten und Deine Pflanzen gesund und stark zu halten. Du willst sicherlich, dass deine Pflanzen hell leuchten, oder? Genau das k\u00f6nnen Sie mit BBK-PURE von F-Max Holland tun. Deine Pflanzen werden es dir f\u00fcr die wertvollen N\u00e4hrstoffe und den Schutz vor Sch\u00e4dlingen danken. Warten Sie also nicht l\u00e4nger! Geben Sie Ihren Pflanzen das Beste, was die Natur zu bieten hat, mit BBK-PURE von F-Max Holland. Holen Sie es sich jetzt und sehen Sie zu, wie Ihre Pflanzen in ihrer ganzen Pracht gedeihen! <\/p>\n","protected":false},"excerpt":{"rendered":"<p>BBK-PURE von F-Max Holland Dieser organische Blattd\u00fcnger wird aus hochwertigen Pflanzenextrakten gewonnen und ist ein wahrer Schatz f\u00fcr Ihre Pflanzen. BBK-PURE enth\u00e4lt nicht nur die wertvollen N\u00e4hrstoffe, die deine Pflanzen f\u00fcr ein gesundes Wachstum ben\u00f6tigen, sondern hat auch einen zus\u00e4tzlichen Vorteil. Dank der einzigartigen Zugabe von verseiften Fetts\u00e4uren aus Raps\u00f6l bleiben die Bl\u00e4tter Ihrer Pflanzen [&hellip;]<\/p>\n","protected":false},"featured_media":20783,"comment_status":"open","ping_status":"closed","template":"","meta":{"_seopress_robots_primary_cat":"none","_seopress_titles_title":"F-Max BBK Pure (500ml) - Gr\u00fcnes K\u00f6nigreich","_seopress_titles_desc":"Dank der einzigartigen Zugabe von verseiften Fetts\u00e4uren aus Raps\u00f6l bleiben die Bl\u00e4tter Ihrer Pflanzen sch\u00f6n gr\u00fcn und sauber.","_seopress_robots_index":""},"product_brand":[],"product_cat":[682],"product_tag":[686],"class_list":{"0":"post-20799","1":"product","2":"type-product","3":"status-publish","4":"has-post-thumbnail","6":"product_cat-f-max-de","7":"product_tag-f-max-de","10":"instock","11":"taxable","12":"shipping-taxable","13":"purchasable","14":"product-type-simple","15":"product-grid-view"},"_links":{"self":[{"href":"https:\/\/greenkingdom.ch\/de\/wp-json\/wp\/v2\/product\/20799","targetHints":{"allow":["GET"]}}],"collection":[{"href":"https:\/\/greenkingdom.ch\/de\/wp-json\/wp\/v2\/product"}],"about":[{"href":"https:\/\/greenkingdom.ch\/de\/wp-json\/wp\/v2\/types\/product"}],"replies":[{"embeddable":true,"href":"https:\/\/greenkingdom.ch\/de\/wp-json\/wp\/v2\/comments?post=20799"}],"version-history":[{"count":3,"href":"https:\/\/greenkingdom.ch\/de\/wp-json\/wp\/v2\/product\/20799\/revisions"}],"predecessor-version":[{"id":27672,"href":"https:\/\/greenkingdom.ch\/de\/wp-json\/wp\/v2\/product\/20799\/revisions\/27672"}],"wp:featuredmedia":[{"embeddable":true,"href":"https:\/\/greenkingdom.ch\/de\/wp-json\/wp\/v2\/media\/20783"}],"wp:attachment":[{"href":"https:\/\/greenkingdom.ch\/de\/wp-json\/wp\/v2\/media?parent=20799"}],"wp:term":[{"taxonomy":"product_brand","embeddable":true,"href":"https:\/\/greenkingdom.ch\/de\/wp-json\/wp\/v2\/product_brand?post=20799"},{"taxonomy":"product_cat","embeddable":true,"href":"https:\/\/greenkingdom.ch\/de\/wp-json\/wp\/v2\/product_cat?post=20799"},{"taxonomy":"product_tag","embeddable":true,"href":"https:\/\/greenkingdom.ch\/de\/wp-json\/wp\/v2\/product_tag?post=20799"}],"curies":[{"name":"wp","href":"https:\/\/api.w.org\/{rel}","templated":true}]}}