{"id":20847,"date":"2024-12-03T13:55:02","date_gmt":"2024-12-03T12:55:02","guid":{"rendered":"https:\/\/greenkingdom.ch\/?post_type=product&#038;p=20847"},"modified":"2025-01-02T15:35:21","modified_gmt":"2025-01-02T14:35:21","slug":"f-max-calmag-250-ml","status":"publish","type":"product","link":"https:\/\/greenkingdom.ch\/de\/produkt\/f-max-calmag-250-ml\/","title":{"rendered":"F-Max Calmag 250ml"},"content":{"rendered":"<p style=\"font-weight: 400;\">CalMag Balance ist ein Produkt auf Calcium\/Magnesium-Basis, das ein perfektes Gleichgewicht bietet, wenn Defizite aufgrund der Verwendung von Umkehrosmose oder demineralisiertem Wasser sowie bei der Verwendung von LED-Beleuchtung oder CO2-Systemen auftreten.<\/p>\n<p style=\"font-weight: 400;\">CalMag sorgt f\u00fcr eine gute N\u00e4hrstoffaufnahme und f\u00f6rdert die Lichtabsorption durch bessere Photosynthese. Das perfekte Calcium\/Magnesium-Verh\u00e4ltnis, wie es im professionellen Gartenbau verwendet wird. Geeignet f\u00fcr alle Untergr\u00fcnde.  <\/p>\n","protected":false},"excerpt":{"rendered":"<p>CalMag Balance ist ein Produkt auf Calcium\/Magnesium-Basis, das ein perfektes Gleichgewicht bietet, wenn Defizite aufgrund der Verwendung von Umkehrosmose oder demineralisiertem Wasser sowie bei der Verwendung von LED-Beleuchtung oder CO2-Systemen auftreten. CalMag sorgt f\u00fcr eine gute N\u00e4hrstoffaufnahme und f\u00f6rdert die Lichtabsorption durch bessere Photosynthese. Das perfekte Calcium\/Magnesium-Verh\u00e4ltnis, wie es im professionellen Gartenbau verwendet wird. Geeignet [&hellip;]<\/p>\n","protected":false},"featured_media":20851,"comment_status":"open","ping_status":"closed","template":"","meta":{"_seopress_robots_primary_cat":"none","_seopress_titles_title":"F-Max Calmag (250ml) - Gr\u00fcnes K\u00f6nigreich","_seopress_titles_desc":"CalMag sorgt f\u00fcr eine gute N\u00e4hrstoffaufnahme und f\u00f6rdert die Lichtabsorption durch bessere Photosynthese. Das perfekte Calcium\/Magnesium-Verh\u00e4ltnis, wie es im professionellen Gartenbau verwendet wird. Geeignet f\u00fcr alle Untergr\u00fcnde.  ","_seopress_robots_index":""},"product_brand":[],"product_cat":[682],"product_tag":[686],"class_list":{"0":"post-20847","1":"product","2":"type-product","3":"status-publish","4":"has-post-thumbnail","6":"product_cat-f-max-de","7":"product_tag-f-max-de","10":"instock","11":"taxable","12":"shipping-taxable","13":"purchasable","14":"product-type-simple","15":"product-grid-view"},"_links":{"self":[{"href":"https:\/\/greenkingdom.ch\/de\/wp-json\/wp\/v2\/product\/20847","targetHints":{"allow":["GET"]}}],"collection":[{"href":"https:\/\/greenkingdom.ch\/de\/wp-json\/wp\/v2\/product"}],"about":[{"href":"https:\/\/greenkingdom.ch\/de\/wp-json\/wp\/v2\/types\/product"}],"replies":[{"embeddable":true,"href":"https:\/\/greenkingdom.ch\/de\/wp-json\/wp\/v2\/comments?post=20847"}],"version-history":[{"count":3,"href":"https:\/\/greenkingdom.ch\/de\/wp-json\/wp\/v2\/product\/20847\/revisions"}],"predecessor-version":[{"id":27687,"href":"https:\/\/greenkingdom.ch\/de\/wp-json\/wp\/v2\/product\/20847\/revisions\/27687"}],"wp:featuredmedia":[{"embeddable":true,"href":"https:\/\/greenkingdom.ch\/de\/wp-json\/wp\/v2\/media\/20851"}],"wp:attachment":[{"href":"https:\/\/greenkingdom.ch\/de\/wp-json\/wp\/v2\/media?parent=20847"}],"wp:term":[{"taxonomy":"product_brand","embeddable":true,"href":"https:\/\/greenkingdom.ch\/de\/wp-json\/wp\/v2\/product_brand?post=20847"},{"taxonomy":"product_cat","embeddable":true,"href":"https:\/\/greenkingdom.ch\/de\/wp-json\/wp\/v2\/product_cat?post=20847"},{"taxonomy":"product_tag","embeddable":true,"href":"https:\/\/greenkingdom.ch\/de\/wp-json\/wp\/v2\/product_tag?post=20847"}],"curies":[{"name":"wp","href":"https:\/\/api.w.org\/{rel}","templated":true}]}}