{"id":20882,"date":"2024-12-03T14:01:07","date_gmt":"2024-12-03T13:01:07","guid":{"rendered":"https:\/\/greenkingdom.ch\/product\/f-max-cleaner-250ml\/"},"modified":"2025-01-02T15:35:24","modified_gmt":"2025-01-02T14:35:24","slug":"f-max-cleaner-250ml","status":"publish","type":"product","link":"https:\/\/greenkingdom.ch\/de\/produkt\/f-max-cleaner-250ml\/","title":{"rendered":"F-Max Reiniger 250ml"},"content":{"rendered":"<p><strong>F-Max Reiniger<\/strong><\/p>\n<p>Das Produkt basiert auf 18,8 % P2O5 und 6,3 % K2O5, um eine Kontamination des Wassersystems und mineralische Ablagerungen im Bew\u00e4sserungssystem oder Tropfsystem zu verhindern. 100% sicher f\u00fcr Pflanzen und Anwender. Speziell f\u00fcr Quellwasser und Leitungswasser. Bei Ber\u00fchrung mit den Augen sofort und gr\u00fcndlich mit Wasser sp\u00fclen und einen Arzt konsultieren. Restmengen entsprechend der empfohlenen Verwendung verwenden.  <\/p>\n","protected":false},"excerpt":{"rendered":"<p>F-Max Reiniger Das Produkt basiert auf 18,8 % P2O5 und 6,3 % K2O5, um eine Kontamination des Wassersystems und mineralische Ablagerungen im Bew\u00e4sserungssystem oder Tropfsystem zu verhindern. 100% sicher f\u00fcr Pflanzen und Anwender. Speziell f\u00fcr Quellwasser und Leitungswasser. Bei Ber\u00fchrung mit den Augen sofort und gr\u00fcndlich mit Wasser sp\u00fclen und einen Arzt konsultieren. Restmengen entsprechend [&hellip;]<\/p>\n","protected":false},"featured_media":20862,"comment_status":"open","ping_status":"closed","template":"","meta":{"_seopress_robots_primary_cat":"none","_seopress_titles_title":"F-Max Reiniger (250ml) - Gr\u00fcnes K\u00f6nigreich","_seopress_titles_desc":"Das Produkt basiert auf 18,8 % P2O5 und 6,3 % K2O5, um eine Kontamination des Wassersystems und mineralische Ablagerungen im Bew\u00e4sserungssystem oder Tropfsystem zu verhindern.","_seopress_robots_index":""},"product_brand":[],"product_cat":[682],"product_tag":[686],"class_list":{"0":"post-20882","1":"product","2":"type-product","3":"status-publish","4":"has-post-thumbnail","6":"product_cat-f-max-de","7":"product_tag-f-max-de","10":"instock","11":"taxable","12":"shipping-taxable","13":"purchasable","14":"product-type-simple","15":"product-grid-view"},"_links":{"self":[{"href":"https:\/\/greenkingdom.ch\/de\/wp-json\/wp\/v2\/product\/20882","targetHints":{"allow":["GET"]}}],"collection":[{"href":"https:\/\/greenkingdom.ch\/de\/wp-json\/wp\/v2\/product"}],"about":[{"href":"https:\/\/greenkingdom.ch\/de\/wp-json\/wp\/v2\/types\/product"}],"replies":[{"embeddable":true,"href":"https:\/\/greenkingdom.ch\/de\/wp-json\/wp\/v2\/comments?post=20882"}],"version-history":[{"count":2,"href":"https:\/\/greenkingdom.ch\/de\/wp-json\/wp\/v2\/product\/20882\/revisions"}],"predecessor-version":[{"id":27693,"href":"https:\/\/greenkingdom.ch\/de\/wp-json\/wp\/v2\/product\/20882\/revisions\/27693"}],"wp:featuredmedia":[{"embeddable":true,"href":"https:\/\/greenkingdom.ch\/de\/wp-json\/wp\/v2\/media\/20862"}],"wp:attachment":[{"href":"https:\/\/greenkingdom.ch\/de\/wp-json\/wp\/v2\/media?parent=20882"}],"wp:term":[{"taxonomy":"product_brand","embeddable":true,"href":"https:\/\/greenkingdom.ch\/de\/wp-json\/wp\/v2\/product_brand?post=20882"},{"taxonomy":"product_cat","embeddable":true,"href":"https:\/\/greenkingdom.ch\/de\/wp-json\/wp\/v2\/product_cat?post=20882"},{"taxonomy":"product_tag","embeddable":true,"href":"https:\/\/greenkingdom.ch\/de\/wp-json\/wp\/v2\/product_tag?post=20882"}],"curies":[{"name":"wp","href":"https:\/\/api.w.org\/{rel}","templated":true}]}}