{"id":20900,"date":"2024-12-03T14:21:22","date_gmt":"2024-12-03T13:21:22","guid":{"rendered":"https:\/\/greenkingdom.ch\/?post_type=product&#038;p=20900"},"modified":"2025-01-02T15:31:47","modified_gmt":"2025-01-02T14:31:47","slug":"f-max-enzyme-10l","status":"publish","type":"product","link":"https:\/\/greenkingdom.ch\/de\/produkt\/f-max-enzyme-10l\/","title":{"rendered":"F-Max Enzym 10L"},"content":{"rendered":"<p>Enzyme erm\u00f6glichen einen schnellen Abbau von abgestorbenem Pflanzenmaterial und ben\u00f6tigen ein biologisches Gleichgewicht. Beschleunigt das Wachstum und den Blutungsprozess. F\u00f6rdert die Zuckersynthese. Es ist gut, das Medium zu drehen.<\/p>\n","protected":false},"excerpt":{"rendered":"<p>Enzyme erm\u00f6glichen einen schnellen Abbau von abgestorbenem Pflanzenmaterial und ben\u00f6tigen ein biologisches Gleichgewicht. Beschleunigt das Wachstum und den Blutungsprozess. F\u00f6rdert die Zuckersynthese. Es ist gut, das Medium zu drehen.<\/p>\n","protected":false},"featured_media":20913,"comment_status":"open","ping_status":"closed","template":"","meta":{"_seopress_robots_primary_cat":"none","_seopress_titles_title":"F-Max Enzym (10L) - Gr\u00fcnes K\u00f6nigreich","_seopress_titles_desc":"Beschleunigt das Wachstum und den Blutungsprozess. F\u00f6rdert die Zuckersynthese. ","_seopress_robots_index":""},"product_brand":[],"product_cat":[682],"product_tag":[686],"class_list":{"0":"post-20900","1":"product","2":"type-product","3":"status-publish","4":"has-post-thumbnail","6":"product_cat-f-max-de","7":"product_tag-f-max-de","10":"instock","11":"taxable","12":"shipping-taxable","13":"purchasable","14":"product-type-simple","15":"product-grid-view"},"_links":{"self":[{"href":"https:\/\/greenkingdom.ch\/de\/wp-json\/wp\/v2\/product\/20900","targetHints":{"allow":["GET"]}}],"collection":[{"href":"https:\/\/greenkingdom.ch\/de\/wp-json\/wp\/v2\/product"}],"about":[{"href":"https:\/\/greenkingdom.ch\/de\/wp-json\/wp\/v2\/types\/product"}],"replies":[{"embeddable":true,"href":"https:\/\/greenkingdom.ch\/de\/wp-json\/wp\/v2\/comments?post=20900"}],"version-history":[{"count":4,"href":"https:\/\/greenkingdom.ch\/de\/wp-json\/wp\/v2\/product\/20900\/revisions"}],"predecessor-version":[{"id":27615,"href":"https:\/\/greenkingdom.ch\/de\/wp-json\/wp\/v2\/product\/20900\/revisions\/27615"}],"wp:featuredmedia":[{"embeddable":true,"href":"https:\/\/greenkingdom.ch\/de\/wp-json\/wp\/v2\/media\/20913"}],"wp:attachment":[{"href":"https:\/\/greenkingdom.ch\/de\/wp-json\/wp\/v2\/media?parent=20900"}],"wp:term":[{"taxonomy":"product_brand","embeddable":true,"href":"https:\/\/greenkingdom.ch\/de\/wp-json\/wp\/v2\/product_brand?post=20900"},{"taxonomy":"product_cat","embeddable":true,"href":"https:\/\/greenkingdom.ch\/de\/wp-json\/wp\/v2\/product_cat?post=20900"},{"taxonomy":"product_tag","embeddable":true,"href":"https:\/\/greenkingdom.ch\/de\/wp-json\/wp\/v2\/product_tag?post=20900"}],"curies":[{"name":"wp","href":"https:\/\/api.w.org\/{rel}","templated":true}]}}