{"id":20921,"date":"2024-12-03T14:26:19","date_gmt":"2024-12-03T13:26:19","guid":{"rendered":"https:\/\/greenkingdom.ch\/?post_type=product&#038;p=20921"},"modified":"2025-01-02T15:31:50","modified_gmt":"2025-01-02T14:31:50","slug":"f-max-essential-kick-1kg","status":"publish","type":"product","link":"https:\/\/greenkingdom.ch\/de\/produkt\/f-max-essential-kick-1kg\/","title":{"rendered":"F-Max Essential Kick 1 Kg"},"content":{"rendered":"<p>Mit diesem speziell entwickelten D\u00fcnger holen Sie das Beste aus dem heraus, was Ihre Pflanzen wollen. Durch das ausgewogene Verh\u00e4ltnis von Stimulanzien, Chelaten und Spurenelementen und die guten NPK-Verh\u00e4ltnisse ist die Aufnahme ideal. Es hat einen hohen Reinheitsgrad und enth\u00e4lt keine Ballaststoffe. Geeignet f\u00fcr alle Obst- und Blumenkulturen und kann auf fast jeder Art von Boden verwendet werden. Kann w\u00e4hrend der gesamten Bl\u00fctezeit verwendet werden. Enth\u00e4lt alle notwendigen Mikro- und Makron\u00e4hrstoffe, Stimulatoren und Polyphosphate. Dosierung: 1 Beutel (75g) \/ 50L Wasser (f\u00fchrt zu einer Erh\u00f6hung des EC 1,6) (PH 5,5 &#8211; 6,5)     <\/p>\n","protected":false},"excerpt":{"rendered":"<p>Mit diesem speziell entwickelten D\u00fcnger holen Sie das Beste aus dem heraus, was Ihre Pflanzen wollen. Durch das ausgewogene Verh\u00e4ltnis von Stimulanzien, Chelaten und Spurenelementen und die guten NPK-Verh\u00e4ltnisse ist die Aufnahme ideal. Es hat einen hohen Reinheitsgrad und enth\u00e4lt keine Ballaststoffe. Geeignet f\u00fcr alle Obst- und Blumenkulturen und kann auf fast jeder Art von [&hellip;]<\/p>\n","protected":false},"featured_media":20925,"comment_status":"open","ping_status":"closed","template":"","meta":{"_seopress_robots_primary_cat":"none","_seopress_titles_title":"F-Max Essential Kick (1 kg) - Gr\u00fcnes K\u00f6nigreich","_seopress_titles_desc":"Mit diesem speziell entwickelten D\u00fcnger holen Sie das Beste aus dem heraus, was Ihre Pflanzen wollen.","_seopress_robots_index":""},"product_brand":[],"product_cat":[682],"product_tag":[686],"class_list":{"0":"post-20921","1":"product","2":"type-product","3":"status-publish","4":"has-post-thumbnail","6":"product_cat-f-max-de","7":"product_tag-f-max-de","10":"instock","11":"taxable","12":"shipping-taxable","13":"purchasable","14":"product-type-simple","15":"product-grid-view"},"_links":{"self":[{"href":"https:\/\/greenkingdom.ch\/de\/wp-json\/wp\/v2\/product\/20921","targetHints":{"allow":["GET"]}}],"collection":[{"href":"https:\/\/greenkingdom.ch\/de\/wp-json\/wp\/v2\/product"}],"about":[{"href":"https:\/\/greenkingdom.ch\/de\/wp-json\/wp\/v2\/types\/product"}],"replies":[{"embeddable":true,"href":"https:\/\/greenkingdom.ch\/de\/wp-json\/wp\/v2\/comments?post=20921"}],"version-history":[{"count":3,"href":"https:\/\/greenkingdom.ch\/de\/wp-json\/wp\/v2\/product\/20921\/revisions"}],"predecessor-version":[{"id":27621,"href":"https:\/\/greenkingdom.ch\/de\/wp-json\/wp\/v2\/product\/20921\/revisions\/27621"}],"wp:featuredmedia":[{"embeddable":true,"href":"https:\/\/greenkingdom.ch\/de\/wp-json\/wp\/v2\/media\/20925"}],"wp:attachment":[{"href":"https:\/\/greenkingdom.ch\/de\/wp-json\/wp\/v2\/media?parent=20921"}],"wp:term":[{"taxonomy":"product_brand","embeddable":true,"href":"https:\/\/greenkingdom.ch\/de\/wp-json\/wp\/v2\/product_brand?post=20921"},{"taxonomy":"product_cat","embeddable":true,"href":"https:\/\/greenkingdom.ch\/de\/wp-json\/wp\/v2\/product_cat?post=20921"},{"taxonomy":"product_tag","embeddable":true,"href":"https:\/\/greenkingdom.ch\/de\/wp-json\/wp\/v2\/product_tag?post=20921"}],"curies":[{"name":"wp","href":"https:\/\/api.w.org\/{rel}","templated":true}]}}