{"id":20969,"date":"2024-12-03T15:02:59","date_gmt":"2024-12-03T14:02:59","guid":{"rendered":"https:\/\/greenkingdom.ch\/?post_type=product&#038;p=20969"},"modified":"2025-01-02T15:31:55","modified_gmt":"2025-01-02T14:31:55","slug":"f-max-final-kick-1-boite","status":"publish","type":"product","link":"https:\/\/greenkingdom.ch\/de\/produkt\/f-max-final-kick-1-boite\/","title":{"rendered":"F-Max Final Kick 1 Schachtel (5x 65g)"},"content":{"rendered":"<p>Der <strong>Final Kick<\/strong> ist ein Bl\u00fctestimulator, der f\u00fcr die letzten drei Wochen der Bl\u00fctezeit entwickelt wurde. Es hilft, den Geschmack, das Volumen und den Ertrag Deiner Pflanzen zu maximieren und optimale Ergebnisse zu erzielen. Dieses Produkt kann mit allen anderen Basisd\u00fcngern verwendet werden und kann auf jede Art von Substrat aufgetragen werden. Der <strong>Final Kick<\/strong> wird im selben Labor und nach der gleichen Formel wie das ber\u00fchmte House &amp; Garden <strong>Schie\u00dfpulver<\/strong> hergestellt. So erg\u00e4nzt dieses Produkt Ihre \u00fcblichen D\u00fcngemittel, indem es die Bl\u00fcte in den letzten entscheidenden Wochen ankurbelt.  <\/p>\n","protected":false},"excerpt":{"rendered":"<p>Der Final Kick ist ein Bl\u00fctestimulator, der f\u00fcr die letzten drei Wochen der Bl\u00fctezeit entwickelt wurde. Es hilft, den Geschmack, das Volumen und den Ertrag Deiner Pflanzen zu maximieren und optimale Ergebnisse zu erzielen. Dieses Produkt kann mit allen anderen Basisd\u00fcngern verwendet werden und kann auf jede Art von Substrat aufgetragen werden. Der Final Kick [&hellip;]<\/p>\n","protected":false},"featured_media":20961,"comment_status":"open","ping_status":"closed","template":"","meta":{"_seopress_robots_primary_cat":"none","_seopress_titles_title":"F-Max Final Kick 1 Box (5x 65g) - Gr\u00fcnes K\u00f6nigreich","_seopress_titles_desc":"Der Final Kick ist ein Stimulator f\u00fcr die Bl\u00fcte. Es hilft, den Geschmack, das Volumen und den Ertrag Deiner Pflanzen zu maximieren und optimale Ergebnisse zu erzielen. ","_seopress_robots_index":""},"product_brand":[],"product_cat":[682],"product_tag":[686],"class_list":{"0":"post-20969","1":"product","2":"type-product","3":"status-publish","4":"has-post-thumbnail","6":"product_cat-f-max-de","7":"product_tag-f-max-de","10":"instock","11":"taxable","12":"shipping-taxable","13":"purchasable","14":"product-type-simple","15":"product-grid-view"},"_links":{"self":[{"href":"https:\/\/greenkingdom.ch\/de\/wp-json\/wp\/v2\/product\/20969","targetHints":{"allow":["GET"]}}],"collection":[{"href":"https:\/\/greenkingdom.ch\/de\/wp-json\/wp\/v2\/product"}],"about":[{"href":"https:\/\/greenkingdom.ch\/de\/wp-json\/wp\/v2\/types\/product"}],"replies":[{"embeddable":true,"href":"https:\/\/greenkingdom.ch\/de\/wp-json\/wp\/v2\/comments?post=20969"}],"version-history":[{"count":3,"href":"https:\/\/greenkingdom.ch\/de\/wp-json\/wp\/v2\/product\/20969\/revisions"}],"predecessor-version":[{"id":27625,"href":"https:\/\/greenkingdom.ch\/de\/wp-json\/wp\/v2\/product\/20969\/revisions\/27625"}],"wp:featuredmedia":[{"embeddable":true,"href":"https:\/\/greenkingdom.ch\/de\/wp-json\/wp\/v2\/media\/20961"}],"wp:attachment":[{"href":"https:\/\/greenkingdom.ch\/de\/wp-json\/wp\/v2\/media?parent=20969"}],"wp:term":[{"taxonomy":"product_brand","embeddable":true,"href":"https:\/\/greenkingdom.ch\/de\/wp-json\/wp\/v2\/product_brand?post=20969"},{"taxonomy":"product_cat","embeddable":true,"href":"https:\/\/greenkingdom.ch\/de\/wp-json\/wp\/v2\/product_cat?post=20969"},{"taxonomy":"product_tag","embeddable":true,"href":"https:\/\/greenkingdom.ch\/de\/wp-json\/wp\/v2\/product_tag?post=20969"}],"curies":[{"name":"wp","href":"https:\/\/api.w.org\/{rel}","templated":true}]}}