{"id":20977,"date":"2024-12-03T15:05:10","date_gmt":"2024-12-03T14:05:10","guid":{"rendered":"https:\/\/greenkingdom.ch\/?post_type=product&#038;p=20977"},"modified":"2025-01-02T15:31:59","modified_gmt":"2025-01-02T14:31:59","slug":"f-max-first-kick-1-kg","status":"publish","type":"product","link":"https:\/\/greenkingdom.ch\/de\/produkt\/f-max-first-kick-1-kg\/","title":{"rendered":"F-Max Erster Tritt 1 kg"},"content":{"rendered":"<p>Der <strong>F-Max First Kick<\/strong> ist die perfekte L\u00f6sung, um Deinen Pflanzen einen guten Start zu erm\u00f6glichen. Speziell f\u00fcr die ersten 7-10 Tage des Wachstums entwickelt, ist sie perfekt f\u00fcr alle in Erde angebauten Fr\u00fcchte und Bl\u00fctenpflanzen. Dieses Produkt ist ein echter Schub f\u00fcr Ihre Pflanzen. Mit seinem leistungsstarken Wurzelstimulator und Bl\u00fchaktivator f\u00f6rdert <strong>First Kick<\/strong> eine schnelle Wurzelentwicklung und sorgt daf\u00fcr, dass Ihre Pflanzen gesund und dynamisch wachsen. Dar\u00fcber hinaus enth\u00e4lt <strong>First Kick<\/strong> alle essentiellen Mikro- und Makron\u00e4hrstoffe sowie Polyphosphate, um sicherzustellen, dass Deine Pflanzen optimale Wachstumsbedingungen haben.  <\/p>\n<h3>Gebrauchsanweisung:<\/h3>\n<ul>\n<li><strong>Dosierung:<\/strong> L\u00f6sen Sie 65 Gramm <strong>First Kick<\/strong> in 50 Litern Wasser auf.<\/li>\n<li><strong>Ergebnis:<\/strong> Nach dem Mischen steigt der EC-Wert in der L\u00f6sung auf 1,2 an, und der pH-Wert sollte zwischen 5,5 und 6,5 gehalten werden.<\/li>\n<\/ul>\n<p>Mit der Verwendung von <strong>First Kick<\/strong> von F-Max gibst Du Deinen Pflanzen einen soliden Start in eine erfolgreiche Ernte. Profitieren Sie vom Know-how von F-Max und geben Sie Ihren Pflanzen den bestm\u00f6glichen Start! <\/p>\n","protected":false},"excerpt":{"rendered":"<p>Der F-Max First Kick ist die perfekte L\u00f6sung, um Deinen Pflanzen einen guten Start zu erm\u00f6glichen. Speziell f\u00fcr die ersten 7-10 Tage des Wachstums entwickelt, ist sie perfekt f\u00fcr alle in Erde angebauten Fr\u00fcchte und Bl\u00fctenpflanzen. Dieses Produkt ist ein echter Schub f\u00fcr Ihre Pflanzen. Mit seinem leistungsstarken Wurzelstimulator und Bl\u00fchaktivator f\u00f6rdert First Kick eine [&hellip;]<\/p>\n","protected":false},"featured_media":20981,"comment_status":"open","ping_status":"closed","template":"","meta":{"_seopress_robots_primary_cat":"none","_seopress_titles_title":"F-Max First Kick (1 kg)- Gr\u00fcnes K\u00f6nigreich","_seopress_titles_desc":"Der F-Max First Kick ist die perfekte L\u00f6sung, um Deinen Pflanzen einen guten Start zu erm\u00f6glichen. Speziell f\u00fcr die ersten 7-10 Tage des Wachstums entwickelt, ist sie perfekt f\u00fcr alle in Erde angebauten Fr\u00fcchte und Bl\u00fctenpflanzen. Dieses Produkt ist ein echter Schub f\u00fcr Ihre Pflanzen.  ","_seopress_robots_index":""},"product_brand":[],"product_cat":[682],"product_tag":[686],"class_list":{"0":"post-20977","1":"product","2":"type-product","3":"status-publish","4":"has-post-thumbnail","6":"product_cat-f-max-de","7":"product_tag-f-max-de","10":"instock","11":"taxable","12":"shipping-taxable","13":"purchasable","14":"product-type-simple","15":"product-grid-view"},"_links":{"self":[{"href":"https:\/\/greenkingdom.ch\/de\/wp-json\/wp\/v2\/product\/20977","targetHints":{"allow":["GET"]}}],"collection":[{"href":"https:\/\/greenkingdom.ch\/de\/wp-json\/wp\/v2\/product"}],"about":[{"href":"https:\/\/greenkingdom.ch\/de\/wp-json\/wp\/v2\/types\/product"}],"replies":[{"embeddable":true,"href":"https:\/\/greenkingdom.ch\/de\/wp-json\/wp\/v2\/comments?post=20977"}],"version-history":[{"count":3,"href":"https:\/\/greenkingdom.ch\/de\/wp-json\/wp\/v2\/product\/20977\/revisions"}],"predecessor-version":[{"id":27631,"href":"https:\/\/greenkingdom.ch\/de\/wp-json\/wp\/v2\/product\/20977\/revisions\/27631"}],"wp:featuredmedia":[{"embeddable":true,"href":"https:\/\/greenkingdom.ch\/de\/wp-json\/wp\/v2\/media\/20981"}],"wp:attachment":[{"href":"https:\/\/greenkingdom.ch\/de\/wp-json\/wp\/v2\/media?parent=20977"}],"wp:term":[{"taxonomy":"product_brand","embeddable":true,"href":"https:\/\/greenkingdom.ch\/de\/wp-json\/wp\/v2\/product_brand?post=20977"},{"taxonomy":"product_cat","embeddable":true,"href":"https:\/\/greenkingdom.ch\/de\/wp-json\/wp\/v2\/product_cat?post=20977"},{"taxonomy":"product_tag","embeddable":true,"href":"https:\/\/greenkingdom.ch\/de\/wp-json\/wp\/v2\/product_tag?post=20977"}],"curies":[{"name":"wp","href":"https:\/\/api.w.org\/{rel}","templated":true}]}}