{"id":20989,"date":"2024-12-03T15:09:00","date_gmt":"2024-12-03T14:09:00","guid":{"rendered":"https:\/\/greenkingdom.ch\/?post_type=product&#038;p=20989"},"modified":"2025-01-02T15:32:04","modified_gmt":"2025-01-02T14:32:04","slug":"f-max-garlic-1-l","status":"publish","type":"product","link":"https:\/\/greenkingdom.ch\/de\/produkt\/f-max-garlic-1-l\/","title":{"rendered":"F-Max Knoblauch+N 1L"},"content":{"rendered":"<p><strong>Garlic Bug Control<\/strong> ist eine nat\u00fcrliche Pflanzenschutzl\u00f6sung, die entwickelt wurde, um Spinnmilben, Thripse und andere saugende Insekten effektiv zu bek\u00e4mpfen. Dieses Produkt bek\u00e4mpft dank seiner Formel auf Knoblauch- und Sojabasis auch Mehltau und verschiedene Pilze. Durch die direkte Absorption \u00fcber die Wurzeln und Bl\u00e4tter diffundiert <strong>Garlic Bug Control<\/strong> in den Pflanzensaft, um einen langanhaltenden, nat\u00fcrlichen Schutz gegen diese Sch\u00e4dlinge zu bieten. Ein idealer Verb\u00fcndeter, um Ihre Pflanzen auf \u00f6kologische Weise gesund und gesch\u00fctzt zu halten. <\/p>\n","protected":false},"excerpt":{"rendered":"<p>Garlic Bug Control ist eine nat\u00fcrliche Pflanzenschutzl\u00f6sung, die entwickelt wurde, um Spinnmilben, Thripse und andere saugende Insekten effektiv zu bek\u00e4mpfen. Dieses Produkt bek\u00e4mpft dank seiner Formel auf Knoblauch- und Sojabasis auch Mehltau und verschiedene Pilze. Durch die direkte Absorption \u00fcber die Wurzeln und Bl\u00e4tter diffundiert Garlic Bug Control in den Pflanzensaft, um einen langanhaltenden, nat\u00fcrlichen [&hellip;]<\/p>\n","protected":false},"featured_media":20993,"comment_status":"open","ping_status":"closed","template":"","meta":{"_seopress_robots_primary_cat":"none","_seopress_titles_title":"F-Max Knoblauch+N (1L) - Gr\u00fcnes K\u00f6nigreich","_seopress_titles_desc":"Garlic Bug Control ist eine nat\u00fcrliche Pflanzenschutzl\u00f6sung, die entwickelt wurde, um Spinnmilben, Thripse und andere saugende Insekten effektiv zu bek\u00e4mpfen. Dieses Produkt bek\u00e4mpft dank seiner Formel auf Knoblauch- und Sojabasis auch Mehltau und verschiedene Pilze. ","_seopress_robots_index":""},"product_brand":[],"product_cat":[682],"product_tag":[686],"class_list":{"0":"post-20989","1":"product","2":"type-product","3":"status-publish","4":"has-post-thumbnail","6":"product_cat-f-max-de","7":"product_tag-f-max-de","10":"instock","11":"taxable","12":"shipping-taxable","13":"purchasable","14":"product-type-simple","15":"product-grid-view"},"_links":{"self":[{"href":"https:\/\/greenkingdom.ch\/de\/wp-json\/wp\/v2\/product\/20989","targetHints":{"allow":["GET"]}}],"collection":[{"href":"https:\/\/greenkingdom.ch\/de\/wp-json\/wp\/v2\/product"}],"about":[{"href":"https:\/\/greenkingdom.ch\/de\/wp-json\/wp\/v2\/types\/product"}],"replies":[{"embeddable":true,"href":"https:\/\/greenkingdom.ch\/de\/wp-json\/wp\/v2\/comments?post=20989"}],"version-history":[{"count":4,"href":"https:\/\/greenkingdom.ch\/de\/wp-json\/wp\/v2\/product\/20989\/revisions"}],"predecessor-version":[{"id":27636,"href":"https:\/\/greenkingdom.ch\/de\/wp-json\/wp\/v2\/product\/20989\/revisions\/27636"}],"wp:featuredmedia":[{"embeddable":true,"href":"https:\/\/greenkingdom.ch\/de\/wp-json\/wp\/v2\/media\/20993"}],"wp:attachment":[{"href":"https:\/\/greenkingdom.ch\/de\/wp-json\/wp\/v2\/media?parent=20989"}],"wp:term":[{"taxonomy":"product_brand","embeddable":true,"href":"https:\/\/greenkingdom.ch\/de\/wp-json\/wp\/v2\/product_brand?post=20989"},{"taxonomy":"product_cat","embeddable":true,"href":"https:\/\/greenkingdom.ch\/de\/wp-json\/wp\/v2\/product_cat?post=20989"},{"taxonomy":"product_tag","embeddable":true,"href":"https:\/\/greenkingdom.ch\/de\/wp-json\/wp\/v2\/product_tag?post=20989"}],"curies":[{"name":"wp","href":"https:\/\/api.w.org\/{rel}","templated":true}]}}