{"id":21076,"date":"2024-12-03T15:25:35","date_gmt":"2024-12-03T14:25:35","guid":{"rendered":"https:\/\/greenkingdom.ch\/?post_type=product&#038;p=21076"},"modified":"2025-01-02T15:29:16","modified_gmt":"2025-01-02T14:29:16","slug":"f-max-pk-boost-250-ml","status":"publish","type":"product","link":"https:\/\/greenkingdom.ch\/de\/produkt\/f-max-pk-boost-250-ml\/","title":{"rendered":"F-Max PK Boost 250ml"},"content":{"rendered":"<p><strong>PK Boost F-Max<\/strong> ist ein Bl\u00fctenstimulator, der mit Phosphor und Kalium formuliert und mit EDDHA-Fe angereichert ist. Dieses Produkt wurde entwickelt, um eine optimale Bl\u00fcte zu f\u00f6rdern und das Wachstum gro\u00dfer Bl\u00fcten und Fr\u00fcchte zu stimulieren. <strong>PK Boost<\/strong> enth\u00e4lt keine Fasern und eignet sich daher besonders f\u00fcr Bew\u00e4sserungssysteme, da es eine reibungslose und effiziente Anwendung gew\u00e4hrleistet, ohne Ihre Einrichtungen zu verstopfen. Eine ideale Wahl, um den Ertrag Deiner Pflanzen w\u00e4hrend der Bl\u00fctephase zu maximieren  <\/p>\n","protected":false},"excerpt":{"rendered":"<p>PK Boost F-Max ist ein Bl\u00fctenstimulator, der mit Phosphor und Kalium formuliert und mit EDDHA-Fe angereichert ist. Dieses Produkt wurde entwickelt, um eine optimale Bl\u00fcte zu f\u00f6rdern und das Wachstum gro\u00dfer Bl\u00fcten und Fr\u00fcchte zu stimulieren. PK Boost enth\u00e4lt keine Fasern und eignet sich daher besonders f\u00fcr Bew\u00e4sserungssysteme, da es eine reibungslose und effiziente Anwendung [&hellip;]<\/p>\n","protected":false},"featured_media":21080,"comment_status":"open","ping_status":"closed","template":"","meta":{"_seopress_robots_primary_cat":"none","_seopress_titles_title":"F-Max Pk Boost (250ml) - Gr\u00fcnes K\u00f6nigreich","_seopress_titles_desc":"Dieses Produkt wurde entwickelt, um eine optimale Bl\u00fcte zu f\u00f6rdern und das Wachstum gro\u00dfer Bl\u00fcten und Fr\u00fcchte zu stimulieren.","_seopress_robots_index":""},"product_brand":[],"product_cat":[682],"product_tag":[686],"class_list":{"0":"post-21076","1":"product","2":"type-product","3":"status-publish","4":"has-post-thumbnail","6":"product_cat-f-max-de","7":"product_tag-f-max-de","10":"instock","11":"taxable","12":"shipping-taxable","13":"purchasable","14":"product-type-simple","15":"product-grid-view"},"_links":{"self":[{"href":"https:\/\/greenkingdom.ch\/de\/wp-json\/wp\/v2\/product\/21076","targetHints":{"allow":["GET"]}}],"collection":[{"href":"https:\/\/greenkingdom.ch\/de\/wp-json\/wp\/v2\/product"}],"about":[{"href":"https:\/\/greenkingdom.ch\/de\/wp-json\/wp\/v2\/types\/product"}],"replies":[{"embeddable":true,"href":"https:\/\/greenkingdom.ch\/de\/wp-json\/wp\/v2\/comments?post=21076"}],"version-history":[{"count":4,"href":"https:\/\/greenkingdom.ch\/de\/wp-json\/wp\/v2\/product\/21076\/revisions"}],"predecessor-version":[{"id":27559,"href":"https:\/\/greenkingdom.ch\/de\/wp-json\/wp\/v2\/product\/21076\/revisions\/27559"}],"wp:featuredmedia":[{"embeddable":true,"href":"https:\/\/greenkingdom.ch\/de\/wp-json\/wp\/v2\/media\/21080"}],"wp:attachment":[{"href":"https:\/\/greenkingdom.ch\/de\/wp-json\/wp\/v2\/media?parent=21076"}],"wp:term":[{"taxonomy":"product_brand","embeddable":true,"href":"https:\/\/greenkingdom.ch\/de\/wp-json\/wp\/v2\/product_brand?post=21076"},{"taxonomy":"product_cat","embeddable":true,"href":"https:\/\/greenkingdom.ch\/de\/wp-json\/wp\/v2\/product_cat?post=21076"},{"taxonomy":"product_tag","embeddable":true,"href":"https:\/\/greenkingdom.ch\/de\/wp-json\/wp\/v2\/product_tag?post=21076"}],"curies":[{"name":"wp","href":"https:\/\/api.w.org\/{rel}","templated":true}]}}