{"id":21116,"date":"2024-12-03T15:32:18","date_gmt":"2024-12-03T14:32:18","guid":{"rendered":"https:\/\/greenkingdom.ch\/?post_type=product&#038;p=21116"},"modified":"2025-01-02T15:29:18","modified_gmt":"2025-01-02T14:29:18","slug":"f-max-root-expander-1l","status":"publish","type":"product","link":"https:\/\/greenkingdom.ch\/de\/produkt\/f-max-root-expander-1l\/","title":{"rendered":"F-Max Wurzelexpander 1L"},"content":{"rendered":"<p><strong>F-Max Roots Expander<\/strong> ist ein leistungsstarker Wurzelstimulator, der eine schnelle und kr\u00e4ftige Wurzelproduktion f\u00f6rdert. Es sorgt f\u00fcr eine optimale Aufnahme von Wasser und N\u00e4hrstoffen, sch\u00fctzt vor Keimen und stimuliert das Wachstum n\u00fctzlicher Bodenorganismen. Dieses Produkt tr\u00e4gt somit dazu bei, die allgemeine Gesundheit Ihrer Pflanzen zu verbessern, indem es ihr Wurzelsystem st\u00e4rkt.  <\/p>\n<h3>Produktinhalt:<\/h3>\n<ul>\n<li><strong>Humins\u00e4uren<\/strong><\/li>\n<li><strong>Auxin<\/strong><\/li>\n<li><strong>Aminos\u00e4uren<\/strong><\/li>\n<li><strong>Protein<\/strong><\/li>\n<\/ul>\n<p><strong>Roots Expander<\/strong> ist 100% umweltfreundlich und bietet eine nat\u00fcrliche und effektive L\u00f6sung, um Ihre Wurzeln zu stimulieren und das Wachstum Ihrer Pflanzen zu optimieren.<\/p>\n","protected":false},"excerpt":{"rendered":"<p>F-Max Roots Expander ist ein leistungsstarker Wurzelstimulator, der eine schnelle und kr\u00e4ftige Wurzelproduktion f\u00f6rdert. Es sorgt f\u00fcr eine optimale Aufnahme von Wasser und N\u00e4hrstoffen, sch\u00fctzt vor Keimen und stimuliert das Wachstum n\u00fctzlicher Bodenorganismen. Dieses Produkt tr\u00e4gt somit dazu bei, die allgemeine Gesundheit Ihrer Pflanzen zu verbessern, indem es ihr Wurzelsystem st\u00e4rkt. Produktinhalt: Humins\u00e4uren Auxin Aminos\u00e4uren [&hellip;]<\/p>\n","protected":false},"featured_media":21120,"comment_status":"open","ping_status":"closed","template":"","meta":{"_seopress_robots_primary_cat":"none","_seopress_titles_title":"F-Max Root Expander (1L) - Gr\u00fcnes K\u00f6nigreich","_seopress_titles_desc":"Roots Expander ist 100% umweltfreundlich und bietet eine nat\u00fcrliche und effektive L\u00f6sung, um Ihre Wurzeln zu stimulieren und das Wachstum Ihrer Pflanzen zu optimieren.","_seopress_robots_index":""},"product_brand":[],"product_cat":[682],"product_tag":[686],"class_list":{"0":"post-21116","1":"product","2":"type-product","3":"status-publish","4":"has-post-thumbnail","6":"product_cat-f-max-de","7":"product_tag-f-max-de","10":"instock","11":"taxable","12":"shipping-taxable","13":"purchasable","14":"product-type-simple","15":"product-grid-view"},"_links":{"self":[{"href":"https:\/\/greenkingdom.ch\/de\/wp-json\/wp\/v2\/product\/21116","targetHints":{"allow":["GET"]}}],"collection":[{"href":"https:\/\/greenkingdom.ch\/de\/wp-json\/wp\/v2\/product"}],"about":[{"href":"https:\/\/greenkingdom.ch\/de\/wp-json\/wp\/v2\/types\/product"}],"replies":[{"embeddable":true,"href":"https:\/\/greenkingdom.ch\/de\/wp-json\/wp\/v2\/comments?post=21116"}],"version-history":[{"count":3,"href":"https:\/\/greenkingdom.ch\/de\/wp-json\/wp\/v2\/product\/21116\/revisions"}],"predecessor-version":[{"id":27562,"href":"https:\/\/greenkingdom.ch\/de\/wp-json\/wp\/v2\/product\/21116\/revisions\/27562"}],"wp:featuredmedia":[{"embeddable":true,"href":"https:\/\/greenkingdom.ch\/de\/wp-json\/wp\/v2\/media\/21120"}],"wp:attachment":[{"href":"https:\/\/greenkingdom.ch\/de\/wp-json\/wp\/v2\/media?parent=21116"}],"wp:term":[{"taxonomy":"product_brand","embeddable":true,"href":"https:\/\/greenkingdom.ch\/de\/wp-json\/wp\/v2\/product_brand?post=21116"},{"taxonomy":"product_cat","embeddable":true,"href":"https:\/\/greenkingdom.ch\/de\/wp-json\/wp\/v2\/product_cat?post=21116"},{"taxonomy":"product_tag","embeddable":true,"href":"https:\/\/greenkingdom.ch\/de\/wp-json\/wp\/v2\/product_tag?post=21116"}],"curies":[{"name":"wp","href":"https:\/\/api.w.org\/{rel}","templated":true}]}}