{"id":21180,"date":"2024-12-03T15:49:19","date_gmt":"2024-12-03T14:49:19","guid":{"rendered":"https:\/\/greenkingdom.ch\/?post_type=product&#038;p=21180"},"modified":"2025-01-02T15:29:33","modified_gmt":"2025-01-02T14:29:33","slug":"f-max-royal-ab-20l-tout-substrat","status":"publish","type":"product","link":"https:\/\/greenkingdom.ch\/de\/produkt\/f-max-royal-ab-20l-tout-substrat\/","title":{"rendered":"F-Max Royal A+B 20L (alle Substrate)"},"content":{"rendered":"<p><strong>Royal A+B<\/strong> von F-Max ist ein hochkonzentrierter biomineralischer D\u00fcnger, der speziell f\u00fcr das Wachstum und die Bl\u00fcte von Pflanzen in <strong>Cocos<\/strong>, <strong>Hydroponics<\/strong>, <strong>Mapito<\/strong> und <strong>Erde<\/strong> entwickelt wurde. Dieses Produkt ist mit hochwertigen Rohstoffen angereichert und liefert alle essentiellen Makro- und Mikron\u00e4hrstoffe, um ein kr\u00e4ftiges Wachstum und eine \u00fcppige Bl\u00fcte zu f\u00f6rdern. <strong>Royale A+B<\/strong> enth\u00e4lt keine Ballaststoffe und eignet sich daher besonders f\u00fcr Bew\u00e4sserungssysteme, um eine reibungslose und verstopfungsfreie Anwendung zu gew\u00e4hrleisten. Eine Komplettl\u00f6sung, um den Ertrag Ihrer Pflanzen zu maximieren und gleichzeitig eine optimale Pflanzenentwicklung in jeder Phase ihres Zyklus zu gew\u00e4hrleisten. <\/p>\n","protected":false},"excerpt":{"rendered":"<p>Royal A+B von F-Max ist ein hochkonzentrierter biomineralischer D\u00fcnger, der speziell f\u00fcr das Wachstum und die Bl\u00fcte von Pflanzen in Cocos, Hydroponics, Mapito und Erde entwickelt wurde. Dieses Produkt ist mit hochwertigen Rohstoffen angereichert und liefert alle essentiellen Makro- und Mikron\u00e4hrstoffe, um ein kr\u00e4ftiges Wachstum und eine \u00fcppige Bl\u00fcte zu f\u00f6rdern. Royale A+B enth\u00e4lt keine [&hellip;]<\/p>\n","protected":false},"featured_media":21184,"comment_status":"open","ping_status":"closed","template":"","meta":{"_seopress_robots_primary_cat":"none","_seopress_titles_title":"F-Max Royal A+B (Alle Substrate) (20L) - Gr\u00fcnes K\u00f6nigreich","_seopress_titles_desc":"Royal A+B von F-Max ist ein hochkonzentrierter biomineralischer D\u00fcnger, der speziell f\u00fcr das Wachstum und die Bl\u00fcte von Pflanzen in Cocos, Hydroponics, Mapito und Erde entwickelt wurde.","_seopress_robots_index":""},"product_brand":[],"product_cat":[682],"product_tag":[686],"class_list":{"0":"post-21180","1":"product","2":"type-product","3":"status-publish","4":"has-post-thumbnail","6":"product_cat-f-max-de","7":"product_tag-f-max-de","10":"instock","11":"taxable","12":"shipping-taxable","13":"purchasable","14":"product-type-simple","15":"product-grid-view"},"_links":{"self":[{"href":"https:\/\/greenkingdom.ch\/de\/wp-json\/wp\/v2\/product\/21180","targetHints":{"allow":["GET"]}}],"collection":[{"href":"https:\/\/greenkingdom.ch\/de\/wp-json\/wp\/v2\/product"}],"about":[{"href":"https:\/\/greenkingdom.ch\/de\/wp-json\/wp\/v2\/types\/product"}],"replies":[{"embeddable":true,"href":"https:\/\/greenkingdom.ch\/de\/wp-json\/wp\/v2\/comments?post=21180"}],"version-history":[{"count":4,"href":"https:\/\/greenkingdom.ch\/de\/wp-json\/wp\/v2\/product\/21180\/revisions"}],"predecessor-version":[{"id":27582,"href":"https:\/\/greenkingdom.ch\/de\/wp-json\/wp\/v2\/product\/21180\/revisions\/27582"}],"wp:featuredmedia":[{"embeddable":true,"href":"https:\/\/greenkingdom.ch\/de\/wp-json\/wp\/v2\/media\/21184"}],"wp:attachment":[{"href":"https:\/\/greenkingdom.ch\/de\/wp-json\/wp\/v2\/media?parent=21180"}],"wp:term":[{"taxonomy":"product_brand","embeddable":true,"href":"https:\/\/greenkingdom.ch\/de\/wp-json\/wp\/v2\/product_brand?post=21180"},{"taxonomy":"product_cat","embeddable":true,"href":"https:\/\/greenkingdom.ch\/de\/wp-json\/wp\/v2\/product_cat?post=21180"},{"taxonomy":"product_tag","embeddable":true,"href":"https:\/\/greenkingdom.ch\/de\/wp-json\/wp\/v2\/product_tag?post=21180"}],"curies":[{"name":"wp","href":"https:\/\/api.w.org\/{rel}","templated":true}]}}