{"id":21208,"date":"2024-12-03T15:57:40","date_gmt":"2024-12-03T14:57:40","guid":{"rendered":"https:\/\/greenkingdom.ch\/?post_type=product&#038;p=21208"},"modified":"2025-01-02T15:29:34","modified_gmt":"2025-01-02T14:29:34","slug":"f-max-royal-terra-5l","status":"publish","type":"product","link":"https:\/\/greenkingdom.ch\/de\/produkt\/f-max-royal-terra-5l\/","title":{"rendered":"F-Max Royal Terra 5L"},"content":{"rendered":"<p><strong>Royal Terra 1<\/strong> von F-Max ist ein N.P.K. Biominerald\u00fcnger, der speziell entwickelt wurde, um das Wachstum und die Bl\u00fcte von Pflanzen im <strong>Boden<\/strong> zu f\u00f6rdern. Dieses Produkt ist mit hochwertigen Rohstoffen angereichert und liefert alle Makro- und Mikron\u00e4hrstoffe, die f\u00fcr ein optimales Wachstum und eine gro\u00dfz\u00fcgige Bl\u00fcte unerl\u00e4sslich sind. <strong>Royal Terra 1<\/strong> enth\u00e4lt keine Ballaststoffe und ist daher ideal f\u00fcr Bew\u00e4sserungssysteme, die eine reibungslose und effiziente Anwendung gew\u00e4hrleisten. Es liefert au\u00dfergew\u00f6hnliche Ergebnisse, insbesondere auf kalkhaltigen B\u00f6den, und maximiert die Gesundheit und den Ertrag der Pflanzen. Eine perfekte Wahl f\u00fcr starke Pflanzen und eine \u00fcppige Bl\u00fcte. <\/p>\n","protected":false},"excerpt":{"rendered":"<p>Royal Terra 1 von F-Max ist ein N.P.K. Biominerald\u00fcnger, der speziell entwickelt wurde, um das Wachstum und die Bl\u00fcte von Pflanzen im Boden zu f\u00f6rdern. Dieses Produkt ist mit hochwertigen Rohstoffen angereichert und liefert alle Makro- und Mikron\u00e4hrstoffe, die f\u00fcr ein optimales Wachstum und eine gro\u00dfz\u00fcgige Bl\u00fcte unerl\u00e4sslich sind. Royal Terra 1 enth\u00e4lt keine Ballaststoffe [&hellip;]<\/p>\n","protected":false},"featured_media":21212,"comment_status":"open","ping_status":"closed","template":"","meta":{"_seopress_robots_primary_cat":"none","_seopress_titles_title":"F-Max Royal Terra (5L) - Gr\u00fcnes K\u00f6nigreich","_seopress_titles_desc":"Royal Terra 1 von F-Max ist ein N.P.K. Biominerald\u00fcnger, der speziell entwickelt wurde, um das Wachstum und die Bl\u00fcte von Pflanzen im Boden zu f\u00f6rdern.","_seopress_robots_index":""},"product_brand":[],"product_cat":[682],"product_tag":[686],"class_list":{"0":"post-21208","1":"product","2":"type-product","3":"status-publish","4":"has-post-thumbnail","6":"product_cat-f-max-de","7":"product_tag-f-max-de","10":"instock","11":"taxable","12":"shipping-taxable","13":"purchasable","14":"product-type-simple","15":"product-grid-view"},"_links":{"self":[{"href":"https:\/\/greenkingdom.ch\/de\/wp-json\/wp\/v2\/product\/21208","targetHints":{"allow":["GET"]}}],"collection":[{"href":"https:\/\/greenkingdom.ch\/de\/wp-json\/wp\/v2\/product"}],"about":[{"href":"https:\/\/greenkingdom.ch\/de\/wp-json\/wp\/v2\/types\/product"}],"replies":[{"embeddable":true,"href":"https:\/\/greenkingdom.ch\/de\/wp-json\/wp\/v2\/comments?post=21208"}],"version-history":[{"count":3,"href":"https:\/\/greenkingdom.ch\/de\/wp-json\/wp\/v2\/product\/21208\/revisions"}],"predecessor-version":[{"id":27583,"href":"https:\/\/greenkingdom.ch\/de\/wp-json\/wp\/v2\/product\/21208\/revisions\/27583"}],"wp:featuredmedia":[{"embeddable":true,"href":"https:\/\/greenkingdom.ch\/de\/wp-json\/wp\/v2\/media\/21212"}],"wp:attachment":[{"href":"https:\/\/greenkingdom.ch\/de\/wp-json\/wp\/v2\/media?parent=21208"}],"wp:term":[{"taxonomy":"product_brand","embeddable":true,"href":"https:\/\/greenkingdom.ch\/de\/wp-json\/wp\/v2\/product_brand?post=21208"},{"taxonomy":"product_cat","embeddable":true,"href":"https:\/\/greenkingdom.ch\/de\/wp-json\/wp\/v2\/product_cat?post=21208"},{"taxonomy":"product_tag","embeddable":true,"href":"https:\/\/greenkingdom.ch\/de\/wp-json\/wp\/v2\/product_tag?post=21208"}],"curies":[{"name":"wp","href":"https:\/\/api.w.org\/{rel}","templated":true}]}}